{"id":1732,"date":"2024-10-08T10:14:18","date_gmt":"2024-10-08T07:14:18","guid":{"rendered":"https:\/\/hossanlumo.fi\/cafe-shop\/"},"modified":"2025-10-26T16:23:44","modified_gmt":"2025-10-26T14:23:44","slug":"cafe-shop","status":"publish","type":"page","link":"https:\/\/www.hossanlumo.fi\/de\/cafe-shop\/","title":{"rendered":"Caf\u00e9 &amp; Shop"},"content":{"rendered":"<h1>Shop &amp; Caf\u00e9<\/h1>\n<h2><span>Von Mitte Mai bis Ende Oktober<\/span><\/h2>\n<div>\n<h2>F\u00fcr den Winter <span class=\"uk-text-primary\">geschlossen<\/span> <\/h2>\n<p>Wir sind jetzt f\u00fcr den Winter geschlossen. Bis Mai!<\/p>\n<div>\n<p>Unser Minimarkt mit Caf\u00e9 hei\u00dft Sie <strong>von Mai bis Ende Oktober<\/strong> willkommen.<\/p>\n<p>In unserem Laden finden Sie eine gute Auswahl an Dingen des t\u00e4glichen Bedarfs, Zutaten zum Kochen am Lagerfeuer sowie s\u00fc\u00dfe und herzhafte Snacks. Au\u00dferdem bieten wir Fertiggerichte, Tiefk\u00fchlpizzen und andere einfache Optionen \u2013 perfekt nach einem langen Wandertag. Bitte beachten Sie, dass wir nur wenige frische Gem\u00fcse im Sortiment haben. Wir empfehlen daher, diese auf dem Weg nach Hossa zu kaufen.<\/p>\n<p>Bier, Cider und Longdrinks k\u00f6nnen Sie bei uns zum Mitnehmen kaufen oder direkt in unserem Caf\u00e9\/Bar genie\u00dfen. Neben den klassischen finnischen Bieren f\u00fchren wir auch eine Auswahl hochwertiger Importbiere.<\/p>\n<p>In unseren Regalen finden Sie zudem \u00f6kologische Produkte wie finnische, biologisch abbaubare Hygieneartikel und handgemachte, umweltfreundliche Seifen.<\/p>\n<p>Als Souvenirs bieten wir m\u00f6glichst viele lokal gefertigte und in Finnland hergestellte Produkte an \u2013 stets mit Blick auf Nachhaltigkeit.<\/p>\n<p>W\u00e4hrend Ihres Einkaufs k\u00f6nnen Sie eine Pause einlegen und eine Tasse Kaffee oder Tee mit einem k\u00f6stlichen Geb\u00e4ck genie\u00dfen, das f\u00fcr uns von <strong>The French Caf\u00e9 in Kuusamo<\/strong> gebacken wird. Oder entspannen Sie sich auf unserer <strong>Seeblick-Terrasse<\/strong> mit einem erfrischenden Getr\u00e4nk und dem Gesang der V\u00f6gel.<\/p>\n<p>Bitte beachten Sie, dass unser Gesch\u00e4ft <strong>das einzige in der Region Hossa<\/strong> ist. Au\u00dferhalb unserer \u00d6ffnungssaison empfehlen wir, Ihre Eink\u00e4ufe in <strong>Suomussalmi<\/strong> (bei Anreise aus dem S\u00fcden) oder in <strong>Kuusamo<\/strong> (bei Anreise aus dem Norden) zu erledigen.<\/p>\n<\/div>\n<\/div>\n<ul>\n<li>\n<p>        <img decoding=\"async\" src=\"\/wp-content\/uploads\/2025\/08\/20250523_143803-scaled.jpg\" alt=\"Kaupan valikoima\"><\/p>\n<h3>Gute Auswahl an Basisprodukten<\/h3>\n<div>\n<p>In unserem Laden finden Sie eine gute Auswahl an Grundbedarf, Campingnahrung sowie s\u00fc\u00dfen und herzhaften Snacks.<\/p>\n<\/div>\n<\/li>\n<li>\n<p>        <img decoding=\"async\" src=\"\/wp-content\/uploads\/2025\/08\/kahvio-scaled.jpg\" alt=\"Kahvio\"><\/p>\n<h3>Caf\u00e9 und terrasse<\/h3>\n<div>\n<p>Unsere Terrasse mit Seeblick ist im Sommer ge\u00f6ffnet. Die Leckereien unseres Caf\u00e9s werden f\u00fcr uns von der franz\u00f6sischen B\u00e4ckerei <strong>The French Caf\u00e9 Oy<\/strong> in Kuusamo gebacken, und in der Kanne duftet Bio-Kaffee von <strong>L\u00f6fbergs<\/strong>.<\/p>\n<\/div>\n<\/li>\n<li>\n<p>        <img decoding=\"async\" src=\"\/wp-content\/uploads\/2024\/10\/naturette-tuotteet.jpg\" alt=\"\"><\/p>\n<h3>Souvenirs<\/h3>\n<div>\n<p>Als Souvenirs versuchen wir, so viele lokale Produkte wie m\u00f6glich anzubieten.<\/p>\n<\/div>\n<\/li>\n<\/ul>\n<p><!--more--><br \/>\n<!-- {\"type\":\"layout\",\"children\":[{\"type\":\"section\",\"props\":{\"header_transparent\":false,\"header_transparent_noplaceholder\":true,\"height\":\"viewport\",\"height_offset_top\":true,\"height_viewport\":90,\"image\":\"wp-content\\\/uploads\\\/2024\\\/10\\\/rantamaisema-hossanlumo-e1744292136122.jpg\",\"image_effect\":\"parallax\",\"image_loading\":true,\"image_parallax_bgy\":\"400\",\"image_position\":\"center-center\",\"image_size\":\"cover\",\"media_focal_point\":\"center-left\",\"media_overlay\":\"rgba(0, 0, 0, 0.19)\",\"style\":\"default\",\"text_color\":\"light\",\"title_breakpoint\":\"xl\",\"title_position\":\"top-left\",\"title_rotation\":\"left\",\"vertical_align\":\"middle\",\"width\":\"default\"},\"children\":[{\"type\":\"row\",\"children\":[{\"type\":\"column\",\"props\":{\"image_position\":\"center-center\",\"position_sticky_breakpoint\":\"m\"},\"children\":[{\"type\":\"headline\",\"props\":{\"animation\":\"parallax\",\"content\":\"Shop &amp; Caf\\u00e9\",\"parallax_blur\":\"50\",\"parallax_opacity\":\"1,0\",\"parallax_scale\":\"0.5\",\"text_align\":\"center\",\"title_element\":\"h1\",\"title_style\":\"heading-large\"}},{\"type\":\"headline\",\"props\":{\"animation\":\"parallax\",\"content\":\"<span>Von Mitte Mai bis Ende Oktober<\\\/span>\",\"margin_remove_top\":true,\"parallax_blur\":\"50\",\"parallax_opacity\":\"1,0\",\"parallax_scale\":\"0.5\",\"text_align\":\"center\",\"title_element\":\"h2\",\"title_style\":\"h2\"}}]}]}],\"name\":\"Hero\"},{\"type\":\"section\",\"props\":{\"image_position\":\"center-center\",\"padding\":\"large\",\"padding_remove_bottom\":false,\"style\":\"default\",\"title_breakpoint\":\"xl\",\"title_position\":\"top-left\",\"title_rotation\":\"left\",\"vertical_align\":\"\",\"width\":\"expand\"},\"children\":[{\"type\":\"row\",\"props\":{\"layout\":\"1-2,1-2\",\"width\":\"expand\"},\"children\":[{\"type\":\"column\",\"props\":{\"image_position\":\"center-center\",\"position_sticky_breakpoint\":\"m\",\"vertical_align\":\"middle\",\"width_medium\":\"1-2\"},\"children\":[{\"type\":\"panel\",\"props\":{\"block_align\":\"center\",\"content\":\"\n\n<p>Unser Minimarkt mit Caf\\u00e9 hei\\u00dft Sie <strong>von Mai bis Ende Oktober<\\\/strong> willkommen.<\\\/p>\\n\n\n<p>In unserem Laden finden Sie eine gute Auswahl an Dingen des t\\u00e4glichen Bedarfs, Zutaten zum Kochen am Lagerfeuer sowie s\\u00fc\\u00dfe und herzhafte Snacks. Au\\u00dferdem bieten wir Fertiggerichte, Tiefk\\u00fchlpizzen und andere einfache Optionen \\u2013 perfekt nach einem langen Wandertag. Bitte beachten Sie, dass wir nur wenige frische Gem\\u00fcse im Sortiment haben. Wir empfehlen daher, diese auf dem Weg nach Hossa zu kaufen.<\\\/p>\\n\n\n<p>Bier, Cider und Longdrinks k\\u00f6nnen Sie bei uns zum Mitnehmen kaufen oder direkt in unserem Caf\\u00e9\\\/Bar genie\\u00dfen. Neben den klassischen finnischen Bieren f\\u00fchren wir auch eine Auswahl hochwertiger Importbiere.<\\\/p>\\n\n\n<p>In unseren Regalen finden Sie zudem \\u00f6kologische Produkte wie finnische, biologisch abbaubare Hygieneartikel und handgemachte, umweltfreundliche Seifen.<\\\/p>\\n\n\n<p>Als Souvenirs bieten wir m\\u00f6glichst viele lokal gefertigte und in Finnland hergestellte Produkte an \\u2013 stets mit Blick auf Nachhaltigkeit.<\\\/p>\\n\n\n<p>W\\u00e4hrend Ihres Einkaufs k\\u00f6nnen Sie eine Pause einlegen und eine Tasse Kaffee oder Tee mit einem k\\u00f6stlichen Geb\\u00e4ck genie\\u00dfen, das f\\u00fcr uns von <strong>The French Caf\\u00e9 in Kuusamo<\\\/strong> gebacken wird. Oder entspannen Sie sich auf unserer <strong>Seeblick-Terrasse<\\\/strong> mit einem erfrischenden Getr\\u00e4nk und dem Gesang der V\\u00f6gel.<\\\/p>\\n\n\n<p>Bitte beachten Sie, dass unser Gesch\\u00e4ft <strong>das einzige in der Region Hossa<\\\/strong> ist. Au\\u00dferhalb unserer \\u00d6ffnungssaison empfehlen wir, Ihre Eink\\u00e4ufe in <strong>Suomussalmi<\\\/strong> (bei Anreise aus dem S\\u00fcden) oder in <strong>Kuusamo<\\\/strong> (bei Anreise aus dem Norden) zu erledigen.<\\\/p>\",\"content_align\":false,\"content_column_breakpoint\":\"m\",\"content_dropcap\":false,\"icon_width\":80,\"image\":\"\",\"image_align\":\"bottom\",\"image_grid_breakpoint\":\"m\",\"image_grid_width\":\"1-2\",\"image_margin\":\"medium\",\"image_svg_color\":\"primary\",\"image_svg_inline\":true,\"image_width\":\"350\",\"link_style\":\"default\",\"link_text\":\"Read more\",\"margin\":\"default\",\"maxwidth\":\"xlarge\",\"meta\":\"Wir sind jetzt f\\u00fcr den Winter geschlossen. Bis Mai!\",\"meta_align\":\"below-title\",\"meta_element\":\"div\",\"meta_style\":\"text-lead\",\"parallax_breakpoint\":\"l\",\"text_align\":\"left\",\"title\":\"F\\u00fcr den Winter <span class=\\\"uk-text-primary\\\">geschlossen<\\\/span> \",\"title_align\":\"top\",\"title_element\":\"h2\",\"title_grid_breakpoint\":\"m\",\"title_grid_width\":\"1-2\",\"title_hover_style\":\"reset\",\"title_style\":\"heading-medium\"}}]},{\"type\":\"column\",\"props\":{\"image_position\":\"center-center\",\"position_sticky_breakpoint\":\"m\",\"width_medium\":\"1-2\"},\"children\":[{\"name\":\"Grid Panel Title Left Image Right\",\"type\":\"grid\",\"children\":[{\"type\":\"grid_item\",\"props\":{\"content\":\"\n\n<p>In unserem Laden finden Sie eine gute Auswahl an Grundbedarf, Campingnahrung sowie s\\u00fc\\u00dfen und herzhaften Snacks.<\\\/p>\",\"image\":\"wp-content\\\/uploads\\\/2025\\\/08\\\/20250523_143803-scaled.jpg\",\"image_alt\":\"Kaupan valikoima\",\"title\":\"Gute Auswahl an Basisprodukten\"}},{\"type\":\"grid_item\",\"props\":{\"content\":\"\n\n<p>Unsere Terrasse mit Seeblick ist im Sommer ge\\u00f6ffnet. Die Leckereien unseres Caf\\u00e9s werden f\\u00fcr uns von der franz\\u00f6sischen B\\u00e4ckerei <strong>The French Caf\\u00e9 Oy<\\\/strong> in Kuusamo gebacken, und in der Kanne duftet Bio-Kaffee von <strong>L\\u00f6fbergs<\\\/strong>.<\\\/p>\",\"image\":\"wp-content\\\/uploads\\\/2025\\\/08\\\/kahvio-scaled.jpg\",\"image_alt\":\"Kahvio\",\"title\":\"Caf\\u00e9 und terrasse\"}},{\"type\":\"grid_item\",\"props\":{\"content\":\"\n\n<p>Als Souvenirs versuchen wir, so viele lokale Produkte wie m\\u00f6glich anzubieten.<\\\/p>\",\"image\":\"wp-content\\\/uploads\\\/2024\\\/10\\\/naturette-tuotteet.jpg\",\"link_aria_label\":\"Kauppa ja kahvila\",\"title\":\"Souvenirs\"}}],\"props\":{\"content_column_breakpoint\":\"m\",\"filter_align\":\"left\",\"filter_all\":true,\"filter_grid_breakpoint\":\"m\",\"filter_grid_width\":\"auto\",\"filter_position\":\"top\",\"filter_style\":\"tab\",\"grid_column_gap\":\"small\",\"grid_default\":\"1\",\"grid_divider\":true,\"grid_medium\":\"\",\"grid_row_gap\":\"small\",\"icon_width\":80,\"image_align\":\"left\",\"image_grid_breakpoint\":\"s\",\"image_grid_width\":\"1-3\",\"image_height\":\"610\",\"image_link\":true,\"image_loading\":true,\"image_svg_color\":\"emphasis\",\"image_transition\":\"scale-up\",\"image_transition_border\":false,\"image_width\":\"610\",\"item_animation\":true,\"lightbox\":true,\"lightbox_bg_close\":true,\"link_style\":\"default\",\"link_text\":\"\",\"margin\":\"default\",\"margin_remove_bottom\":false,\"meta_align\":\"below-title\",\"meta_element\":\"div\",\"meta_style\":\"text-meta\",\"panel_link\":false,\"parallax_easing\":\"1\",\"show_content\":true,\"show_hover_image\":true,\"show_hover_video\":true,\"show_image\":true,\"show_link\":true,\"show_meta\":true,\"show_title\":true,\"show_video\":true,\"title_align\":\"top\",\"title_element\":\"h3\",\"title_grid_breakpoint\":\"m\",\"title_grid_row_gap\":\"small\",\"title_grid_width\":\"1-2\",\"title_hover_style\":\"heading\",\"title_link\":false,\"title_style\":\"h3\"}}]}]}]}],\"version\":\"4.5.24\"} --><\/p>\n","protected":false},"excerpt":{"rendered":"<p>Shop &amp; Caf\u00e9 Von Mitte Mai bis Ende Oktober F\u00fcr den Winter geschlossen Wir sind jetzt f\u00fcr den Winter geschlossen. Bis Mai! Unser Minimarkt mit Caf\u00e9 hei\u00dft Sie von Mai bis Ende Oktober willkommen. In unserem Laden finden Sie eine gute Auswahl an Dingen des t\u00e4glichen Bedarfs, Zutaten zum Kochen am Lagerfeuer sowie s\u00fc\u00dfe und [&hellip;]<\/p>\n","protected":false},"author":1,"featured_media":1823,"parent":0,"menu_order":0,"comment_status":"closed","ping_status":"closed","template":"","meta":{"_acf_changed":false,"footnotes":""},"class_list":["post-1732","page","type-page","status-publish","has-post-thumbnail","hentry"],"acf":[],"yoast_head":"<!-- This site is optimized with the Yoast SEO Premium plugin v27.1 (Yoast SEO v27.1.1) - https:\/\/yoast.com\/product\/yoast-seo-premium-wordpress\/ -->\n<title>Caf\u00e9 &amp; Shop - Hossan Lumo, Finnland<\/title>\n<meta name=\"description\" content=\"Our convenience store has a selection of basic needs, foods for cooking by a camp fire as well as sweet and salty snacks. And caf\u00e9 services.\" \/>\n<meta name=\"robots\" content=\"index, follow, max-snippet:-1, max-image-preview:large, max-video-preview:-1\" \/>\n<link rel=\"canonical\" href=\"https:\/\/www.hossanlumo.fi\/de\/cafe-shop\/\" \/>\n<meta property=\"og:locale\" content=\"de_DE\" \/>\n<meta property=\"og:type\" content=\"article\" \/>\n<meta property=\"og:title\" content=\"Caf\u00e9 &amp; Shop\" \/>\n<meta property=\"og:description\" content=\"Our convenience store has a selection of basic needs, foods for cooking by a camp fire as well as sweet and salty snacks. And caf\u00e9 services.\" \/>\n<meta property=\"og:url\" content=\"https:\/\/www.hossanlumo.fi\/de\/cafe-shop\/\" \/>\n<meta property=\"og:site_name\" content=\"Hossan Lumo, Finnland\" \/>\n<meta property=\"article:publisher\" content=\"https:\/\/www.facebook.com\/\" \/>\n<meta property=\"article:modified_time\" content=\"2025-10-26T14:23:44+00:00\" \/>\n<meta property=\"og:image\" content=\"https:\/\/www.hossanlumo.fi\/wp-content\/uploads\/2025\/08\/kahvio-scaled.jpg\" \/>\n\t<meta property=\"og:image:width\" content=\"2048\" \/>\n\t<meta property=\"og:image:height\" content=\"1638\" \/>\n\t<meta property=\"og:image:type\" content=\"image\/jpeg\" \/>\n<meta name=\"twitter:card\" content=\"summary_large_image\" \/>\n<meta name=\"twitter:label1\" content=\"Gesch\u00e4tzte Lesezeit\" \/>\n\t<meta name=\"twitter:data1\" content=\"3\u00a0Minuten\" \/>\n<script type=\"application\/ld+json\" class=\"yoast-schema-graph\">{\"@context\":\"https:\/\/schema.org\",\"@graph\":[{\"@type\":\"WebPage\",\"@id\":\"https:\/\/www.hossanlumo.fi\/de\/cafe-shop\/\",\"url\":\"https:\/\/www.hossanlumo.fi\/de\/cafe-shop\/\",\"name\":\"Caf\u00e9 &amp; Shop - Hossan Lumo, Finnland\",\"isPartOf\":{\"@id\":\"https:\/\/www.hossanlumo.fi\/de\/#website\"},\"primaryImageOfPage\":{\"@id\":\"https:\/\/www.hossanlumo.fi\/de\/cafe-shop\/#primaryimage\"},\"image\":{\"@id\":\"https:\/\/www.hossanlumo.fi\/de\/cafe-shop\/#primaryimage\"},\"thumbnailUrl\":\"https:\/\/www.hossanlumo.fi\/wp-content\/uploads\/2025\/08\/kahvio-scaled.jpg\",\"datePublished\":\"2024-10-08T07:14:18+00:00\",\"dateModified\":\"2025-10-26T14:23:44+00:00\",\"description\":\"Our convenience store has a selection of basic needs, foods for cooking by a camp fire as well as sweet and salty snacks. And caf\u00e9 services.\",\"breadcrumb\":{\"@id\":\"https:\/\/www.hossanlumo.fi\/de\/cafe-shop\/#breadcrumb\"},\"inLanguage\":\"de\",\"potentialAction\":[{\"@type\":\"ReadAction\",\"target\":[\"https:\/\/www.hossanlumo.fi\/de\/cafe-shop\/\"]}]},{\"@type\":\"ImageObject\",\"inLanguage\":\"de\",\"@id\":\"https:\/\/www.hossanlumo.fi\/de\/cafe-shop\/#primaryimage\",\"url\":\"https:\/\/www.hossanlumo.fi\/wp-content\/uploads\/2025\/08\/kahvio-scaled.jpg\",\"contentUrl\":\"https:\/\/www.hossanlumo.fi\/wp-content\/uploads\/2025\/08\/kahvio-scaled.jpg\",\"width\":2048,\"height\":1638,\"caption\":\"Kahvio\"},{\"@type\":\"BreadcrumbList\",\"@id\":\"https:\/\/www.hossanlumo.fi\/de\/cafe-shop\/#breadcrumb\",\"itemListElement\":[{\"@type\":\"ListItem\",\"position\":1,\"name\":\"Etusivu\",\"item\":\"https:\/\/www.hossanlumo.fi\/de\/\"},{\"@type\":\"ListItem\",\"position\":2,\"name\":\"Caf\u00e9 &amp; Shop\"}]},{\"@type\":\"WebSite\",\"@id\":\"https:\/\/www.hossanlumo.fi\/de\/#website\",\"url\":\"https:\/\/www.hossanlumo.fi\/de\/\",\"name\":\"Hossan Lumo\",\"description\":\"Majoitusta ja leirint\u00e4alue Hossassa\",\"publisher\":{\"@id\":\"https:\/\/www.hossanlumo.fi\/de\/#organization\"},\"alternateName\":\"Majoitusta Hossan kansallispuiston vieress\u00e4, leirint\u00e4alue\",\"potentialAction\":[{\"@type\":\"SearchAction\",\"target\":{\"@type\":\"EntryPoint\",\"urlTemplate\":\"https:\/\/www.hossanlumo.fi\/de\/?s={search_term_string}\"},\"query-input\":{\"@type\":\"PropertyValueSpecification\",\"valueRequired\":true,\"valueName\":\"search_term_string\"}}],\"inLanguage\":\"de\"},{\"@type\":[\"Organization\",\"Place\",\"LodgingBusiness\"],\"@id\":\"https:\/\/www.hossanlumo.fi\/de\/#organization\",\"name\":\"Hossan Lumo, Finnland\",\"alternateName\":\"Majoitusta Hossan kansallispuiston maisemissa\",\"url\":\"https:\/\/www.hossanlumo.fi\/de\/\",\"logo\":{\"@id\":\"https:\/\/www.hossanlumo.fi\/de\/cafe-shop\/#local-main-organization-logo\"},\"image\":{\"@id\":\"https:\/\/www.hossanlumo.fi\/de\/cafe-shop\/#local-main-organization-logo\"},\"sameAs\":[\"https:\/\/www.facebook.com\/\",\"https:\/\/www.instagram.com\/\"],\"ownershipFundingInfo\":\"https:\/\/www.hossanlumo.fi\/de\/kontakt\/\",\"address\":{\"@id\":\"https:\/\/www.hossanlumo.fi\/de\/cafe-shop\/#local-main-place-address\"},\"geo\":{\"@type\":\"GeoCoordinates\",\"latitude\":\"65.44267285711369\",\"longitude\":\"29.551533221541924\"},\"telephone\":[\"+358 500 166 377\"],\"contactPoint\":{\"@type\":\"ContactPoint\",\"telephone\":\"+358 500 166 377\",\"email\":\"info@hossanlumo.fi\"},\"openingHoursSpecification\":[{\"@type\":\"OpeningHoursSpecification\",\"dayOfWeek\":[\"Monday\",\"Tuesday\",\"Wednesday\",\"Thursday\",\"Friday\",\"Saturday\",\"Sunday\"],\"opens\":\"09:00\",\"closes\":\"17:00\"}],\"email\":\"info@hossanlumo.fi\",\"vatID\":\"2725305-9\"},{\"@type\":\"PostalAddress\",\"@id\":\"https:\/\/www.hossanlumo.fi\/de\/cafe-shop\/#local-main-place-address\",\"streetAddress\":\"Lumontie 3\",\"addressLocality\":\"Ruhtinansalmi\",\"postalCode\":\"89920\",\"addressCountry\":\"FI\"},{\"@type\":\"ImageObject\",\"inLanguage\":\"de\",\"@id\":\"https:\/\/www.hossanlumo.fi\/de\/cafe-shop\/#local-main-organization-logo\",\"url\":\"https:\/\/www.hossanlumo.fi\/wp-content\/uploads\/2025\/08\/hossanlumo-logo-vari-pysty.png\",\"contentUrl\":\"https:\/\/www.hossanlumo.fi\/wp-content\/uploads\/2025\/08\/hossanlumo-logo-vari-pysty.png\",\"width\":500,\"height\":353,\"caption\":\"Hossan Lumo, Finnland\"}]}<\/script>\n<meta name=\"geo.placename\" content=\"Ruhtinansalmi\" \/>\n<meta name=\"geo.position\" content=\"65.44267285711369;29.551533221541924\" \/>\n<meta name=\"geo.region\" content=\"Finnland\" \/>\n<!-- \/ Yoast SEO Premium plugin. -->","yoast_head_json":{"title":"Caf\u00e9 &amp; Shop - Hossan Lumo, Finnland","description":"Our convenience store has a selection of basic needs, foods for cooking by a camp fire as well as sweet and salty snacks. And caf\u00e9 services.","robots":{"index":"index","follow":"follow","max-snippet":"max-snippet:-1","max-image-preview":"max-image-preview:large","max-video-preview":"max-video-preview:-1"},"canonical":"https:\/\/www.hossanlumo.fi\/de\/cafe-shop\/","og_locale":"de_DE","og_type":"article","og_title":"Caf\u00e9 &amp; Shop","og_description":"Our convenience store has a selection of basic needs, foods for cooking by a camp fire as well as sweet and salty snacks. And caf\u00e9 services.","og_url":"https:\/\/www.hossanlumo.fi\/de\/cafe-shop\/","og_site_name":"Hossan Lumo, Finnland","article_publisher":"https:\/\/www.facebook.com\/","article_modified_time":"2025-10-26T14:23:44+00:00","og_image":[{"width":2048,"height":1638,"url":"https:\/\/www.hossanlumo.fi\/wp-content\/uploads\/2025\/08\/kahvio-scaled.jpg","type":"image\/jpeg"}],"twitter_card":"summary_large_image","twitter_misc":{"Gesch\u00e4tzte Lesezeit":"3\u00a0Minuten"},"schema":{"@context":"https:\/\/schema.org","@graph":[{"@type":"WebPage","@id":"https:\/\/www.hossanlumo.fi\/de\/cafe-shop\/","url":"https:\/\/www.hossanlumo.fi\/de\/cafe-shop\/","name":"Caf\u00e9 &amp; Shop - Hossan Lumo, Finnland","isPartOf":{"@id":"https:\/\/www.hossanlumo.fi\/de\/#website"},"primaryImageOfPage":{"@id":"https:\/\/www.hossanlumo.fi\/de\/cafe-shop\/#primaryimage"},"image":{"@id":"https:\/\/www.hossanlumo.fi\/de\/cafe-shop\/#primaryimage"},"thumbnailUrl":"https:\/\/www.hossanlumo.fi\/wp-content\/uploads\/2025\/08\/kahvio-scaled.jpg","datePublished":"2024-10-08T07:14:18+00:00","dateModified":"2025-10-26T14:23:44+00:00","description":"Our convenience store has a selection of basic needs, foods for cooking by a camp fire as well as sweet and salty snacks. And caf\u00e9 services.","breadcrumb":{"@id":"https:\/\/www.hossanlumo.fi\/de\/cafe-shop\/#breadcrumb"},"inLanguage":"de","potentialAction":[{"@type":"ReadAction","target":["https:\/\/www.hossanlumo.fi\/de\/cafe-shop\/"]}]},{"@type":"ImageObject","inLanguage":"de","@id":"https:\/\/www.hossanlumo.fi\/de\/cafe-shop\/#primaryimage","url":"https:\/\/www.hossanlumo.fi\/wp-content\/uploads\/2025\/08\/kahvio-scaled.jpg","contentUrl":"https:\/\/www.hossanlumo.fi\/wp-content\/uploads\/2025\/08\/kahvio-scaled.jpg","width":2048,"height":1638,"caption":"Kahvio"},{"@type":"BreadcrumbList","@id":"https:\/\/www.hossanlumo.fi\/de\/cafe-shop\/#breadcrumb","itemListElement":[{"@type":"ListItem","position":1,"name":"Etusivu","item":"https:\/\/www.hossanlumo.fi\/de\/"},{"@type":"ListItem","position":2,"name":"Caf\u00e9 &amp; Shop"}]},{"@type":"WebSite","@id":"https:\/\/www.hossanlumo.fi\/de\/#website","url":"https:\/\/www.hossanlumo.fi\/de\/","name":"Hossan Lumo","description":"Majoitusta ja leirint\u00e4alue Hossassa","publisher":{"@id":"https:\/\/www.hossanlumo.fi\/de\/#organization"},"alternateName":"Majoitusta Hossan kansallispuiston vieress\u00e4, leirint\u00e4alue","potentialAction":[{"@type":"SearchAction","target":{"@type":"EntryPoint","urlTemplate":"https:\/\/www.hossanlumo.fi\/de\/?s={search_term_string}"},"query-input":{"@type":"PropertyValueSpecification","valueRequired":true,"valueName":"search_term_string"}}],"inLanguage":"de"},{"@type":["Organization","Place","LodgingBusiness"],"@id":"https:\/\/www.hossanlumo.fi\/de\/#organization","name":"Hossan Lumo, Finnland","alternateName":"Majoitusta Hossan kansallispuiston maisemissa","url":"https:\/\/www.hossanlumo.fi\/de\/","logo":{"@id":"https:\/\/www.hossanlumo.fi\/de\/cafe-shop\/#local-main-organization-logo"},"image":{"@id":"https:\/\/www.hossanlumo.fi\/de\/cafe-shop\/#local-main-organization-logo"},"sameAs":["https:\/\/www.facebook.com\/","https:\/\/www.instagram.com\/"],"ownershipFundingInfo":"https:\/\/www.hossanlumo.fi\/de\/kontakt\/","address":{"@id":"https:\/\/www.hossanlumo.fi\/de\/cafe-shop\/#local-main-place-address"},"geo":{"@type":"GeoCoordinates","latitude":"65.44267285711369","longitude":"29.551533221541924"},"telephone":["+358 500 166 377"],"contactPoint":{"@type":"ContactPoint","telephone":"+358 500 166 377","email":"info@hossanlumo.fi"},"openingHoursSpecification":[{"@type":"OpeningHoursSpecification","dayOfWeek":["Monday","Tuesday","Wednesday","Thursday","Friday","Saturday","Sunday"],"opens":"09:00","closes":"17:00"}],"email":"info@hossanlumo.fi","vatID":"2725305-9"},{"@type":"PostalAddress","@id":"https:\/\/www.hossanlumo.fi\/de\/cafe-shop\/#local-main-place-address","streetAddress":"Lumontie 3","addressLocality":"Ruhtinansalmi","postalCode":"89920","addressCountry":"FI"},{"@type":"ImageObject","inLanguage":"de","@id":"https:\/\/www.hossanlumo.fi\/de\/cafe-shop\/#local-main-organization-logo","url":"https:\/\/www.hossanlumo.fi\/wp-content\/uploads\/2025\/08\/hossanlumo-logo-vari-pysty.png","contentUrl":"https:\/\/www.hossanlumo.fi\/wp-content\/uploads\/2025\/08\/hossanlumo-logo-vari-pysty.png","width":500,"height":353,"caption":"Hossan Lumo, Finnland"}]},"geo.placename":"Ruhtinansalmi","geo.position":{"lat":"65.44267285711369","long":"29.551533221541924"},"geo.region":"Finnland"},"_links":{"self":[{"href":"https:\/\/www.hossanlumo.fi\/de\/wp-json\/wp\/v2\/pages\/1732","targetHints":{"allow":["GET"]}}],"collection":[{"href":"https:\/\/www.hossanlumo.fi\/de\/wp-json\/wp\/v2\/pages"}],"about":[{"href":"https:\/\/www.hossanlumo.fi\/de\/wp-json\/wp\/v2\/types\/page"}],"author":[{"embeddable":true,"href":"https:\/\/www.hossanlumo.fi\/de\/wp-json\/wp\/v2\/users\/1"}],"replies":[{"embeddable":true,"href":"https:\/\/www.hossanlumo.fi\/de\/wp-json\/wp\/v2\/comments?post=1732"}],"version-history":[{"count":12,"href":"https:\/\/www.hossanlumo.fi\/de\/wp-json\/wp\/v2\/pages\/1732\/revisions"}],"predecessor-version":[{"id":2016,"href":"https:\/\/www.hossanlumo.fi\/de\/wp-json\/wp\/v2\/pages\/1732\/revisions\/2016"}],"wp:featuredmedia":[{"embeddable":true,"href":"https:\/\/www.hossanlumo.fi\/de\/wp-json\/wp\/v2\/media\/1823"}],"wp:attachment":[{"href":"https:\/\/www.hossanlumo.fi\/de\/wp-json\/wp\/v2\/media?parent=1732"}],"curies":[{"name":"wp","href":"https:\/\/api.w.org\/{rel}","templated":true}]}}