{"id":823,"date":"2024-10-08T10:14:36","date_gmt":"2024-10-08T07:14:36","guid":{"rendered":"https:\/\/www.hossanlumo.fi\/camping\/"},"modified":"2025-10-19T15:35:37","modified_gmt":"2025-10-19T12:35:37","slug":"camping","status":"publish","type":"page","link":"https:\/\/www.hossanlumo.fi\/de\/camping\/","title":{"rendered":"Camping"},"content":{"rendered":"<h1>Campingplatz<\/h1>\n<h2>Camping &amp; Caravan<\/h2>\n<div>\n<h2>Camping<\/h2>\n<p>DIE CAMPINGPLATZ-SERVICES SIND F\u00dcR DIE SAISON GESCHLOSSEN. WIR \u00d6FFNEN WIEDER IM MAI 2026.<\/p>\n<div>\n<p>32 Stromanschlusspl\u00e4tze in ruhiger Lage, auf ebenem Naturboden am Ufer des Sees Hossanj\u00e4rvi. Im Servicegeb\u00e4ude finden Sie WCs, Duschen, Kochgelegenheiten und Esstische, sowie die Gelegenheit, Kleidung zu waschen.<\/p>\n<p><span>Sie k\u00f6nnen auch au\u00dferhalb der \u00d6ffnungszeiten anreisen. In diesem Fall rufen Sie uns bitte unter +358 500 166 377 an, und wir geben Ihnen weitere Anweisungen.<\/span><\/p>\n<h3>Preise<\/h3>\n<ul>\n<li>Campinggeb\u00fchr f\u00fcr Zelt\/Caravan Grundgeb\u00fchr 18 \u20ac + 4 \u20ac\/Pers., 2 \u20ac\/Kind<\/li>\n<li>Preis f\u00fcr Mitglieder der Camping Key, ADAC 16 \u20ac + 4 \u20ac\/Pers., 2 \u20ac\/Kind<\/li>\n<li>Stromanschluss 1.5.-31.8. 8 \u20ac\/24h<\/li>\n<li>Stromanschluss 1.9.-30.9. 9 \u20ac\/24h ODER:<\/li>\n<li>Bezahlung nach Stromverbrauch, Grundgeb\u00fchr 2 \u20ac + 0,40 \u20ac\/ kWH<\/li>\n<\/ul>\n<p><span lang=\"de-DE\"><strong>BITTE BEACHTEN<\/strong>: Leistungen im Sommer verf\u00fcgbar.\u00a0<\/span><\/p>\n<\/div>\n<\/div>\n<ul>\n<li>\n<p>        <img decoding=\"async\" src=\"\/wp-content\/uploads\/2024\/10\/rantasauna.jpg\" alt=\"\"><\/p>\n<h3>Sauna<\/h3>\n<div>\n<p>Sie k\u00f6nnen unsere \u00f6ffentliche Sauna w\u00e4hrend der gemeinsamen Stunde (1.6.-30.9.) nutzen oder die Sauna au\u00dferhalb dieser Zeiten, mit einem Aufpreis, f\u00fcr die private Benutzung reservieren.<\/p>\n<\/div>\n<\/li>\n<li>\n<p>        <img decoding=\"async\" src=\"\/wp-content\/uploads\/2025\/08\/kahvio-scaled.jpg\" alt=\"Kahvio\"><\/p>\n<h3>Shop &#038; Caf\u00e9<\/h3>\n<div>\n<p>Unser Gesch\u00e4ft und Caf\u00e9 bedient Kunden von Mai bis Ende Oktober.<\/p>\n<\/div>\n<p><a href=\"https:\/\/www.hossanlumo.fi\/de\/cafe-shop\/\">Shop &#038; Caf\u00e9<\/a><\/p>\n<\/li>\n<li>\n<p>        <img decoding=\"async\" src=\"\/wp-content\/uploads\/2024\/10\/kotarannassa.jpg\" alt=\"\"><\/p>\n<h3>Weitere Leistungen<\/h3>\n<div>\n<ul>\n<li>chemische Abwasserentsorgung f\u00fcr Wohnmobile und Wohnwagen<\/li>\n<li>Kinderspielplatz<\/li>\n<li>reservierbare Sauna am Ufer<\/li>\n<li>Cafeteria und Lebensmittelgesch\u00e4ft (25.5.-20.10.). Kostenloses Wifi in der Cafeteria<\/li>\n<li>Ger\u00e4tschaftsverleih<\/li>\n<\/ul>\n<\/div>\n<\/li>\n<\/ul>\n<p><!--more--><br \/>\n<!-- {\"type\":\"layout\",\"children\":[{\"type\":\"section\",\"props\":{\"header_transparent\":false,\"header_transparent_noplaceholder\":true,\"height\":\"viewport\",\"height_offset_top\":true,\"height_viewport\":90,\"image\":\"wp-content\\\/uploads\\\/2024\\\/10\\\/hossanlumo-camping-kesa-asuntoauto.jpg\",\"image_effect\":\"parallax\",\"image_loading\":true,\"image_parallax_bgy\":\"000\",\"image_position\":\"center-center\",\"image_size\":\"cover\",\"media_overlay\":\"rgba(0, 0, 0, 0.17)\",\"style\":\"default\",\"text_color\":\"light\",\"title_breakpoint\":\"xl\",\"title_position\":\"top-left\",\"title_rotation\":\"left\",\"vertical_align\":\"middle\",\"width\":\"default\"},\"children\":[{\"type\":\"row\",\"children\":[{\"type\":\"column\",\"props\":{\"image_position\":\"center-center\",\"position_sticky_breakpoint\":\"m\"},\"children\":[{\"type\":\"headline\",\"props\":{\"animation\":\"parallax\",\"content\":\"Campingplatz\",\"parallax_blur\":\"50\",\"parallax_opacity\":\"1,0\",\"parallax_scale\":\"0.5\",\"text_align\":\"center\",\"title_element\":\"h1\",\"title_style\":\"heading-large\"}},{\"type\":\"headline\",\"props\":{\"animation\":\"parallax\",\"content\":\"Camping &amp; Caravan\",\"margin_remove_top\":true,\"parallax_blur\":\"50\",\"parallax_opacity\":\"1,0\",\"parallax_scale\":\"0.5\",\"text_align\":\"center\",\"title_element\":\"h2\",\"title_style\":\"heading-small\"}}]}]}],\"name\":\"Hero\"},{\"type\":\"section\",\"props\":{\"image_position\":\"center-center\",\"padding\":\"large\",\"padding_remove_bottom\":false,\"style\":\"default\",\"title_breakpoint\":\"xl\",\"title_position\":\"top-left\",\"title_rotation\":\"left\",\"vertical_align\":\"\",\"width\":\"expand\"},\"children\":[{\"type\":\"row\",\"props\":{\"layout\":\"1-2,1-2\",\"width\":\"expand\"},\"children\":[{\"type\":\"column\",\"props\":{\"image_position\":\"center-center\",\"position_sticky_breakpoint\":\"m\",\"width_medium\":\"1-2\"},\"children\":[{\"type\":\"panel\",\"props\":{\"block_align\":\"center\",\"content\":\"\n\n<p>32 Stromanschlusspl\\u00e4tze in ruhiger Lage, auf ebenem Naturboden am Ufer des Sees Hossanj\\u00e4rvi. Im Servicegeb\\u00e4ude finden Sie WCs, Duschen, Kochgelegenheiten und Esstische, sowie die Gelegenheit, Kleidung zu waschen.<\\\/p>\\n\n\n<p><span>Sie k\\u00f6nnen auch au\\u00dferhalb der \\u00d6ffnungszeiten anreisen. In diesem Fall rufen Sie uns bitte unter +358 500 166 377 an, und wir geben Ihnen weitere Anweisungen.<\\\/span><\\\/p>\\n\n\n<h3>Preise<\\\/h3>\\n\n\n<ul>\\n\n\n<li>Campinggeb\\u00fchr f\\u00fcr Zelt\\\/Caravan Grundgeb\\u00fchr 18 \\u20ac + 4 \\u20ac\\\/Pers., 2 \\u20ac\\\/Kind<\\\/li>\\n\n\n<li>Preis f\\u00fcr Mitglieder der Camping Key, ADAC 16 \\u20ac + 4 \\u20ac\\\/Pers., 2 \\u20ac\\\/Kind<\\\/li>\\n\n\n<li>Stromanschluss 1.5.-31.8. 8 \\u20ac\\\/24h<\\\/li>\\n\n\n<li>Stromanschluss 1.9.-30.9. 9 \\u20ac\\\/24h ODER:<\\\/li>\\n\n\n<li>Bezahlung nach Stromverbrauch, Grundgeb\\u00fchr 2 \\u20ac + 0,40 \\u20ac\\\/ kWH<\\\/li>\\n<\\\/ul>\\n\n\n<p><span lang=\\\"de-DE\\\"><strong>BITTE BEACHTEN<\\\/strong>: Leistungen im Sommer verf\\u00fcgbar.\\u00a0<\\\/span><\\\/p>\",\"content_align\":false,\"content_column_breakpoint\":\"m\",\"content_dropcap\":false,\"icon_width\":80,\"image\":\"\",\"image_align\":\"bottom\",\"image_grid_breakpoint\":\"m\",\"image_grid_width\":\"1-2\",\"image_margin\":\"medium\",\"image_svg_color\":\"primary\",\"image_svg_inline\":true,\"image_width\":\"350\",\"link_style\":\"default\",\"link_text\":\"Read more\",\"margin\":\"default\",\"maxwidth\":\"xlarge\",\"meta\":\"DIE CAMPINGPLATZ-SERVICES SIND F\\u00dcR DIE SAISON GESCHLOSSEN. WIR \\u00d6FFNEN WIEDER IM MAI 2026.\",\"meta_align\":\"below-title\",\"meta_element\":\"div\",\"meta_style\":\"text-large\",\"parallax_breakpoint\":\"l\",\"text_align\":\"left\",\"title\":\"Camping\",\"title_align\":\"top\",\"title_element\":\"h2\",\"title_grid_breakpoint\":\"m\",\"title_grid_width\":\"1-2\",\"title_hover_style\":\"reset\",\"title_style\":\"heading-medium\"}}]},{\"type\":\"column\",\"props\":{\"image_position\":\"center-center\",\"position_sticky_breakpoint\":\"m\",\"width_medium\":\"1-2\"},\"children\":[{\"name\":\"Grid Panel Title Left Image Right\",\"type\":\"grid\",\"children\":[{\"type\":\"grid_item\",\"props\":{\"content\":\"\n\n<p>Sie k\\u00f6nnen unsere \\u00f6ffentliche Sauna w\\u00e4hrend der gemeinsamen Stunde (1.6.-30.9.) nutzen oder die Sauna au\\u00dferhalb dieser Zeiten, mit einem Aufpreis, f\\u00fcr die private Benutzung reservieren.<\\\/p>\",\"image\":\"wp-content\\\/uploads\\\/2024\\\/10\\\/rantasauna.jpg\",\"title\":\"Sauna\"}},{\"type\":\"grid_item\",\"props\":{\"content\":\"\n\n<p>Unser Gesch\\u00e4ft und Caf\\u00e9 bedient Kunden von Mai bis Ende Oktober.<\\\/p>\",\"image\":\"wp-content\\\/uploads\\\/2025\\\/08\\\/kahvio-scaled.jpg\",\"image_alt\":\"Kahvio\",\"link\":\"de\\\/cafe-shop\\\/\",\"link_aria_label\":\"Shop & Caf\\u00e9\",\"link_text\":\"Shop & Caf\\u00e9\",\"title\":\"Shop & Caf\\u00e9\"}},{\"type\":\"grid_item\",\"props\":{\"content\":\"\n\n<ul>\\n\n\n<li>chemische Abwasserentsorgung f\\u00fcr Wohnmobile und Wohnwagen<\\\/li>\\n\n\n<li>Kinderspielplatz<\\\/li>\\n\n\n<li>reservierbare Sauna am Ufer<\\\/li>\\n\n\n<li>Cafeteria und Lebensmittelgesch\\u00e4ft (25.5.-20.10.). Kostenloses Wifi in der Cafeteria<\\\/li>\\n\n\n<li>Ger\\u00e4tschaftsverleih<\\\/li>\\n<\\\/ul>\",\"image\":\"wp-content\\\/uploads\\\/2024\\\/10\\\/kotarannassa.jpg\",\"title\":\"Weitere Leistungen\"}}],\"props\":{\"content_column_breakpoint\":\"m\",\"filter_align\":\"left\",\"filter_all\":true,\"filter_grid_breakpoint\":\"m\",\"filter_grid_width\":\"auto\",\"filter_position\":\"top\",\"filter_style\":\"tab\",\"grid_column_gap\":\"small\",\"grid_default\":\"1\",\"grid_divider\":true,\"grid_medium\":\"\",\"grid_row_gap\":\"small\",\"icon_width\":80,\"image_align\":\"left\",\"image_grid_breakpoint\":\"s\",\"image_grid_width\":\"1-3\",\"image_height\":\"610\",\"image_link\":true,\"image_loading\":true,\"image_svg_color\":\"emphasis\",\"image_transition\":\"scale-up\",\"image_transition_border\":false,\"image_width\":\"610\",\"item_animation\":true,\"lightbox\":false,\"lightbox_bg_close\":true,\"link_style\":\"default\",\"link_text\":\"\",\"margin\":\"default\",\"margin_remove_bottom\":false,\"meta_align\":\"below-title\",\"meta_element\":\"div\",\"meta_style\":\"text-meta\",\"panel_link\":true,\"parallax_easing\":\"1\",\"show_content\":true,\"show_hover_image\":true,\"show_hover_video\":true,\"show_image\":true,\"show_link\":true,\"show_meta\":true,\"show_title\":true,\"show_video\":true,\"title_align\":\"top\",\"title_element\":\"h3\",\"title_grid_breakpoint\":\"m\",\"title_grid_row_gap\":\"small\",\"title_grid_width\":\"1-2\",\"title_hover_style\":\"heading\",\"title_link\":true,\"title_style\":\"h3\"}}]}]}]}],\"version\":\"4.5.24\"} --><\/p>\n","protected":false},"excerpt":{"rendered":"<p>Campingplatz Camping &amp; Caravan Camping DIE CAMPINGPLATZ-SERVICES SIND F\u00dcR DIE SAISON GESCHLOSSEN. WIR \u00d6FFNEN WIEDER IM MAI 2026. 32 Stromanschlusspl\u00e4tze in ruhiger Lage, auf ebenem Naturboden am Ufer des Sees Hossanj\u00e4rvi. Im Servicegeb\u00e4ude finden Sie WCs, Duschen, Kochgelegenheiten und Esstische, sowie die Gelegenheit, Kleidung zu waschen. Sie k\u00f6nnen auch au\u00dferhalb der \u00d6ffnungszeiten anreisen. In diesem [&hellip;]<\/p>\n","protected":false},"author":1,"featured_media":152,"parent":0,"menu_order":0,"comment_status":"closed","ping_status":"closed","template":"","meta":{"_acf_changed":false,"footnotes":""},"class_list":["post-823","page","type-page","status-publish","has-post-thumbnail","hentry"],"acf":[],"yoast_head":"<!-- This site is optimized with the Yoast SEO Premium plugin v27.1 (Yoast SEO v27.1.1) - https:\/\/yoast.com\/product\/yoast-seo-premium-wordpress\/ -->\n<title>Campingplatz - Hossan Lumo. Finnland<\/title>\n<meta name=\"description\" content=\"32 Stromanschl\u00fcsse in ruhiger Lage, auf flachem Naturgrundst\u00fcck am See, neben dem Hossa-Nationalpark, in Finnland.\" \/>\n<meta name=\"robots\" content=\"index, follow, max-snippet:-1, max-image-preview:large, max-video-preview:-1\" \/>\n<link rel=\"canonical\" href=\"https:\/\/www.hossanlumo.fi\/de\/camping\/\" \/>\n<meta property=\"og:locale\" content=\"de_DE\" \/>\n<meta property=\"og:type\" content=\"article\" \/>\n<meta property=\"og:title\" content=\"Camping\" \/>\n<meta property=\"og:description\" content=\"32 Stromanschl\u00fcsse in ruhiger Lage, auf flachem Naturgrundst\u00fcck am See, neben dem Hossa-Nationalpark, in Finnland.\" \/>\n<meta property=\"og:url\" content=\"https:\/\/www.hossanlumo.fi\/de\/camping\/\" \/>\n<meta property=\"og:site_name\" content=\"Hossan Lumo, Finnland\" \/>\n<meta property=\"article:publisher\" content=\"https:\/\/www.facebook.com\/\" \/>\n<meta property=\"article:modified_time\" content=\"2025-10-19T12:35:37+00:00\" \/>\n<meta property=\"og:image\" content=\"https:\/\/www.hossanlumo.fi\/wp-content\/uploads\/2024\/10\/hossanlumo-camping-kesa-asuntoauto.jpg\" \/>\n\t<meta property=\"og:image:width\" content=\"2048\" \/>\n\t<meta property=\"og:image:height\" content=\"912\" \/>\n\t<meta property=\"og:image:type\" content=\"image\/jpeg\" \/>\n<meta name=\"twitter:card\" content=\"summary_large_image\" \/>\n<meta name=\"twitter:label1\" content=\"Gesch\u00e4tzte Lesezeit\" \/>\n\t<meta name=\"twitter:data1\" content=\"2\u00a0Minuten\" \/>\n<script type=\"application\/ld+json\" class=\"yoast-schema-graph\">{\"@context\":\"https:\/\/schema.org\",\"@graph\":[{\"@type\":\"WebPage\",\"@id\":\"https:\/\/www.hossanlumo.fi\/de\/camping\/\",\"url\":\"https:\/\/www.hossanlumo.fi\/de\/camping\/\",\"name\":\"Campingplatz - Hossan Lumo. Finnland\",\"isPartOf\":{\"@id\":\"https:\/\/www.hossanlumo.fi\/de\/#website\"},\"primaryImageOfPage\":{\"@id\":\"https:\/\/www.hossanlumo.fi\/de\/camping\/#primaryimage\"},\"image\":{\"@id\":\"https:\/\/www.hossanlumo.fi\/de\/camping\/#primaryimage\"},\"thumbnailUrl\":\"https:\/\/www.hossanlumo.fi\/wp-content\/uploads\/2024\/10\/hossanlumo-camping-kesa-asuntoauto.jpg\",\"datePublished\":\"2024-10-08T07:14:36+00:00\",\"dateModified\":\"2025-10-19T12:35:37+00:00\",\"description\":\"32 Stromanschl\u00fcsse in ruhiger Lage, auf flachem Naturgrundst\u00fcck am See, neben dem Hossa-Nationalpark, in Finnland.\",\"breadcrumb\":{\"@id\":\"https:\/\/www.hossanlumo.fi\/de\/camping\/#breadcrumb\"},\"inLanguage\":\"de\",\"potentialAction\":[{\"@type\":\"ReadAction\",\"target\":[\"https:\/\/www.hossanlumo.fi\/de\/camping\/\"]}]},{\"@type\":\"ImageObject\",\"inLanguage\":\"de\",\"@id\":\"https:\/\/www.hossanlumo.fi\/de\/camping\/#primaryimage\",\"url\":\"https:\/\/www.hossanlumo.fi\/wp-content\/uploads\/2024\/10\/hossanlumo-camping-kesa-asuntoauto.jpg\",\"contentUrl\":\"https:\/\/www.hossanlumo.fi\/wp-content\/uploads\/2024\/10\/hossanlumo-camping-kesa-asuntoauto.jpg\",\"width\":2048,\"height\":912,\"caption\":\"Leiriytyminen j\u00e4rvenrannalla\"},{\"@type\":\"BreadcrumbList\",\"@id\":\"https:\/\/www.hossanlumo.fi\/de\/camping\/#breadcrumb\",\"itemListElement\":[{\"@type\":\"ListItem\",\"position\":1,\"name\":\"Etusivu\",\"item\":\"https:\/\/www.hossanlumo.fi\/de\/\"},{\"@type\":\"ListItem\",\"position\":2,\"name\":\"Camping\"}]},{\"@type\":\"WebSite\",\"@id\":\"https:\/\/www.hossanlumo.fi\/de\/#website\",\"url\":\"https:\/\/www.hossanlumo.fi\/de\/\",\"name\":\"Hossan Lumo\",\"description\":\"Majoitusta ja leirint\u00e4alue Hossassa\",\"publisher\":{\"@id\":\"https:\/\/www.hossanlumo.fi\/de\/#organization\"},\"alternateName\":\"Majoitusta Hossan kansallispuiston vieress\u00e4, leirint\u00e4alue\",\"potentialAction\":[{\"@type\":\"SearchAction\",\"target\":{\"@type\":\"EntryPoint\",\"urlTemplate\":\"https:\/\/www.hossanlumo.fi\/de\/?s={search_term_string}\"},\"query-input\":{\"@type\":\"PropertyValueSpecification\",\"valueRequired\":true,\"valueName\":\"search_term_string\"}}],\"inLanguage\":\"de\"},{\"@type\":[\"Organization\",\"Place\",\"LodgingBusiness\"],\"@id\":\"https:\/\/www.hossanlumo.fi\/de\/#organization\",\"name\":\"Hossan Lumo, Finnland\",\"alternateName\":\"Majoitusta Hossan kansallispuiston maisemissa\",\"url\":\"https:\/\/www.hossanlumo.fi\/de\/\",\"logo\":{\"@id\":\"https:\/\/www.hossanlumo.fi\/de\/camping\/#local-main-organization-logo\"},\"image\":{\"@id\":\"https:\/\/www.hossanlumo.fi\/de\/camping\/#local-main-organization-logo\"},\"sameAs\":[\"https:\/\/www.facebook.com\/\",\"https:\/\/www.instagram.com\/\"],\"ownershipFundingInfo\":\"https:\/\/www.hossanlumo.fi\/de\/kontakt\/\",\"address\":{\"@id\":\"https:\/\/www.hossanlumo.fi\/de\/camping\/#local-main-place-address\"},\"geo\":{\"@type\":\"GeoCoordinates\",\"latitude\":\"65.44267285711369\",\"longitude\":\"29.551533221541924\"},\"telephone\":[\"+358 500 166 377\"],\"contactPoint\":{\"@type\":\"ContactPoint\",\"telephone\":\"+358 500 166 377\",\"email\":\"info@hossanlumo.fi\"},\"openingHoursSpecification\":[{\"@type\":\"OpeningHoursSpecification\",\"dayOfWeek\":[\"Monday\",\"Tuesday\",\"Wednesday\",\"Thursday\",\"Friday\",\"Saturday\",\"Sunday\"],\"opens\":\"09:00\",\"closes\":\"17:00\"}],\"email\":\"info@hossanlumo.fi\",\"vatID\":\"2725305-9\"},{\"@type\":\"PostalAddress\",\"@id\":\"https:\/\/www.hossanlumo.fi\/de\/camping\/#local-main-place-address\",\"streetAddress\":\"Lumontie 3\",\"addressLocality\":\"Ruhtinansalmi\",\"postalCode\":\"89920\",\"addressCountry\":\"FI\"},{\"@type\":\"ImageObject\",\"inLanguage\":\"de\",\"@id\":\"https:\/\/www.hossanlumo.fi\/de\/camping\/#local-main-organization-logo\",\"url\":\"https:\/\/www.hossanlumo.fi\/wp-content\/uploads\/2025\/08\/hossanlumo-logo-vari-pysty.png\",\"contentUrl\":\"https:\/\/www.hossanlumo.fi\/wp-content\/uploads\/2025\/08\/hossanlumo-logo-vari-pysty.png\",\"width\":500,\"height\":353,\"caption\":\"Hossan Lumo, Finnland\"}]}<\/script>\n<meta name=\"geo.placename\" content=\"Ruhtinansalmi\" \/>\n<meta name=\"geo.position\" content=\"65.44267285711369;29.551533221541924\" \/>\n<meta name=\"geo.region\" content=\"Finnland\" \/>\n<!-- \/ Yoast SEO Premium plugin. -->","yoast_head_json":{"title":"Campingplatz - Hossan Lumo. Finnland","description":"32 Stromanschl\u00fcsse in ruhiger Lage, auf flachem Naturgrundst\u00fcck am See, neben dem Hossa-Nationalpark, in Finnland.","robots":{"index":"index","follow":"follow","max-snippet":"max-snippet:-1","max-image-preview":"max-image-preview:large","max-video-preview":"max-video-preview:-1"},"canonical":"https:\/\/www.hossanlumo.fi\/de\/camping\/","og_locale":"de_DE","og_type":"article","og_title":"Camping","og_description":"32 Stromanschl\u00fcsse in ruhiger Lage, auf flachem Naturgrundst\u00fcck am See, neben dem Hossa-Nationalpark, in Finnland.","og_url":"https:\/\/www.hossanlumo.fi\/de\/camping\/","og_site_name":"Hossan Lumo, Finnland","article_publisher":"https:\/\/www.facebook.com\/","article_modified_time":"2025-10-19T12:35:37+00:00","og_image":[{"width":2048,"height":912,"url":"https:\/\/www.hossanlumo.fi\/wp-content\/uploads\/2024\/10\/hossanlumo-camping-kesa-asuntoauto.jpg","type":"image\/jpeg"}],"twitter_card":"summary_large_image","twitter_misc":{"Gesch\u00e4tzte Lesezeit":"2\u00a0Minuten"},"schema":{"@context":"https:\/\/schema.org","@graph":[{"@type":"WebPage","@id":"https:\/\/www.hossanlumo.fi\/de\/camping\/","url":"https:\/\/www.hossanlumo.fi\/de\/camping\/","name":"Campingplatz - Hossan Lumo. Finnland","isPartOf":{"@id":"https:\/\/www.hossanlumo.fi\/de\/#website"},"primaryImageOfPage":{"@id":"https:\/\/www.hossanlumo.fi\/de\/camping\/#primaryimage"},"image":{"@id":"https:\/\/www.hossanlumo.fi\/de\/camping\/#primaryimage"},"thumbnailUrl":"https:\/\/www.hossanlumo.fi\/wp-content\/uploads\/2024\/10\/hossanlumo-camping-kesa-asuntoauto.jpg","datePublished":"2024-10-08T07:14:36+00:00","dateModified":"2025-10-19T12:35:37+00:00","description":"32 Stromanschl\u00fcsse in ruhiger Lage, auf flachem Naturgrundst\u00fcck am See, neben dem Hossa-Nationalpark, in Finnland.","breadcrumb":{"@id":"https:\/\/www.hossanlumo.fi\/de\/camping\/#breadcrumb"},"inLanguage":"de","potentialAction":[{"@type":"ReadAction","target":["https:\/\/www.hossanlumo.fi\/de\/camping\/"]}]},{"@type":"ImageObject","inLanguage":"de","@id":"https:\/\/www.hossanlumo.fi\/de\/camping\/#primaryimage","url":"https:\/\/www.hossanlumo.fi\/wp-content\/uploads\/2024\/10\/hossanlumo-camping-kesa-asuntoauto.jpg","contentUrl":"https:\/\/www.hossanlumo.fi\/wp-content\/uploads\/2024\/10\/hossanlumo-camping-kesa-asuntoauto.jpg","width":2048,"height":912,"caption":"Leiriytyminen j\u00e4rvenrannalla"},{"@type":"BreadcrumbList","@id":"https:\/\/www.hossanlumo.fi\/de\/camping\/#breadcrumb","itemListElement":[{"@type":"ListItem","position":1,"name":"Etusivu","item":"https:\/\/www.hossanlumo.fi\/de\/"},{"@type":"ListItem","position":2,"name":"Camping"}]},{"@type":"WebSite","@id":"https:\/\/www.hossanlumo.fi\/de\/#website","url":"https:\/\/www.hossanlumo.fi\/de\/","name":"Hossan Lumo","description":"Majoitusta ja leirint\u00e4alue Hossassa","publisher":{"@id":"https:\/\/www.hossanlumo.fi\/de\/#organization"},"alternateName":"Majoitusta Hossan kansallispuiston vieress\u00e4, leirint\u00e4alue","potentialAction":[{"@type":"SearchAction","target":{"@type":"EntryPoint","urlTemplate":"https:\/\/www.hossanlumo.fi\/de\/?s={search_term_string}"},"query-input":{"@type":"PropertyValueSpecification","valueRequired":true,"valueName":"search_term_string"}}],"inLanguage":"de"},{"@type":["Organization","Place","LodgingBusiness"],"@id":"https:\/\/www.hossanlumo.fi\/de\/#organization","name":"Hossan Lumo, Finnland","alternateName":"Majoitusta Hossan kansallispuiston maisemissa","url":"https:\/\/www.hossanlumo.fi\/de\/","logo":{"@id":"https:\/\/www.hossanlumo.fi\/de\/camping\/#local-main-organization-logo"},"image":{"@id":"https:\/\/www.hossanlumo.fi\/de\/camping\/#local-main-organization-logo"},"sameAs":["https:\/\/www.facebook.com\/","https:\/\/www.instagram.com\/"],"ownershipFundingInfo":"https:\/\/www.hossanlumo.fi\/de\/kontakt\/","address":{"@id":"https:\/\/www.hossanlumo.fi\/de\/camping\/#local-main-place-address"},"geo":{"@type":"GeoCoordinates","latitude":"65.44267285711369","longitude":"29.551533221541924"},"telephone":["+358 500 166 377"],"contactPoint":{"@type":"ContactPoint","telephone":"+358 500 166 377","email":"info@hossanlumo.fi"},"openingHoursSpecification":[{"@type":"OpeningHoursSpecification","dayOfWeek":["Monday","Tuesday","Wednesday","Thursday","Friday","Saturday","Sunday"],"opens":"09:00","closes":"17:00"}],"email":"info@hossanlumo.fi","vatID":"2725305-9"},{"@type":"PostalAddress","@id":"https:\/\/www.hossanlumo.fi\/de\/camping\/#local-main-place-address","streetAddress":"Lumontie 3","addressLocality":"Ruhtinansalmi","postalCode":"89920","addressCountry":"FI"},{"@type":"ImageObject","inLanguage":"de","@id":"https:\/\/www.hossanlumo.fi\/de\/camping\/#local-main-organization-logo","url":"https:\/\/www.hossanlumo.fi\/wp-content\/uploads\/2025\/08\/hossanlumo-logo-vari-pysty.png","contentUrl":"https:\/\/www.hossanlumo.fi\/wp-content\/uploads\/2025\/08\/hossanlumo-logo-vari-pysty.png","width":500,"height":353,"caption":"Hossan Lumo, Finnland"}]},"geo.placename":"Ruhtinansalmi","geo.position":{"lat":"65.44267285711369","long":"29.551533221541924"},"geo.region":"Finnland"},"_links":{"self":[{"href":"https:\/\/www.hossanlumo.fi\/de\/wp-json\/wp\/v2\/pages\/823","targetHints":{"allow":["GET"]}}],"collection":[{"href":"https:\/\/www.hossanlumo.fi\/de\/wp-json\/wp\/v2\/pages"}],"about":[{"href":"https:\/\/www.hossanlumo.fi\/de\/wp-json\/wp\/v2\/types\/page"}],"author":[{"embeddable":true,"href":"https:\/\/www.hossanlumo.fi\/de\/wp-json\/wp\/v2\/users\/1"}],"replies":[{"embeddable":true,"href":"https:\/\/www.hossanlumo.fi\/de\/wp-json\/wp\/v2\/comments?post=823"}],"version-history":[{"count":9,"href":"https:\/\/www.hossanlumo.fi\/de\/wp-json\/wp\/v2\/pages\/823\/revisions"}],"predecessor-version":[{"id":2010,"href":"https:\/\/www.hossanlumo.fi\/de\/wp-json\/wp\/v2\/pages\/823\/revisions\/2010"}],"wp:featuredmedia":[{"embeddable":true,"href":"https:\/\/www.hossanlumo.fi\/de\/wp-json\/wp\/v2\/media\/152"}],"wp:attachment":[{"href":"https:\/\/www.hossanlumo.fi\/de\/wp-json\/wp\/v2\/media?parent=823"}],"curies":[{"name":"wp","href":"https:\/\/api.w.org\/{rel}","templated":true}]}}