{"id":874,"date":"2024-10-08T10:15:07","date_gmt":"2024-10-08T07:15:07","guid":{"rendered":"https:\/\/www.hossanlumo.fi\/equipment-and-games-rentals\/"},"modified":"2026-04-08T10:32:19","modified_gmt":"2026-04-08T07:32:19","slug":"verleih-von-ausruestung","status":"publish","type":"page","link":"https:\/\/www.hossanlumo.fi\/de\/verleih-von-ausruestung\/","title":{"rendered":"Verleih von Ausr\u00fcstung"},"content":{"rendered":"<h1>Wir vermieten<\/h1>\n<h2>Ausr\u00fcstung und Spiele<\/h2>\n<div>\n<p>\u00a0 \u00a0 \u00a0 \u00a0 \u00a0 \u00a0 \u00a0 \u00a0 \u00a0 \u00a0 \u00a0 \u00a0 \u00a0 \u00a0 \u00a0 \u00a0 \u00a0 \u00a0 \u00a0 \u00a0 \u00a0 \u00a0 \u00a0 \u00a0 \u00a0 \u00a0 \u00a0 \u00a0 \u00a0 \u00a0 \u00a0 \u00a0 \u00a0 \u00a0 \u00a0 \u00a0 \u00a0 \u00a0 \u00a0 \u00a0 \u00a0 \u00a0 \u00a0 \u00a0 \u00a0 \u00a0 \u00a0<strong>3std \u00a0 \u00a0 \u00a0 \u00a0 \u00a0 \u00a0 8std \u00a0 \u00a0 \u00a0 \u00a0 \u00a0 \u00a0 24std \u00a0 \u00a0 \u00a0 \u00a0 \u00a0 \u00a0Zus\u00e4tslicher Tag<\/strong><\/p>\n<p>Kajak \u00a0 \u00a0 \u00a0 \u00a0 \u00a0 \u00a0 \u00a0 \u00a0 \u00a0 \u00a0 \u00a0 \u00a0 \u00a0 \u00a0 \u00a0 \u00a0 \u00a0 \u00a0 \u00a0 \u00a0 \u00a0 \u00a0 \u00a0 \u00a0 \u00a0 \u00a0 \u00a0 \u00a0 \u00a0 \u00a0 \u00a0 \u00a0 \u00a0 \u00a0 \u00a0 \u00a0 \u00a0 \u00a0 \u00a0 \u00a0 \u00a0 15\u20ac \u00a0 \u00a0 \u00a0 \u00a0 \u00a0 \u00a0 \u00a0 \u00a025\u20ac \u00a0 \u00a0 \u00a0 \u00a0 \u00a0 \u00a0 \u00a0 \u00a0 30\u20ac \u00a0 \u00a0 \u00a0 \u00a0 \u00a0 \u00a0 \u00a0 \u00a0 \u00a025\u20ac<\/p>\n<p>Kanu \u00a0 \u00a0 \u00a0 \u00a0 \u00a0 \u00a0 \u00a0 \u00a0 \u00a0 \u00a0 \u00a0 \u00a0 \u00a0 \u00a0 \u00a0 \u00a0 \u00a0 \u00a0 \u00a0 \u00a0 \u00a0 \u00a0 \u00a0 \u00a0 \u00a0 \u00a0 \u00a0 \u00a0 \u00a0 \u00a0 \u00a0 \u00a0 \u00a0 \u00a0 \u00a0 \u00a0 \u00a0 \u00a0 \u00a0 \u00a0 \u00a0 20\u20ac \u00a0 \u00a0 \u00a0 \u00a0 \u00a0 \u00a0 \u00a0 30\u20ac \u00a0 \u00a0 \u00a0 \u00a0 \u00a0 \u00a0 \u00a0 \u00a0 40\u20ac \u00a0 \u00a0 \u00a0 \u00a0 \u00a0 \u00a0 \u00a0 \u00a0 30\u20ac<\/p>\n<p>Ruderboot \u00a0 \u00a0 \u00a0 \u00a0 \u00a0 \u00a0 \u00a0 \u00a0 \u00a0 \u00a0 \u00a0 \u00a0 \u00a0 \u00a0 \u00a0 \u00a0 \u00a0 \u00a0 \u00a0 \u00a0 \u00a0 \u00a0 \u00a0 \u00a0 \u00a0 \u00a0 \u00a0 \u00a0 \u00a0 \u00a0 \u00a0 \u00a0 \u00a0 \u00a0 \u00a0 \u00a0 15\u20ac \u00a0 \u00a0 \u00a0 \u00a0 \u00a0 \u00a0 \u00a0 \u00a025\u20ac \u00a0 \u00a0 \u00a0 \u00a0 \u00a0 \u00a0 \u00a0 \u00a0 30\u20ac \u00a0 \u00a0 \u00a0 \u00a0 \u00a0\u00a0 \u00a0 \u00a0 \u00a0 25\u20ac<\/p>\n<p>SUP-board \u00a0 \u00a0 \u00a0 \u00a0 \u00a0 \u00a0 \u00a0 \u00a0 \u00a0 \u00a0 \u00a0 \u00a0 \u00a0 \u00a0 \u00a0 \u00a0 \u00a0 \u00a0 \u00a0 \u00a0 \u00a0 \u00a0 \u00a0 \u00a0 \u00a0 \u00a0 \u00a0 \u00a0 \u00a0 \u00a0 \u00a0 \u00a0 \u00a0 \u00a0 \u00a0 \u00a030\u20ac \u00a0 \u00a0 \u00a0 \u00a0 \u00a0 \u00a0 \u00a0 40\u20ac \u00a0 \u00a0 \u00a0 \u00a0 \u00a0 \u00a0 \u00a0 \u00a0 50\u20ac \u00a0 \u00a0 \u00a0 \u00a0 \u00a0 \u00a0 \u00a0 \u00a0 40\u20ac<\/p>\n<p>Fatbike, Trek Farley 5 \u00a0 \u00a0 \u00a0 \u00a0 \u00a0 \u00a0 \u00a0 \u00a0 \u00a0 \u00a0 \u00a0 \u00a0 \u00a0 \u00a0 \u00a0 \u00a0 \u00a0 \u00a0 \u00a0 \u00a0 \u00a0 \u00a0 \u00a0 \u00a0 \u00a0 \u00a0 30\u20ac \u00a0 \u00a0 \u00a0 \u00a0 \u00a0 \u00a0 \u00a0 40\u20ac \u00a0 \u00a0 \u00a0 \u00a0 \u00a0 \u00a0 \u00a0 \u00a0 50\u20ac \u00a0 \u00a0 \u00a0 \u00a0 \u00a0 \u00a0 \u00a0 \u00a0 40\u20ac<\/p>\n<p>E-mountainbike, <span>vollgefedert<\/span>\u00a0 \u00a0 \u00a0 \u00a0 \u00a0 \u00a0 \u00a0 \u00a0 \u00a0 \u00a0 \u00a0 \u00a0 \u00a0 \u00a0 \u00a0 \u00a0 \u00a0 \u00a0 \u00a060\u20ac \u00a0 \u00a0 \u00a0 \u00a0 \u00a0 \u00a0 \u00a0 80\u20ac \u00a0 \u00a0 \u00a0 \u00a0 \u00a0 \u00a0 \u00a0 \u00a0 95\u20ac \u00a0 \u00a0 \u00a0 \u00a0 \u00a0 \u00a0 \u00a0 \u00a0 \u00a080\u20ac<\/p>\n<p>Tourenski \u00a0 \u00a0 \u00a0 \u00a0 \u00a0 \u00a0 \u00a0 \u00a0 \u00a0 \u00a0 \u00a0 \u00a0 \u00a0 \u00a0 \u00a0 \u00a0 \u00a0 \u00a0 \u00a0 \u00a0 \u00a0 \u00a0 \u00a0 \u00a0 \u00a0 \u00a0 \u00a0 \u00a0 \u00a0 \u00a0 \u00a0 \u00a0 \u00a0 \u00a0 \u00a0 \u00a0 \u00a020\u20ac \u00a0 \u00a0 \u00a0 \u00a0 \u00a0 \u00a0 \u00a0 \u00a025\u20ac \u00a0 \u00a0 \u00a0 \u00a0 \u00a0 \u00a0 \u00a0 \u00a0 35\u20ac \u00a0 \u00a0 \u00a0 \u00a0 \u00a0 \u00a0 \u00a0 \u00a0 \u00a025\u20ac<\/p>\n<p>Langlaufski-Set (traditionell) \u00a0 \u00a0 \u00a0 \u00a0 \u00a0 \u00a0 \u00a0 \u00a0 \u00a0 \u00a0 \u00a0 \u00a0 \u00a0 \u00a0 \u00a0 \u00a0 \u00a0 \u00a0 \u00a0 20\u20ac \u00a0 \u00a0 \u00a0 \u00a0 \u00a0 \u00a0 \u00a0 \u00a025\u20ac \u00a0 \u00a0 \u00a0 \u00a0 \u00a0 \u00a0 \u00a0 \u00a0 35\u20ac \u00a0 \u00a0 \u00a0 \u00a0 \u00a0 \u00a0 \u00a0 \u00a0 \u00a025\u20ac<\/p>\n<p>Schneeschuhe \u00a0 \u00a0 \u00a0 \u00a0 \u00a0 \u00a0 \u00a0 \u00a0 \u00a0 \u00a0 \u00a0 \u00a0 \u00a0 \u00a0 \u00a0 \u00a0 \u00a0 \u00a0 \u00a0 \u00a0 \u00a0 \u00a0 \u00a0 \u00a0 \u00a0 \u00a0 \u00a0 \u00a0 \u00a0 \u00a0 \u00a0 \u00a0 \u00a010\u20ac \u00a0 \u00a0 \u00a0 \u00a0 \u00a0 \u00a0 \u00a0 \u00a015\u20ac \u00a0 \u00a0 \u00a0 \u00a0 \u00a0 \u00a0 \u00a0 \u00a0 20\u20ac \u00a0 \u00a0 \u00a0 \u00a0 \u00a0 \u00a0 \u00a0 \u00a0 \u00a015\u20ac<\/p>\n<\/p>\n<p><strong>ACHTUNG<\/strong>! Fahrradverleih im Sommer w\u00e4hrend der \u00d6ffnungszeiten der Rezeption (Abholung und R\u00fcckgabe), die k\u00fcrzer als 12 Stunden sein k\u00f6nnen. Andere Zeiten nach Vereinbarung.<\/p>\n<p>Unter 16-J\u00e4hrige nur in Begleitung der Eltern (inklusive aller Ausr\u00fcstung).<\/p>\n<p>Ahkio (Schlitten) \u20ac35\/Tag<\/p>\n<p>Wanderst\u00f6cke kostenlos, \u20ac10 Kaution<\/p>\n<p>Weitere Aktivit\u00e4ten:<br \/>M\u00f6lkky \u20ac10 Kaution<br \/>Petanque \u20ac15 Kaution<br \/>Der Turm im Hinterhof ist f\u00fcr alle kostenlos<br \/>Brettspiele f\u00fcr jedes Alter!<br \/>Strandsauna ab \u20ac30\/Stunde\/1-4 Personen + \u20ac2\/Stunde\/weitere Person<\/p>\n<\/div>\n<p><!--more--><br \/>\n<!-- {\"type\":\"layout\",\"children\":[{\"type\":\"section\",\"props\":{\"header_transparent\":false,\"header_transparent_noplaceholder\":true,\"height\":\"viewport\",\"height_viewport_offset\":true,\"image\":\"wp-content\/uploads\/2025\/04\/SUP-sunset-scaled-e1744292293823.jpg\",\"image_effect\":\"parallax\",\"image_loading\":true,\"image_parallax_bgy\":\"400\",\"image_position\":\"top-center\",\"image_size\":\"cover\",\"media_overlay\":\"rgba(0, 0, 0, 0.19)\",\"style\":\"default\",\"text_color\":\"light\",\"title_breakpoint\":\"xl\",\"title_position\":\"top-left\",\"title_rotation\":\"left\",\"vertical_align\":\"middle\",\"width\":\"default\"},\"children\":[{\"type\":\"row\",\"children\":[{\"type\":\"column\",\"props\":{\"image_position\":\"center-center\",\"position_sticky_breakpoint\":\"m\"},\"children\":[{\"type\":\"headline\",\"props\":{\"animation\":\"parallax\",\"content\":\"Wir vermieten\",\"image_align\":\"left\",\"image_margin\":\"xsmall\",\"parallax_blur\":\"50\",\"parallax_opacity\":\"1,0\",\"parallax_scale\":\"0.5\",\"text_align\":\"center\",\"title_element\":\"h1\",\"title_style\":\"heading-large\"}},{\"type\":\"headline\",\"props\":{\"animation\":\"parallax\",\"content\":\"Ausr\u00fcstung und Spiele\",\"image_align\":\"left\",\"image_margin\":\"xsmall\",\"margin_top\":\"remove\",\"parallax_blur\":\"50\",\"parallax_opacity\":\"1,0\",\"parallax_scale\":\"0.5\",\"text_align\":\"center\",\"title_element\":\"h2\",\"title_style\":\"heading-small\"}}]}]}],\"name\":\"Hero\"},{\"type\":\"section\",\"props\":{\"image_position\":\"center-center\",\"padding_bottom\":\"large\",\"padding_top\":\"large\",\"style\":\"default\",\"title_breakpoint\":\"xl\",\"title_position\":\"top-left\",\"title_rotation\":\"left\",\"vertical_align\":\"\",\"width\":\"default\"},\"children\":[{\"type\":\"row\",\"props\":{\"width\":\"expand\"},\"children\":[{\"type\":\"column\",\"props\":{\"image_position\":\"center-center\",\"position_sticky_breakpoint\":\"m\",\"vertical_align\":\"middle\"},\"children\":[{\"type\":\"text\",\"props\":{\"column_breakpoint\":\"m\",\"content\":\"\n\n<p>\u00a0 \u00a0 \u00a0 \u00a0 \u00a0 \u00a0 \u00a0 \u00a0 \u00a0 \u00a0 \u00a0 \u00a0 \u00a0 \u00a0 \u00a0 \u00a0 \u00a0 \u00a0 \u00a0 \u00a0 \u00a0 \u00a0 \u00a0 \u00a0 \u00a0 \u00a0 \u00a0 \u00a0 \u00a0 \u00a0 \u00a0 \u00a0 \u00a0 \u00a0 \u00a0 \u00a0 \u00a0 \u00a0 \u00a0 \u00a0 \u00a0 \u00a0 \u00a0 \u00a0 \u00a0 \u00a0 \u00a0<strong>3std \u00a0 \u00a0 \u00a0 \u00a0 \u00a0 \u00a0 8std \u00a0 \u00a0 \u00a0 \u00a0 \u00a0 \u00a0 24std \u00a0 \u00a0 \u00a0 \u00a0 \u00a0 \u00a0Zus\u00e4tslicher Tag<\/strong><\/p>\n\n\\n\n\n<p>Kajak \u00a0 \u00a0 \u00a0 \u00a0 \u00a0 \u00a0 \u00a0 \u00a0 \u00a0 \u00a0 \u00a0 \u00a0 \u00a0 \u00a0 \u00a0 \u00a0 \u00a0 \u00a0 \u00a0 \u00a0 \u00a0 \u00a0 \u00a0 \u00a0 \u00a0 \u00a0 \u00a0 \u00a0 \u00a0 \u00a0 \u00a0 \u00a0 \u00a0 \u00a0 \u00a0 \u00a0 \u00a0 \u00a0 \u00a0 \u00a0 \u00a0 15\u20ac \u00a0 \u00a0 \u00a0 \u00a0 \u00a0 \u00a0 \u00a0 \u00a025\u20ac \u00a0 \u00a0 \u00a0 \u00a0 \u00a0 \u00a0 \u00a0 \u00a0 30\u20ac \u00a0 \u00a0 \u00a0 \u00a0 \u00a0 \u00a0 \u00a0 \u00a0 \u00a025\u20ac<\/p>\n\n\\n\n\n<p>Kanu \u00a0 \u00a0 \u00a0 \u00a0 \u00a0 \u00a0 \u00a0 \u00a0 \u00a0 \u00a0 \u00a0 \u00a0 \u00a0 \u00a0 \u00a0 \u00a0 \u00a0 \u00a0 \u00a0 \u00a0 \u00a0 \u00a0 \u00a0 \u00a0 \u00a0 \u00a0 \u00a0 \u00a0 \u00a0 \u00a0 \u00a0 \u00a0 \u00a0 \u00a0 \u00a0 \u00a0 \u00a0 \u00a0 \u00a0 \u00a0 \u00a0 20\u20ac \u00a0 \u00a0 \u00a0 \u00a0 \u00a0 \u00a0 \u00a0 30\u20ac \u00a0 \u00a0 \u00a0 \u00a0 \u00a0 \u00a0 \u00a0 \u00a0 40\u20ac \u00a0 \u00a0 \u00a0 \u00a0 \u00a0 \u00a0 \u00a0 \u00a0 30\u20ac<\/p>\n\n\\n\n\n<p>Ruderboot \u00a0 \u00a0 \u00a0 \u00a0 \u00a0 \u00a0 \u00a0 \u00a0 \u00a0 \u00a0 \u00a0 \u00a0 \u00a0 \u00a0 \u00a0 \u00a0 \u00a0 \u00a0 \u00a0 \u00a0 \u00a0 \u00a0 \u00a0 \u00a0 \u00a0 \u00a0 \u00a0 \u00a0 \u00a0 \u00a0 \u00a0 \u00a0 \u00a0 \u00a0 \u00a0 \u00a0 15\u20ac \u00a0 \u00a0 \u00a0 \u00a0 \u00a0 \u00a0 \u00a0 \u00a025\u20ac \u00a0 \u00a0 \u00a0 \u00a0 \u00a0 \u00a0 \u00a0 \u00a0 30\u20ac \u00a0 \u00a0 \u00a0 \u00a0 \u00a0\u00a0 \u00a0 \u00a0 \u00a0 25\u20ac<\/p>\n\n\\n\n\n<p>SUP-board \u00a0 \u00a0 \u00a0 \u00a0 \u00a0 \u00a0 \u00a0 \u00a0 \u00a0 \u00a0 \u00a0 \u00a0 \u00a0 \u00a0 \u00a0 \u00a0 \u00a0 \u00a0 \u00a0 \u00a0 \u00a0 \u00a0 \u00a0 \u00a0 \u00a0 \u00a0 \u00a0 \u00a0 \u00a0 \u00a0 \u00a0 \u00a0 \u00a0 \u00a0 \u00a0 \u00a030\u20ac \u00a0 \u00a0 \u00a0 \u00a0 \u00a0 \u00a0 \u00a0 40\u20ac \u00a0 \u00a0 \u00a0 \u00a0 \u00a0 \u00a0 \u00a0 \u00a0 50\u20ac \u00a0 \u00a0 \u00a0 \u00a0 \u00a0 \u00a0 \u00a0 \u00a0 40\u20ac<\/p>\n\n\\n\n\n<p>Fatbike, Trek Farley 5 \u00a0 \u00a0 \u00a0 \u00a0 \u00a0 \u00a0 \u00a0 \u00a0 \u00a0 \u00a0 \u00a0 \u00a0 \u00a0 \u00a0 \u00a0 \u00a0 \u00a0 \u00a0 \u00a0 \u00a0 \u00a0 \u00a0 \u00a0 \u00a0 \u00a0 \u00a0 30\u20ac \u00a0 \u00a0 \u00a0 \u00a0 \u00a0 \u00a0 \u00a0 40\u20ac \u00a0 \u00a0 \u00a0 \u00a0 \u00a0 \u00a0 \u00a0 \u00a0 50\u20ac \u00a0 \u00a0 \u00a0 \u00a0 \u00a0 \u00a0 \u00a0 \u00a0 40\u20ac<\/p>\n\n\\n\n\n<p>E-mountainbike, <span>vollgefedert<\/span>\u00a0 \u00a0 \u00a0 \u00a0 \u00a0 \u00a0 \u00a0 \u00a0 \u00a0 \u00a0 \u00a0 \u00a0 \u00a0 \u00a0 \u00a0 \u00a0 \u00a0 \u00a0 \u00a060\u20ac \u00a0 \u00a0 \u00a0 \u00a0 \u00a0 \u00a0 \u00a0 80\u20ac \u00a0 \u00a0 \u00a0 \u00a0 \u00a0 \u00a0 \u00a0 \u00a0 95\u20ac \u00a0 \u00a0 \u00a0 \u00a0 \u00a0 \u00a0 \u00a0 \u00a0 \u00a080\u20ac<\/p>\n\n\\n\n\n<p>Tourenski \u00a0 \u00a0 \u00a0 \u00a0 \u00a0 \u00a0 \u00a0 \u00a0 \u00a0 \u00a0 \u00a0 \u00a0 \u00a0 \u00a0 \u00a0 \u00a0 \u00a0 \u00a0 \u00a0 \u00a0 \u00a0 \u00a0 \u00a0 \u00a0 \u00a0 \u00a0 \u00a0 \u00a0 \u00a0 \u00a0 \u00a0 \u00a0 \u00a0 \u00a0 \u00a0 \u00a0 \u00a020\u20ac \u00a0 \u00a0 \u00a0 \u00a0 \u00a0 \u00a0 \u00a0 \u00a025\u20ac \u00a0 \u00a0 \u00a0 \u00a0 \u00a0 \u00a0 \u00a0 \u00a0 35\u20ac \u00a0 \u00a0 \u00a0 \u00a0 \u00a0 \u00a0 \u00a0 \u00a0 \u00a025\u20ac<\/p>\n\n\\n\n\n<p>Langlaufski-Set (traditionell) \u00a0 \u00a0 \u00a0 \u00a0 \u00a0 \u00a0 \u00a0 \u00a0 \u00a0 \u00a0 \u00a0 \u00a0 \u00a0 \u00a0 \u00a0 \u00a0 \u00a0 \u00a0 \u00a0 20\u20ac \u00a0 \u00a0 \u00a0 \u00a0 \u00a0 \u00a0 \u00a0 \u00a025\u20ac \u00a0 \u00a0 \u00a0 \u00a0 \u00a0 \u00a0 \u00a0 \u00a0 35\u20ac \u00a0 \u00a0 \u00a0 \u00a0 \u00a0 \u00a0 \u00a0 \u00a0 \u00a025\u20ac<\/p>\n\n\\n\n\n<p>Schneeschuhe \u00a0 \u00a0 \u00a0 \u00a0 \u00a0 \u00a0 \u00a0 \u00a0 \u00a0 \u00a0 \u00a0 \u00a0 \u00a0 \u00a0 \u00a0 \u00a0 \u00a0 \u00a0 \u00a0 \u00a0 \u00a0 \u00a0 \u00a0 \u00a0 \u00a0 \u00a0 \u00a0 \u00a0 \u00a0 \u00a0 \u00a0 \u00a0 \u00a010\u20ac \u00a0 \u00a0 \u00a0 \u00a0 \u00a0 \u00a0 \u00a0 \u00a015\u20ac \u00a0 \u00a0 \u00a0 \u00a0 \u00a0 \u00a0 \u00a0 \u00a0 20\u20ac \u00a0 \u00a0 \u00a0 \u00a0 \u00a0 \u00a0 \u00a0 \u00a0 \u00a015\u20ac<\/p>\n\n\\n\n\n\n\n\\n\n\n<p><strong>ACHTUNG<\/strong>! Fahrradverleih im Sommer w\u00e4hrend der \u00d6ffnungszeiten der Rezeption (Abholung und R\u00fcckgabe), die k\u00fcrzer als 12 Stunden sein k\u00f6nnen. Andere Zeiten nach Vereinbarung.<\/p>\n\n\\n\n\n<p>Unter 16-J\u00e4hrige nur in Begleitung der Eltern (inklusive aller Ausr\u00fcstung).<\/p>\n\n\\n\n\n<p>Ahkio (Schlitten) \u20ac35\/Tag<\/p>\n\n\\n\n\n<p>Wanderst\u00f6cke kostenlos, \u20ac10 Kaution<\/p>\n\n\\n\n\n<p>Weitere Aktivit\u00e4ten:<br \/>M\u00f6lkky \u20ac10 Kaution<br \/>Petanque \u20ac15 Kaution<br \/>Der Turm im Hinterhof ist f\u00fcr alle kostenlos<br \/>Brettspiele f\u00fcr jedes Alter!<br \/>Strandsauna ab \u20ac30\/Stunde\/1-4 Personen + \u20ac2\/Stunde\/weitere Person<\/p>\n\n\",\"margin_bottom\":\"default\",\"margin_top\":\"default\"}}]}]}]}],\"version\":\"5.0.22\"} --><\/p>\n","protected":false},"excerpt":{"rendered":"<p>Wir vermieten Ausr\u00fcstung und Spiele \u00a0 \u00a0 \u00a0 \u00a0 \u00a0 \u00a0 \u00a0 \u00a0 \u00a0 \u00a0 \u00a0 \u00a0 \u00a0 \u00a0 \u00a0 \u00a0 \u00a0 \u00a0 \u00a0 \u00a0 \u00a0 \u00a0 \u00a0 \u00a0 \u00a0 \u00a0 \u00a0 \u00a0 \u00a0 \u00a0 \u00a0 \u00a0 \u00a0 \u00a0 \u00a0 \u00a0 \u00a0 \u00a0 \u00a0 \u00a0 \u00a0 \u00a0 \u00a0 \u00a0 \u00a0 \u00a0 \u00a03std \u00a0 \u00a0 \u00a0 [&hellip;]<\/p>\n","protected":false},"author":1,"featured_media":1148,"parent":0,"menu_order":0,"comment_status":"closed","ping_status":"closed","template":"","meta":{"_acf_changed":false,"footnotes":""},"class_list":["post-874","page","type-page","status-publish","has-post-thumbnail","hentry"],"acf":[],"yoast_head":"<!-- This site is optimized with the Yoast SEO Premium plugin v27.5 (Yoast SEO v27.5) - https:\/\/yoast.com\/product\/yoast-seo-premium-wordpress\/ -->\n<title>Verleih von Ausr\u00fcstung - Hossan Lumo, Finnland<\/title>\n<meta name=\"description\" content=\"We rent Equipments like canoe, kayak, fatbikes, SUP boards, cross country and Backcountry ski\u2019s. Our clients can use games for free.\" \/>\n<meta name=\"robots\" content=\"index, follow, max-snippet:-1, max-image-preview:large, max-video-preview:-1\" \/>\n<link rel=\"canonical\" href=\"https:\/\/www.hossanlumo.fi\/de\/verleih-von-ausruestung\/\" \/>\n<meta property=\"og:locale\" content=\"de_DE\" \/>\n<meta property=\"og:type\" content=\"article\" \/>\n<meta property=\"og:title\" content=\"Verleih von Ausr\u00fcstung\" \/>\n<meta property=\"og:description\" content=\"We rent Equipments like canoe, kayak, fatbikes, SUP boards, cross country and Backcountry ski\u2019s. Our clients can use games for free.\" \/>\n<meta property=\"og:url\" content=\"https:\/\/www.hossanlumo.fi\/de\/verleih-von-ausruestung\/\" \/>\n<meta property=\"og:site_name\" content=\"Hossan Lumo, Finnland\" \/>\n<meta property=\"article:publisher\" content=\"https:\/\/www.facebook.com\/\" \/>\n<meta property=\"article:modified_time\" content=\"2026-04-08T07:32:19+00:00\" \/>\n<meta property=\"og:image\" content=\"https:\/\/www.hossanlumo.fi\/wp-content\/uploads\/2025\/04\/Canoe-cabins-scaled-e1744292226281.jpg\" \/>\n\t<meta property=\"og:image:width\" content=\"1920\" \/>\n\t<meta property=\"og:image:height\" content=\"1440\" \/>\n\t<meta property=\"og:image:type\" content=\"image\/jpeg\" \/>\n<meta name=\"twitter:card\" content=\"summary_large_image\" \/>\n<meta name=\"twitter:label1\" content=\"Gesch\u00e4tzte Lesezeit\" \/>\n\t<meta name=\"twitter:data1\" content=\"1\u00a0Minute\" \/>\n<script type=\"application\/ld+json\" class=\"yoast-schema-graph\">{\"@context\":\"https:\\\/\\\/schema.org\",\"@graph\":[{\"@type\":\"WebPage\",\"@id\":\"https:\\\/\\\/www.hossanlumo.fi\\\/de\\\/verleih-von-ausruestung\\\/\",\"url\":\"https:\\\/\\\/www.hossanlumo.fi\\\/de\\\/verleih-von-ausruestung\\\/\",\"name\":\"Verleih von Ausr\u00fcstung - Hossan Lumo, Finnland\",\"isPartOf\":{\"@id\":\"https:\\\/\\\/www.hossanlumo.fi\\\/de\\\/#website\"},\"primaryImageOfPage\":{\"@id\":\"https:\\\/\\\/www.hossanlumo.fi\\\/de\\\/verleih-von-ausruestung\\\/#primaryimage\"},\"image\":{\"@id\":\"https:\\\/\\\/www.hossanlumo.fi\\\/de\\\/verleih-von-ausruestung\\\/#primaryimage\"},\"thumbnailUrl\":\"https:\\\/\\\/www.hossanlumo.fi\\\/wp-content\\\/uploads\\\/2025\\\/04\\\/Canoe-cabins-scaled-e1744292226281.jpg\",\"datePublished\":\"2024-10-08T07:15:07+00:00\",\"dateModified\":\"2026-04-08T07:32:19+00:00\",\"description\":\"We rent Equipments like canoe, kayak, fatbikes, SUP boards, cross country and Backcountry ski\u2019s. Our clients can use games for free.\",\"breadcrumb\":{\"@id\":\"https:\\\/\\\/www.hossanlumo.fi\\\/de\\\/verleih-von-ausruestung\\\/#breadcrumb\"},\"inLanguage\":\"de\",\"potentialAction\":[{\"@type\":\"ReadAction\",\"target\":[\"https:\\\/\\\/www.hossanlumo.fi\\\/de\\\/verleih-von-ausruestung\\\/\"]}]},{\"@type\":\"ImageObject\",\"inLanguage\":\"de\",\"@id\":\"https:\\\/\\\/www.hossanlumo.fi\\\/de\\\/verleih-von-ausruestung\\\/#primaryimage\",\"url\":\"https:\\\/\\\/www.hossanlumo.fi\\\/wp-content\\\/uploads\\\/2025\\\/04\\\/Canoe-cabins-scaled-e1744292226281.jpg\",\"contentUrl\":\"https:\\\/\\\/www.hossanlumo.fi\\\/wp-content\\\/uploads\\\/2025\\\/04\\\/Canoe-cabins-scaled-e1744292226281.jpg\",\"width\":1920,\"height\":1440,\"caption\":\"Canoeing in Hossanlahti in Hossan Lumo near Hossa National Park\"},{\"@type\":\"BreadcrumbList\",\"@id\":\"https:\\\/\\\/www.hossanlumo.fi\\\/de\\\/verleih-von-ausruestung\\\/#breadcrumb\",\"itemListElement\":[{\"@type\":\"ListItem\",\"position\":1,\"name\":\"Etusivu\",\"item\":\"https:\\\/\\\/www.hossanlumo.fi\\\/de\\\/\"},{\"@type\":\"ListItem\",\"position\":2,\"name\":\"Verleih von Ausr\u00fcstung\"}]},{\"@type\":\"WebSite\",\"@id\":\"https:\\\/\\\/www.hossanlumo.fi\\\/de\\\/#website\",\"url\":\"https:\\\/\\\/www.hossanlumo.fi\\\/de\\\/\",\"name\":\"Hossan Lumo\",\"description\":\"Majoitusta ja leirint\u00e4alue Hossassa\",\"publisher\":{\"@id\":\"https:\\\/\\\/www.hossanlumo.fi\\\/de\\\/#organization\"},\"alternateName\":\"Majoitusta Hossan kansallispuiston vieress\u00e4, leirint\u00e4alue\",\"potentialAction\":[{\"@type\":\"SearchAction\",\"target\":{\"@type\":\"EntryPoint\",\"urlTemplate\":\"https:\\\/\\\/www.hossanlumo.fi\\\/de\\\/?s={search_term_string}\"},\"query-input\":{\"@type\":\"PropertyValueSpecification\",\"valueRequired\":true,\"valueName\":\"search_term_string\"}}],\"inLanguage\":\"de\"},{\"@type\":[\"Organization\",\"Place\",\"LodgingBusiness\"],\"@id\":\"https:\\\/\\\/www.hossanlumo.fi\\\/de\\\/#organization\",\"name\":\"Hossan Lumo, Finnland\",\"alternateName\":\"Majoitusta Hossan kansallispuiston maisemissa\",\"url\":\"https:\\\/\\\/www.hossanlumo.fi\\\/de\\\/\",\"logo\":{\"@id\":\"https:\\\/\\\/www.hossanlumo.fi\\\/de\\\/verleih-von-ausruestung\\\/#local-main-organization-logo\"},\"image\":{\"@id\":\"https:\\\/\\\/www.hossanlumo.fi\\\/de\\\/verleih-von-ausruestung\\\/#local-main-organization-logo\"},\"sameAs\":[\"https:\\\/\\\/www.facebook.com\\\/\",\"https:\\\/\\\/www.instagram.com\\\/\"],\"ownershipFundingInfo\":\"https:\\\/\\\/www.hossanlumo.fi\\\/de\\\/kontakt\\\/\",\"address\":{\"@id\":\"https:\\\/\\\/www.hossanlumo.fi\\\/de\\\/verleih-von-ausruestung\\\/#local-main-place-address\"},\"geo\":{\"@type\":\"GeoCoordinates\",\"latitude\":\"65.44267285711369\",\"longitude\":\"29.551533221541924\"},\"telephone\":[\"+358 500 166 377\"],\"contactPoint\":{\"@type\":\"ContactPoint\",\"telephone\":\"+358 500 166 377\",\"email\":\"info@hossanlumo.fi\"},\"openingHoursSpecification\":[{\"@type\":\"OpeningHoursSpecification\",\"dayOfWeek\":[\"Monday\",\"Tuesday\",\"Wednesday\",\"Thursday\",\"Friday\",\"Saturday\",\"Sunday\"],\"opens\":\"09:00\",\"closes\":\"17:00\"}],\"email\":\"info@hossanlumo.fi\",\"vatID\":\"2725305-9\"},{\"@type\":\"PostalAddress\",\"@id\":\"https:\\\/\\\/www.hossanlumo.fi\\\/de\\\/verleih-von-ausruestung\\\/#local-main-place-address\",\"streetAddress\":\"Lumontie 3\",\"addressLocality\":\"Ruhtinansalmi\",\"postalCode\":\"89920\",\"addressCountry\":\"FI\"},{\"@type\":\"ImageObject\",\"inLanguage\":\"de\",\"@id\":\"https:\\\/\\\/www.hossanlumo.fi\\\/de\\\/verleih-von-ausruestung\\\/#local-main-organization-logo\",\"url\":\"https:\\\/\\\/www.hossanlumo.fi\\\/wp-content\\\/uploads\\\/2025\\\/08\\\/hossanlumo-logo-vari-pysty.png\",\"contentUrl\":\"https:\\\/\\\/www.hossanlumo.fi\\\/wp-content\\\/uploads\\\/2025\\\/08\\\/hossanlumo-logo-vari-pysty.png\",\"width\":500,\"height\":353,\"caption\":\"Hossan Lumo, Finnland\"}]}<\/script>\n<meta name=\"geo.placename\" content=\"Ruhtinansalmi\" \/>\n<meta name=\"geo.position\" content=\"65.44267285711369;29.551533221541924\" \/>\n<meta name=\"geo.region\" content=\"Finnland\" \/>\n<!-- \/ Yoast SEO Premium plugin. -->","yoast_head_json":{"title":"Verleih von Ausr\u00fcstung - Hossan Lumo, Finnland","description":"We rent Equipments like canoe, kayak, fatbikes, SUP boards, cross country and Backcountry ski\u2019s. Our clients can use games for free.","robots":{"index":"index","follow":"follow","max-snippet":"max-snippet:-1","max-image-preview":"max-image-preview:large","max-video-preview":"max-video-preview:-1"},"canonical":"https:\/\/www.hossanlumo.fi\/de\/verleih-von-ausruestung\/","og_locale":"de_DE","og_type":"article","og_title":"Verleih von Ausr\u00fcstung","og_description":"We rent Equipments like canoe, kayak, fatbikes, SUP boards, cross country and Backcountry ski\u2019s. Our clients can use games for free.","og_url":"https:\/\/www.hossanlumo.fi\/de\/verleih-von-ausruestung\/","og_site_name":"Hossan Lumo, Finnland","article_publisher":"https:\/\/www.facebook.com\/","article_modified_time":"2026-04-08T07:32:19+00:00","og_image":[{"width":1920,"height":1440,"url":"https:\/\/www.hossanlumo.fi\/wp-content\/uploads\/2025\/04\/Canoe-cabins-scaled-e1744292226281.jpg","type":"image\/jpeg"}],"twitter_card":"summary_large_image","twitter_misc":{"Gesch\u00e4tzte Lesezeit":"1\u00a0Minute"},"schema":{"@context":"https:\/\/schema.org","@graph":[{"@type":"WebPage","@id":"https:\/\/www.hossanlumo.fi\/de\/verleih-von-ausruestung\/","url":"https:\/\/www.hossanlumo.fi\/de\/verleih-von-ausruestung\/","name":"Verleih von Ausr\u00fcstung - Hossan Lumo, Finnland","isPartOf":{"@id":"https:\/\/www.hossanlumo.fi\/de\/#website"},"primaryImageOfPage":{"@id":"https:\/\/www.hossanlumo.fi\/de\/verleih-von-ausruestung\/#primaryimage"},"image":{"@id":"https:\/\/www.hossanlumo.fi\/de\/verleih-von-ausruestung\/#primaryimage"},"thumbnailUrl":"https:\/\/www.hossanlumo.fi\/wp-content\/uploads\/2025\/04\/Canoe-cabins-scaled-e1744292226281.jpg","datePublished":"2024-10-08T07:15:07+00:00","dateModified":"2026-04-08T07:32:19+00:00","description":"We rent Equipments like canoe, kayak, fatbikes, SUP boards, cross country and Backcountry ski\u2019s. Our clients can use games for free.","breadcrumb":{"@id":"https:\/\/www.hossanlumo.fi\/de\/verleih-von-ausruestung\/#breadcrumb"},"inLanguage":"de","potentialAction":[{"@type":"ReadAction","target":["https:\/\/www.hossanlumo.fi\/de\/verleih-von-ausruestung\/"]}]},{"@type":"ImageObject","inLanguage":"de","@id":"https:\/\/www.hossanlumo.fi\/de\/verleih-von-ausruestung\/#primaryimage","url":"https:\/\/www.hossanlumo.fi\/wp-content\/uploads\/2025\/04\/Canoe-cabins-scaled-e1744292226281.jpg","contentUrl":"https:\/\/www.hossanlumo.fi\/wp-content\/uploads\/2025\/04\/Canoe-cabins-scaled-e1744292226281.jpg","width":1920,"height":1440,"caption":"Canoeing in Hossanlahti in Hossan Lumo near Hossa National Park"},{"@type":"BreadcrumbList","@id":"https:\/\/www.hossanlumo.fi\/de\/verleih-von-ausruestung\/#breadcrumb","itemListElement":[{"@type":"ListItem","position":1,"name":"Etusivu","item":"https:\/\/www.hossanlumo.fi\/de\/"},{"@type":"ListItem","position":2,"name":"Verleih von Ausr\u00fcstung"}]},{"@type":"WebSite","@id":"https:\/\/www.hossanlumo.fi\/de\/#website","url":"https:\/\/www.hossanlumo.fi\/de\/","name":"Hossan Lumo","description":"Majoitusta ja leirint\u00e4alue Hossassa","publisher":{"@id":"https:\/\/www.hossanlumo.fi\/de\/#organization"},"alternateName":"Majoitusta Hossan kansallispuiston vieress\u00e4, leirint\u00e4alue","potentialAction":[{"@type":"SearchAction","target":{"@type":"EntryPoint","urlTemplate":"https:\/\/www.hossanlumo.fi\/de\/?s={search_term_string}"},"query-input":{"@type":"PropertyValueSpecification","valueRequired":true,"valueName":"search_term_string"}}],"inLanguage":"de"},{"@type":["Organization","Place","LodgingBusiness"],"@id":"https:\/\/www.hossanlumo.fi\/de\/#organization","name":"Hossan Lumo, Finnland","alternateName":"Majoitusta Hossan kansallispuiston maisemissa","url":"https:\/\/www.hossanlumo.fi\/de\/","logo":{"@id":"https:\/\/www.hossanlumo.fi\/de\/verleih-von-ausruestung\/#local-main-organization-logo"},"image":{"@id":"https:\/\/www.hossanlumo.fi\/de\/verleih-von-ausruestung\/#local-main-organization-logo"},"sameAs":["https:\/\/www.facebook.com\/","https:\/\/www.instagram.com\/"],"ownershipFundingInfo":"https:\/\/www.hossanlumo.fi\/de\/kontakt\/","address":{"@id":"https:\/\/www.hossanlumo.fi\/de\/verleih-von-ausruestung\/#local-main-place-address"},"geo":{"@type":"GeoCoordinates","latitude":"65.44267285711369","longitude":"29.551533221541924"},"telephone":["+358 500 166 377"],"contactPoint":{"@type":"ContactPoint","telephone":"+358 500 166 377","email":"info@hossanlumo.fi"},"openingHoursSpecification":[{"@type":"OpeningHoursSpecification","dayOfWeek":["Monday","Tuesday","Wednesday","Thursday","Friday","Saturday","Sunday"],"opens":"09:00","closes":"17:00"}],"email":"info@hossanlumo.fi","vatID":"2725305-9"},{"@type":"PostalAddress","@id":"https:\/\/www.hossanlumo.fi\/de\/verleih-von-ausruestung\/#local-main-place-address","streetAddress":"Lumontie 3","addressLocality":"Ruhtinansalmi","postalCode":"89920","addressCountry":"FI"},{"@type":"ImageObject","inLanguage":"de","@id":"https:\/\/www.hossanlumo.fi\/de\/verleih-von-ausruestung\/#local-main-organization-logo","url":"https:\/\/www.hossanlumo.fi\/wp-content\/uploads\/2025\/08\/hossanlumo-logo-vari-pysty.png","contentUrl":"https:\/\/www.hossanlumo.fi\/wp-content\/uploads\/2025\/08\/hossanlumo-logo-vari-pysty.png","width":500,"height":353,"caption":"Hossan Lumo, Finnland"}]},"geo.placename":"Ruhtinansalmi","geo.position":{"lat":"65.44267285711369","long":"29.551533221541924"},"geo.region":"Finnland"},"_links":{"self":[{"href":"https:\/\/www.hossanlumo.fi\/de\/wp-json\/wp\/v2\/pages\/874","targetHints":{"allow":["GET"]}}],"collection":[{"href":"https:\/\/www.hossanlumo.fi\/de\/wp-json\/wp\/v2\/pages"}],"about":[{"href":"https:\/\/www.hossanlumo.fi\/de\/wp-json\/wp\/v2\/types\/page"}],"author":[{"embeddable":true,"href":"https:\/\/www.hossanlumo.fi\/de\/wp-json\/wp\/v2\/users\/1"}],"replies":[{"embeddable":true,"href":"https:\/\/www.hossanlumo.fi\/de\/wp-json\/wp\/v2\/comments?post=874"}],"version-history":[{"count":5,"href":"https:\/\/www.hossanlumo.fi\/de\/wp-json\/wp\/v2\/pages\/874\/revisions"}],"predecessor-version":[{"id":2411,"href":"https:\/\/www.hossanlumo.fi\/de\/wp-json\/wp\/v2\/pages\/874\/revisions\/2411"}],"wp:featuredmedia":[{"embeddable":true,"href":"https:\/\/www.hossanlumo.fi\/de\/wp-json\/wp\/v2\/media\/1148"}],"wp:attachment":[{"href":"https:\/\/www.hossanlumo.fi\/de\/wp-json\/wp\/v2\/media?parent=874"}],"curies":[{"name":"wp","href":"https:\/\/api.w.org\/{rel}","templated":true}]}}