{"id":1714,"date":"2024-10-08T10:14:36","date_gmt":"2024-10-08T07:14:36","guid":{"rendered":"https:\/\/hossanlumo.fi\/camping\/"},"modified":"2025-10-19T15:34:40","modified_gmt":"2025-10-19T12:34:40","slug":"camping","status":"publish","type":"page","link":"https:\/\/www.hossanlumo.fi\/fr\/camping\/","title":{"rendered":"Camping"},"content":{"rendered":"<h1>Camping<\/h1>\n<h4>Emplacements pour tentes et caravanes<\/h4>\n<div>\n<h2>Camping<\/h2>\n<p>LES SERVICES DU CAMPING SONT FERM\u00c9S POUR LA SAISON. NOUS ROUVRIRONS EN MAI 2026.<\/p>\n<div>\n<p><strong>Sur le site, 32 emplacements avec raccordement \u00e9lectrique<\/strong> se trouvent dans un endroit calme, sur un terrain plat de lande de pins, au bord du lac Hossanj\u00e4rvi.<\/p>\n<p>Le b\u00e2timent de service comprend des WC et des douches, une cuisine et une salle \u00e0 manger, ainsi qu\u2019une buanderie. La cuisine est \u00e9quip\u00e9e d\u2019un four avec plaques de cuisson, d\u2019un r\u00e9frig\u00e9rateur, d\u2019un micro-ondes, d\u2019une cafeti\u00e8re, d\u2019une bouilloire et d\u2019un grille-pain.<\/p>\n<p>Le b\u00e2timent de service est accessible du <strong>1er juin au 30 septembre<\/strong> (pendant la p\u00e9riode hors gel).<\/p>\n<p>Le sauna au bord du lac est gratuit pendant les horaires communs (juin \u00e0 octobre). En dehors de ces horaires, il peut \u00eatre r\u00e9serv\u00e9 pour un usage priv\u00e9, y compris en hiver.<\/p>\n<h3>Tarifs<\/h3>\n<ul>\n<li><strong>Camping-caravanes \/ camping-cars<\/strong> : forfait de base <strong>18 \u20ac \/ nuit<\/strong> + 4 \u20ac \/ adulte, 2 \u20ac \/ enfant (-15 ans)<\/li>\n<li><strong>Membres Caravan<\/strong> : forfait de base <strong>16 \u20ac \/ nuit<\/strong> + 4 \u20ac \/ adulte, 2 \u20ac \/ enfant (-15 ans)<\/li>\n<li><strong>Tente<\/strong> : forfait de base <strong>14 \u20ac \/ nuit<\/strong> + 4 \u20ac \/ adulte, 2 \u20ac \/ enfant<\/li>\n<li><strong>Raccordement \u00e9lectrique<\/strong> : 8 \u20ac \/ nuit (1.5.\u201331.8.), 9 \u20ac \/ nuit (1.9.\u201330.9., lumi\u00e8re et chauffage)<br \/><strong>OU<\/strong> \u00e9lectricit\u00e9 au compteur : forfait de base 2 \u20ac + 0,40 \u20ac\/kWh<\/li>\n<\/ul>\n<h3>Remarques<\/h3>\n<ul>\n<li>Les services sont disponibles uniquement pendant les mois d\u2019\u00e9t\u00e9.<\/li>\n<li><strong>Aucun emplacement pour tentes ou caravanes ne peut \u00eatre r\u00e9serv\u00e9 \u00e0 l\u2019avance.<\/strong><\/li>\n<\/ul>\n<\/div>\n<\/div>\n<ul>\n<li>\n<p>        <img decoding=\"async\" src=\"\/wp-content\/uploads\/2024\/10\/rantasauna.jpg\" alt=\"\"><\/p>\n<h3>Sauna au bord du lac<\/h3>\n<div>\n<p>Les horaires communs du sauna au bord du lac sont gratuits (de juin \u00e0 octobre). En dehors de ces horaires, le sauna peut \u00eatre r\u00e9serv\u00e9 pour un usage priv\u00e9, y compris en hiver.<\/p>\n<\/div>\n<\/li>\n<li>\n<p>        <img decoding=\"async\" src=\"\/wp-content\/uploads\/2025\/08\/kahvio-scaled.jpg\" alt=\"Kahvio\"><\/p>\n<h3>\u00c9picerie-caf\u00e9<\/h3>\n<div>\n<p data-start=\"53\" data-end=\"171\">Notre sup\u00e9rette de style minimarket et le caf\u00e9 attenant accueillent les clients de la mi-mai jusqu\u2019\u00e0 la fin octobre.<\/p>\n<\/div>\n<p><a href=\"https:\/\/www.hossanlumo.fi\/fr\/epicerie-cafe\/\"><\/a><\/p>\n<\/li>\n<li>\n<p>        <img decoding=\"async\" src=\"\/wp-content\/uploads\/2024\/10\/kotarannassa.jpg\" alt=\"\"><\/p>\n<h3>Services<\/h3>\n<div>\n<ul>\n<li data-start=\"63\" data-end=\"118\">Service de vidange pour les camping-cars et caravanes<\/li>\n<li data-start=\"63\" data-end=\"118\">Aire de jeux pour enfants<\/li>\n<li data-start=\"63\" data-end=\"118\">Belle plage de sable avec fond sablonneux<\/li>\n<li data-start=\"63\" data-end=\"118\">Location de mat\u00e9riel<\/li>\n<li data-start=\"63\" data-end=\"118\">Station-service SEO (station automatique) \u00e0 200 m<\/li>\n<\/ul>\n<\/div>\n<\/li>\n<\/ul>\n<p><!--more--><br \/>\n<!-- {\"type\":\"layout\",\"children\":[{\"type\":\"section\",\"props\":{\"header_transparent\":false,\"header_transparent_noplaceholder\":true,\"height\":\"viewport\",\"height_offset_top\":true,\"height_viewport\":90,\"image\":\"wp-content\\\/uploads\\\/2024\\\/10\\\/hossanlumo-camping-kesa-asuntoauto.jpg\",\"image_effect\":\"parallax\",\"image_loading\":true,\"image_parallax_bgy\":\"000\",\"image_position\":\"center-center\",\"image_size\":\"cover\",\"media_overlay\":\"rgba(0, 0, 0, 0.17)\",\"style\":\"default\",\"text_color\":\"light\",\"title_breakpoint\":\"xl\",\"title_position\":\"top-left\",\"title_rotation\":\"left\",\"vertical_align\":\"middle\",\"width\":\"default\"},\"children\":[{\"type\":\"row\",\"children\":[{\"type\":\"column\",\"props\":{\"image_position\":\"center-center\",\"position_sticky_breakpoint\":\"m\"},\"children\":[{\"type\":\"headline\",\"props\":{\"animation\":\"parallax\",\"content\":\"Camping\",\"parallax_blur\":\"50\",\"parallax_opacity\":\"1,0\",\"parallax_scale\":\"0.5\",\"text_align\":\"center\",\"title_element\":\"h1\",\"title_style\":\"heading-large\"}},{\"type\":\"headline\",\"props\":{\"animation\":\"parallax\",\"content\":\"Emplacements pour tentes et caravanes\",\"margin_remove_top\":true,\"parallax_blur\":\"50\",\"parallax_opacity\":\"1,0\",\"parallax_scale\":\"0.5\",\"text_align\":\"center\",\"title_element\":\"h4\",\"title_style\":\"h1\"}}]}]}],\"name\":\"Hero\"},{\"type\":\"section\",\"props\":{\"image_position\":\"center-center\",\"padding\":\"large\",\"padding_remove_bottom\":false,\"style\":\"default\",\"title_breakpoint\":\"xl\",\"title_position\":\"top-left\",\"title_rotation\":\"left\",\"vertical_align\":\"\",\"width\":\"expand\"},\"children\":[{\"type\":\"row\",\"props\":{\"layout\":\"1-2,1-2\",\"width\":\"expand\"},\"children\":[{\"type\":\"column\",\"props\":{\"image_position\":\"center-center\",\"position_sticky_breakpoint\":\"m\",\"vertical_align\":\"middle\",\"width_medium\":\"1-2\"},\"children\":[{\"type\":\"panel\",\"props\":{\"block_align\":\"center\",\"content\":\"\n\n<p><strong>Sur le site, 32 emplacements avec raccordement \\u00e9lectrique<\\\/strong> se trouvent dans un endroit calme, sur un terrain plat de lande de pins, au bord du lac Hossanj\\u00e4rvi.<\\\/p>\\n\n\n<p>Le b\\u00e2timent de service comprend des WC et des douches, une cuisine et une salle \\u00e0 manger, ainsi qu\\u2019une buanderie. La cuisine est \\u00e9quip\\u00e9e d\\u2019un four avec plaques de cuisson, d\\u2019un r\\u00e9frig\\u00e9rateur, d\\u2019un micro-ondes, d\\u2019une cafeti\\u00e8re, d\\u2019une bouilloire et d\\u2019un grille-pain.<\\\/p>\\n\n\n<p>Le b\\u00e2timent de service est accessible du <strong>1er juin au 30 septembre<\\\/strong> (pendant la p\\u00e9riode hors gel).<\\\/p>\\n\n\n<p>Le sauna au bord du lac est gratuit pendant les horaires communs (juin \\u00e0 octobre). En dehors de ces horaires, il peut \\u00eatre r\\u00e9serv\\u00e9 pour un usage priv\\u00e9, y compris en hiver.<\\\/p>\\n\n\n<h3>Tarifs<\\\/h3>\\n\n\n<ul>\\n\n\n<li><strong>Camping-caravanes \\\/ camping-cars<\\\/strong> : forfait de base <strong>18 \\u20ac \\\/ nuit<\\\/strong> + 4 \\u20ac \\\/ adulte, 2 \\u20ac \\\/ enfant (-15 ans)<\\\/li>\\n\n\n<li><strong>Membres Caravan<\\\/strong> : forfait de base <strong>16 \\u20ac \\\/ nuit<\\\/strong> + 4 \\u20ac \\\/ adulte, 2 \\u20ac \\\/ enfant (-15 ans)<\\\/li>\\n\n\n<li><strong>Tente<\\\/strong> : forfait de base <strong>14 \\u20ac \\\/ nuit<\\\/strong> + 4 \\u20ac \\\/ adulte, 2 \\u20ac \\\/ enfant<\\\/li>\\n\n\n<li><strong>Raccordement \\u00e9lectrique<\\\/strong> : 8 \\u20ac \\\/ nuit (1.5.\\u201331.8.), 9 \\u20ac \\\/ nuit (1.9.\\u201330.9., lumi\\u00e8re et chauffage)<br \\\/><strong>OU<\\\/strong> \\u00e9lectricit\\u00e9 au compteur : forfait de base 2 \\u20ac + 0,40 \\u20ac\\\/kWh<\\\/li>\\n<\\\/ul>\\n\n\n<h3>Remarques<\\\/h3>\\n\n\n<ul>\\n\n\n<li>Les services sont disponibles uniquement pendant les mois d\\u2019\\u00e9t\\u00e9.<\\\/li>\\n\n\n<li><strong>Aucun emplacement pour tentes ou caravanes ne peut \\u00eatre r\\u00e9serv\\u00e9 \\u00e0 l\\u2019avance.<\\\/strong><\\\/li>\\n<\\\/ul>\",\"content_align\":false,\"content_column_breakpoint\":\"m\",\"content_dropcap\":false,\"icon_width\":80,\"image\":\"\",\"image_align\":\"bottom\",\"image_grid_breakpoint\":\"m\",\"image_grid_width\":\"1-2\",\"image_margin\":\"medium\",\"image_svg_color\":\"primary\",\"image_svg_inline\":true,\"image_width\":\"350\",\"link_style\":\"default\",\"link_text\":\"Read more\",\"margin\":\"default\",\"maxwidth\":\"xlarge\",\"meta\":\"LES SERVICES DU CAMPING SONT FERM\\u00c9S POUR LA SAISON. NOUS ROUVRIRONS EN MAI 2026.\",\"meta_align\":\"below-title\",\"meta_element\":\"div\",\"meta_style\":\"text-large\",\"parallax_breakpoint\":\"l\",\"text_align\":\"left\",\"title\":\"Camping\",\"title_align\":\"top\",\"title_element\":\"h2\",\"title_grid_breakpoint\":\"m\",\"title_grid_width\":\"1-2\",\"title_hover_style\":\"reset\",\"title_style\":\"heading-medium\"}}]},{\"type\":\"column\",\"props\":{\"image_position\":\"center-center\",\"position_sticky_breakpoint\":\"m\",\"width_medium\":\"1-2\"},\"children\":[{\"name\":\"Grid Panel Title Left Image Right\",\"type\":\"grid\",\"children\":[{\"type\":\"grid_item\",\"props\":{\"content\":\"\n\n<p>Les horaires communs du sauna au bord du lac sont gratuits (de juin \\u00e0 octobre). En dehors de ces horaires, le sauna peut \\u00eatre r\\u00e9serv\\u00e9 pour un usage priv\\u00e9, y compris en hiver.<\\\/p>\",\"image\":\"wp-content\\\/uploads\\\/2024\\\/10\\\/rantasauna.jpg\",\"title\":\"Sauna au bord du lac\"}},{\"type\":\"grid_item\",\"props\":{\"content\":\"\n\n<p data-start=\\\"53\\\" data-end=\\\"171\\\">Notre sup\\u00e9rette de style minimarket et le caf\\u00e9 attenant accueillent les clients de la mi-mai jusqu\\u2019\\u00e0 la fin octobre.<\\\/p>\",\"image\":\"wp-content\\\/uploads\\\/2025\\\/08\\\/kahvio-scaled.jpg\",\"image_alt\":\"Kahvio\",\"link\":\"fr\\\/epicerie-cafe\\\/\",\"link_aria_label\":\"Kauppa ja kahvila\",\"title\":\"\\u00c9picerie-caf\\u00e9\"}},{\"type\":\"grid_item\",\"props\":{\"content\":\"\n\n<ul>\\n\n\n<li data-start=\\\"63\\\" data-end=\\\"118\\\">Service de vidange pour les camping-cars et caravanes<\\\/li>\\n\n\n<li data-start=\\\"63\\\" data-end=\\\"118\\\">Aire de jeux pour enfants<\\\/li>\\n\n\n<li data-start=\\\"63\\\" data-end=\\\"118\\\">Belle plage de sable avec fond sablonneux<\\\/li>\\n\n\n<li data-start=\\\"63\\\" data-end=\\\"118\\\">Location de mat\\u00e9riel<\\\/li>\\n\n\n<li data-start=\\\"63\\\" data-end=\\\"118\\\">Station-service SEO (station automatique) \\u00e0 200 m<\\\/li>\\n<\\\/ul>\",\"image\":\"wp-content\\\/uploads\\\/2024\\\/10\\\/kotarannassa.jpg\",\"title\":\"Services\"}}],\"props\":{\"content_column_breakpoint\":\"m\",\"filter_align\":\"left\",\"filter_all\":true,\"filter_grid_breakpoint\":\"m\",\"filter_grid_width\":\"auto\",\"filter_position\":\"top\",\"filter_style\":\"tab\",\"grid_column_gap\":\"small\",\"grid_default\":\"1\",\"grid_divider\":true,\"grid_medium\":\"\",\"grid_row_gap\":\"small\",\"icon_width\":80,\"image_align\":\"left\",\"image_grid_breakpoint\":\"s\",\"image_grid_width\":\"1-3\",\"image_height\":\"610\",\"image_link\":true,\"image_loading\":true,\"image_svg_color\":\"emphasis\",\"image_transition\":\"scale-up\",\"image_transition_border\":false,\"image_width\":\"610\",\"item_animation\":true,\"lightbox\":false,\"lightbox_bg_close\":true,\"link_style\":\"default\",\"link_text\":\"\",\"margin\":\"default\",\"margin_remove_bottom\":false,\"meta_align\":\"below-title\",\"meta_element\":\"div\",\"meta_style\":\"text-meta\",\"panel_link\":true,\"parallax_easing\":\"1\",\"show_content\":true,\"show_hover_image\":true,\"show_hover_video\":true,\"show_image\":true,\"show_link\":true,\"show_meta\":true,\"show_title\":true,\"show_video\":true,\"title_align\":\"top\",\"title_element\":\"h3\",\"title_grid_breakpoint\":\"m\",\"title_grid_row_gap\":\"small\",\"title_grid_width\":\"1-2\",\"title_hover_style\":\"heading\",\"title_link\":false,\"title_style\":\"h3\"}}]}]}]}],\"version\":\"4.5.24\"} --><\/p>\n","protected":false},"excerpt":{"rendered":"<p>Camping Emplacements pour tentes et caravanes Camping LES SERVICES DU CAMPING SONT FERM\u00c9S POUR LA SAISON. NOUS ROUVRIRONS EN MAI 2026. Sur le site, 32 emplacements avec raccordement \u00e9lectrique se trouvent dans un endroit calme, sur un terrain plat de lande de pins, au bord du lac Hossanj\u00e4rvi. Le b\u00e2timent de service comprend des WC [&hellip;]<\/p>\n","protected":false},"author":1,"featured_media":1715,"parent":0,"menu_order":0,"comment_status":"closed","ping_status":"closed","template":"","meta":{"_acf_changed":false,"footnotes":""},"class_list":["post-1714","page","type-page","status-publish","has-post-thumbnail","hentry"],"acf":[],"yoast_head":"<!-- This site is optimized with the Yoast SEO Premium plugin v27.1 (Yoast SEO v27.1.1) - https:\/\/yoast.com\/product\/yoast-seo-premium-wordpress\/ -->\n<title>Camping - Hossan Lumo, Finlandais<\/title>\n<meta name=\"description\" content=\"Leirint\u00e4- ja karavaanipaikkoja rantamaisemissa Hossan kansallispuiston vieress\u00e4. Kattava huoltorakennus ja rantasaunalla yleiset vuorot kes\u00e4kautena.\" \/>\n<meta name=\"robots\" content=\"index, follow, max-snippet:-1, max-image-preview:large, max-video-preview:-1\" \/>\n<link rel=\"canonical\" href=\"https:\/\/www.hossanlumo.fi\/fr\/camping\/\" \/>\n<meta property=\"og:locale\" content=\"fr_FR\" \/>\n<meta property=\"og:type\" content=\"article\" \/>\n<meta property=\"og:title\" content=\"Camping\" \/>\n<meta property=\"og:description\" content=\"Leirint\u00e4- ja karavaanipaikkoja rantamaisemissa Hossan kansallispuiston vieress\u00e4. Kattava huoltorakennus ja rantasaunalla yleiset vuorot kes\u00e4kautena.\" \/>\n<meta property=\"og:url\" content=\"https:\/\/www.hossanlumo.fi\/fr\/camping\/\" \/>\n<meta property=\"og:site_name\" content=\"Hossan Lumo\" \/>\n<meta property=\"article:publisher\" content=\"https:\/\/www.facebook.com\/\" \/>\n<meta property=\"article:modified_time\" content=\"2025-10-19T12:34:40+00:00\" \/>\n<meta property=\"og:image\" content=\"https:\/\/www.hossanlumo.fi\/wp-content\/uploads\/2024\/10\/hossanlumo-camping-kesa-asuntoauto.jpg\" \/>\n\t<meta property=\"og:image:width\" content=\"2560\" \/>\n\t<meta property=\"og:image:height\" content=\"1140\" \/>\n\t<meta property=\"og:image:type\" content=\"image\/jpeg\" \/>\n<meta name=\"twitter:card\" content=\"summary_large_image\" \/>\n<meta name=\"twitter:label1\" content=\"Dur\u00e9e de lecture estim\u00e9e\" \/>\n\t<meta name=\"twitter:data1\" content=\"2 minutes\" \/>\n<script type=\"application\/ld+json\" class=\"yoast-schema-graph\">{\"@context\":\"https:\/\/schema.org\",\"@graph\":[{\"@type\":\"WebPage\",\"@id\":\"https:\/\/www.hossanlumo.fi\/fr\/camping\/\",\"url\":\"https:\/\/www.hossanlumo.fi\/fr\/camping\/\",\"name\":\"Camping - Hossan Lumo, Finlandais\",\"isPartOf\":{\"@id\":\"https:\/\/www.hossanlumo.fi\/fr\/#website\"},\"primaryImageOfPage\":{\"@id\":\"https:\/\/www.hossanlumo.fi\/fr\/camping\/#primaryimage\"},\"image\":{\"@id\":\"https:\/\/www.hossanlumo.fi\/fr\/camping\/#primaryimage\"},\"thumbnailUrl\":\"https:\/\/www.hossanlumo.fi\/wp-content\/uploads\/2024\/10\/hossanlumo-camping-kesa-asuntoauto.jpg\",\"datePublished\":\"2024-10-08T07:14:36+00:00\",\"dateModified\":\"2025-10-19T12:34:40+00:00\",\"description\":\"Leirint\u00e4- ja karavaanipaikkoja rantamaisemissa Hossan kansallispuiston vieress\u00e4. Kattava huoltorakennus ja rantasaunalla yleiset vuorot kes\u00e4kautena.\",\"breadcrumb\":{\"@id\":\"https:\/\/www.hossanlumo.fi\/fr\/camping\/#breadcrumb\"},\"inLanguage\":\"fr-FR\",\"potentialAction\":[{\"@type\":\"ReadAction\",\"target\":[\"https:\/\/www.hossanlumo.fi\/fr\/camping\/\"]}]},{\"@type\":\"ImageObject\",\"inLanguage\":\"fr-FR\",\"@id\":\"https:\/\/www.hossanlumo.fi\/fr\/camping\/#primaryimage\",\"url\":\"https:\/\/www.hossanlumo.fi\/wp-content\/uploads\/2024\/10\/hossanlumo-camping-kesa-asuntoauto.jpg\",\"contentUrl\":\"https:\/\/www.hossanlumo.fi\/wp-content\/uploads\/2024\/10\/hossanlumo-camping-kesa-asuntoauto.jpg\",\"width\":2560,\"height\":1140,\"caption\":\"Leiriytyminen j\u00e4rvenrannalla\"},{\"@type\":\"BreadcrumbList\",\"@id\":\"https:\/\/www.hossanlumo.fi\/fr\/camping\/#breadcrumb\",\"itemListElement\":[{\"@type\":\"ListItem\",\"position\":1,\"name\":\"Etusivu\",\"item\":\"https:\/\/www.hossanlumo.fi\/fr\/\"},{\"@type\":\"ListItem\",\"position\":2,\"name\":\"Camping\"}]},{\"@type\":\"WebSite\",\"@id\":\"https:\/\/www.hossanlumo.fi\/fr\/#website\",\"url\":\"https:\/\/www.hossanlumo.fi\/fr\/\",\"name\":\"Hossan Lumo\",\"description\":\"Majoitusta ja leirint\u00e4alue Hossassa\",\"publisher\":{\"@id\":\"https:\/\/www.hossanlumo.fi\/fr\/#organization\"},\"alternateName\":\"Majoitusta Hossan kansallispuiston vieress\u00e4, leirint\u00e4alue\",\"potentialAction\":[{\"@type\":\"SearchAction\",\"target\":{\"@type\":\"EntryPoint\",\"urlTemplate\":\"https:\/\/www.hossanlumo.fi\/fr\/?s={search_term_string}\"},\"query-input\":{\"@type\":\"PropertyValueSpecification\",\"valueRequired\":true,\"valueName\":\"search_term_string\"}}],\"inLanguage\":\"fr-FR\"},{\"@type\":[\"Organization\",\"Place\",\"LodgingBusiness\"],\"@id\":\"https:\/\/www.hossanlumo.fi\/fr\/#organization\",\"name\":\"Hossan Lumo, Finnland\",\"alternateName\":\"Majoitusta Hossan kansallispuiston maisemissa\",\"url\":\"https:\/\/www.hossanlumo.fi\/fr\/\",\"logo\":{\"@id\":\"https:\/\/www.hossanlumo.fi\/fr\/camping\/#local-main-organization-logo\"},\"image\":{\"@id\":\"https:\/\/www.hossanlumo.fi\/fr\/camping\/#local-main-organization-logo\"},\"sameAs\":[\"https:\/\/www.facebook.com\/\",\"https:\/\/www.instagram.com\/\"],\"ownershipFundingInfo\":\"https:\/\/www.hossanlumo.fi\/de\/kontakt\/\",\"address\":{\"@id\":\"https:\/\/www.hossanlumo.fi\/fr\/camping\/#local-main-place-address\"},\"geo\":{\"@type\":\"GeoCoordinates\",\"latitude\":\"65.44267285711369\",\"longitude\":\"29.551533221541924\"},\"telephone\":[\"+358 500 166 377\"],\"contactPoint\":{\"@type\":\"ContactPoint\",\"telephone\":\"+358 500 166 377\",\"email\":\"info@hossanlumo.fi\"},\"openingHoursSpecification\":[{\"@type\":\"OpeningHoursSpecification\",\"dayOfWeek\":[\"Monday\",\"Tuesday\",\"Wednesday\",\"Thursday\",\"Friday\",\"Saturday\",\"Sunday\"],\"opens\":\"09:00\",\"closes\":\"17:00\"}],\"email\":\"info@hossanlumo.fi\",\"vatID\":\"2725305-9\"},{\"@type\":\"PostalAddress\",\"@id\":\"https:\/\/www.hossanlumo.fi\/fr\/camping\/#local-main-place-address\",\"streetAddress\":\"Lumontie 3\",\"addressLocality\":\"Ruhtinansalmi\",\"postalCode\":\"89920\",\"addressCountry\":\"FI\"},{\"@type\":\"ImageObject\",\"inLanguage\":\"fr-FR\",\"@id\":\"https:\/\/www.hossanlumo.fi\/fr\/camping\/#local-main-organization-logo\",\"url\":\"https:\/\/www.hossanlumo.fi\/wp-content\/uploads\/2025\/08\/hossanlumo-logo-vari-pysty.png\",\"contentUrl\":\"https:\/\/www.hossanlumo.fi\/wp-content\/uploads\/2025\/08\/hossanlumo-logo-vari-pysty.png\",\"width\":500,\"height\":353,\"caption\":\"Hossan Lumo, Finnland\"}]}<\/script>\n<meta name=\"geo.placename\" content=\"Ruhtinansalmi\" \/>\n<meta name=\"geo.position\" content=\"65.44267285711369;29.551533221541924\" \/>\n<meta name=\"geo.region\" content=\"Finlande\" \/>\n<!-- \/ Yoast SEO Premium plugin. -->","yoast_head_json":{"title":"Camping - Hossan Lumo, Finlandais","description":"Leirint\u00e4- ja karavaanipaikkoja rantamaisemissa Hossan kansallispuiston vieress\u00e4. Kattava huoltorakennus ja rantasaunalla yleiset vuorot kes\u00e4kautena.","robots":{"index":"index","follow":"follow","max-snippet":"max-snippet:-1","max-image-preview":"max-image-preview:large","max-video-preview":"max-video-preview:-1"},"canonical":"https:\/\/www.hossanlumo.fi\/fr\/camping\/","og_locale":"fr_FR","og_type":"article","og_title":"Camping","og_description":"Leirint\u00e4- ja karavaanipaikkoja rantamaisemissa Hossan kansallispuiston vieress\u00e4. Kattava huoltorakennus ja rantasaunalla yleiset vuorot kes\u00e4kautena.","og_url":"https:\/\/www.hossanlumo.fi\/fr\/camping\/","og_site_name":"Hossan Lumo","article_publisher":"https:\/\/www.facebook.com\/","article_modified_time":"2025-10-19T12:34:40+00:00","og_image":[{"width":2560,"height":1140,"url":"https:\/\/www.hossanlumo.fi\/wp-content\/uploads\/2024\/10\/hossanlumo-camping-kesa-asuntoauto.jpg","type":"image\/jpeg"}],"twitter_card":"summary_large_image","twitter_misc":{"Dur\u00e9e de lecture estim\u00e9e":"2 minutes"},"schema":{"@context":"https:\/\/schema.org","@graph":[{"@type":"WebPage","@id":"https:\/\/www.hossanlumo.fi\/fr\/camping\/","url":"https:\/\/www.hossanlumo.fi\/fr\/camping\/","name":"Camping - Hossan Lumo, Finlandais","isPartOf":{"@id":"https:\/\/www.hossanlumo.fi\/fr\/#website"},"primaryImageOfPage":{"@id":"https:\/\/www.hossanlumo.fi\/fr\/camping\/#primaryimage"},"image":{"@id":"https:\/\/www.hossanlumo.fi\/fr\/camping\/#primaryimage"},"thumbnailUrl":"https:\/\/www.hossanlumo.fi\/wp-content\/uploads\/2024\/10\/hossanlumo-camping-kesa-asuntoauto.jpg","datePublished":"2024-10-08T07:14:36+00:00","dateModified":"2025-10-19T12:34:40+00:00","description":"Leirint\u00e4- ja karavaanipaikkoja rantamaisemissa Hossan kansallispuiston vieress\u00e4. Kattava huoltorakennus ja rantasaunalla yleiset vuorot kes\u00e4kautena.","breadcrumb":{"@id":"https:\/\/www.hossanlumo.fi\/fr\/camping\/#breadcrumb"},"inLanguage":"fr-FR","potentialAction":[{"@type":"ReadAction","target":["https:\/\/www.hossanlumo.fi\/fr\/camping\/"]}]},{"@type":"ImageObject","inLanguage":"fr-FR","@id":"https:\/\/www.hossanlumo.fi\/fr\/camping\/#primaryimage","url":"https:\/\/www.hossanlumo.fi\/wp-content\/uploads\/2024\/10\/hossanlumo-camping-kesa-asuntoauto.jpg","contentUrl":"https:\/\/www.hossanlumo.fi\/wp-content\/uploads\/2024\/10\/hossanlumo-camping-kesa-asuntoauto.jpg","width":2560,"height":1140,"caption":"Leiriytyminen j\u00e4rvenrannalla"},{"@type":"BreadcrumbList","@id":"https:\/\/www.hossanlumo.fi\/fr\/camping\/#breadcrumb","itemListElement":[{"@type":"ListItem","position":1,"name":"Etusivu","item":"https:\/\/www.hossanlumo.fi\/fr\/"},{"@type":"ListItem","position":2,"name":"Camping"}]},{"@type":"WebSite","@id":"https:\/\/www.hossanlumo.fi\/fr\/#website","url":"https:\/\/www.hossanlumo.fi\/fr\/","name":"Hossan Lumo","description":"Majoitusta ja leirint\u00e4alue Hossassa","publisher":{"@id":"https:\/\/www.hossanlumo.fi\/fr\/#organization"},"alternateName":"Majoitusta Hossan kansallispuiston vieress\u00e4, leirint\u00e4alue","potentialAction":[{"@type":"SearchAction","target":{"@type":"EntryPoint","urlTemplate":"https:\/\/www.hossanlumo.fi\/fr\/?s={search_term_string}"},"query-input":{"@type":"PropertyValueSpecification","valueRequired":true,"valueName":"search_term_string"}}],"inLanguage":"fr-FR"},{"@type":["Organization","Place","LodgingBusiness"],"@id":"https:\/\/www.hossanlumo.fi\/fr\/#organization","name":"Hossan Lumo, Finnland","alternateName":"Majoitusta Hossan kansallispuiston maisemissa","url":"https:\/\/www.hossanlumo.fi\/fr\/","logo":{"@id":"https:\/\/www.hossanlumo.fi\/fr\/camping\/#local-main-organization-logo"},"image":{"@id":"https:\/\/www.hossanlumo.fi\/fr\/camping\/#local-main-organization-logo"},"sameAs":["https:\/\/www.facebook.com\/","https:\/\/www.instagram.com\/"],"ownershipFundingInfo":"https:\/\/www.hossanlumo.fi\/de\/kontakt\/","address":{"@id":"https:\/\/www.hossanlumo.fi\/fr\/camping\/#local-main-place-address"},"geo":{"@type":"GeoCoordinates","latitude":"65.44267285711369","longitude":"29.551533221541924"},"telephone":["+358 500 166 377"],"contactPoint":{"@type":"ContactPoint","telephone":"+358 500 166 377","email":"info@hossanlumo.fi"},"openingHoursSpecification":[{"@type":"OpeningHoursSpecification","dayOfWeek":["Monday","Tuesday","Wednesday","Thursday","Friday","Saturday","Sunday"],"opens":"09:00","closes":"17:00"}],"email":"info@hossanlumo.fi","vatID":"2725305-9"},{"@type":"PostalAddress","@id":"https:\/\/www.hossanlumo.fi\/fr\/camping\/#local-main-place-address","streetAddress":"Lumontie 3","addressLocality":"Ruhtinansalmi","postalCode":"89920","addressCountry":"FI"},{"@type":"ImageObject","inLanguage":"fr-FR","@id":"https:\/\/www.hossanlumo.fi\/fr\/camping\/#local-main-organization-logo","url":"https:\/\/www.hossanlumo.fi\/wp-content\/uploads\/2025\/08\/hossanlumo-logo-vari-pysty.png","contentUrl":"https:\/\/www.hossanlumo.fi\/wp-content\/uploads\/2025\/08\/hossanlumo-logo-vari-pysty.png","width":500,"height":353,"caption":"Hossan Lumo, Finnland"}]},"geo.placename":"Ruhtinansalmi","geo.position":{"lat":"65.44267285711369","long":"29.551533221541924"},"geo.region":"Finlande"},"_links":{"self":[{"href":"https:\/\/www.hossanlumo.fi\/fr\/wp-json\/wp\/v2\/pages\/1714","targetHints":{"allow":["GET"]}}],"collection":[{"href":"https:\/\/www.hossanlumo.fi\/fr\/wp-json\/wp\/v2\/pages"}],"about":[{"href":"https:\/\/www.hossanlumo.fi\/fr\/wp-json\/wp\/v2\/types\/page"}],"author":[{"embeddable":true,"href":"https:\/\/www.hossanlumo.fi\/fr\/wp-json\/wp\/v2\/users\/1"}],"replies":[{"embeddable":true,"href":"https:\/\/www.hossanlumo.fi\/fr\/wp-json\/wp\/v2\/comments?post=1714"}],"version-history":[{"count":12,"href":"https:\/\/www.hossanlumo.fi\/fr\/wp-json\/wp\/v2\/pages\/1714\/revisions"}],"predecessor-version":[{"id":2009,"href":"https:\/\/www.hossanlumo.fi\/fr\/wp-json\/wp\/v2\/pages\/1714\/revisions\/2009"}],"wp:featuredmedia":[{"embeddable":true,"href":"https:\/\/www.hossanlumo.fi\/fr\/wp-json\/wp\/v2\/media\/1715"}],"wp:attachment":[{"href":"https:\/\/www.hossanlumo.fi\/fr\/wp-json\/wp\/v2\/media?parent=1714"}],"curies":[{"name":"wp","href":"https:\/\/api.w.org\/{rel}","templated":true}]}}