{"id":1719,"date":"2024-10-08T10:15:57","date_gmt":"2024-10-08T07:15:57","guid":{"rendered":"https:\/\/hossanlumo.fi\/contact\/"},"modified":"2025-08-29T10:28:15","modified_gmt":"2025-08-29T07:28:15","slug":"contact","status":"publish","type":"page","link":"https:\/\/www.hossanlumo.fi\/fr\/contact\/","title":{"rendered":"Contact"},"content":{"rendered":"<p><img decoding=\"async\" src=\"\/wp-content\/uploads\/2024\/10\/hossanlumo-valkoinen.svg\" alt=\"logo\"><\/p>\n<ul>\n<li>\n<p>\n        <a href=\"https:\/\/maps.google.com\/maps?ll=65.442584,29.55119&#038;z=9&#038;t=m&#038;hl=fi&#038;gl=FI&#038;mapclient=embed&#038;cid=18361270954266064400\">Lumontie 3, 89920 Ruhtinansalmi<\/a>\n    <\/p>\n<\/li>\n<li>\n<p>\n        <a href=\"tel:+358500166377\">+358 500 166 377<\/a>\n    <\/p>\n<\/li>\n<li>\n<p>\n        <a href=\"mailto:info@hossanlumo.fi\">info@hossanlumo.fi<\/a>\n    <\/p>\n<\/li>\n<li>\n<p>\n        <a href=\"https:\/\/hossanlumo.fi\/aluekartta\/\">Plan de la zone<\/a>\n    <\/p>\n<\/li>\n<\/ul>\n<ul>\n<li><a href=\"https:\/\/www.facebook.com\/\">facebook<\/a>\n<\/li>\n<li><a href=\"https:\/\/www.instagram.com\/\">instagram<\/a>\n<\/li>\n<\/ul>\n<p><img decoding=\"async\" src=\"\/wp-content\/uploads\/2024\/10\/Maija-Lenny.jpg\" alt=\"\"><\/p>\n<p><!--more--><br \/>\n<!-- {\"type\":\"layout\",\"children\":[{\"name\":\"Hero\",\"type\":\"section\",\"props\":{\"image_position\":\"center-center\",\"padding_remove_top\":false,\"style\":\"default\",\"title_breakpoint\":\"xl\",\"title_position\":\"center-left\",\"title_rotation\":\"left\",\"vertical_align\":\"\",\"width\":\"xlarge\"},\"children\":[{\"type\":\"row\",\"props\":{\"column_gap\":\"collapse\",\"layout\":\"1-2,1-2\",\"row_gap\":\"collapse\",\"width\":\"expand\"},\"children\":[{\"type\":\"column\",\"props\":{\"image_position\":\"center-center\",\"padding\":\"xlarge\",\"position_sticky_breakpoint\":\"m\",\"style\":\"tile-primary\",\"vertical_align\":\"middle\",\"width_medium\":\"1-2\"},\"children\":[{\"type\":\"image\",\"props\":{\"block_align\":\"center\",\"image\":\"wp-content\\\/uploads\\\/2024\\\/10\\\/hossanlumo-valkoinen.svg\",\"image_alt\":\"logo\",\"image_svg_color\":\"emphasis\",\"image_width\":350,\"margin\":\"default\",\"maxwidth\":\"medium\"}},{\"type\":\"button\",\"props\":{\"block_align\":\"center\",\"grid_column_gap\":\"small\",\"grid_row_gap\":\"small\",\"margin\":\"default\",\"maxwidth\":\"medium\"},\"children\":[{\"type\":\"button_item\",\"props\":{\"button_style\":\"\",\"content\":\"Lumontie 3, 89920 Ruhtinansalmi\",\"dialog_layout\":\"modal\",\"dialog_offcanvas_flip\":true,\"icon\":\"location\",\"icon_align\":\"left\",\"link\":\"https:\\\/\\\/maps.google.com\\\/maps?ll=65.442584,29.55119&z=9&t=m&hl=fi&gl=FI&mapclient=embed&cid=18361270954266064400\",\"link_aria_label\":\"Osoite\"}},{\"type\":\"button_item\",\"props\":{\"button_style\":\"\",\"content\":\"+358 500 166 377\",\"dialog_layout\":\"modal\",\"dialog_offcanvas_flip\":true,\"icon\":\"receiver\",\"icon_align\":\"left\",\"link\":\"tel:+358500166377\",\"link_aria_label\":\"Puhelin\"}},{\"type\":\"button_item\",\"props\":{\"button_style\":\"\",\"content\":\"info@hossanlumo.fi\",\"dialog_layout\":\"modal\",\"dialog_offcanvas_flip\":true,\"icon\":\"mail\",\"icon_align\":\"left\",\"link\":\"mailto:info@hossanlumo.fi\",\"link_aria_label\":\"email\"}},{\"type\":\"button_item\",\"props\":{\"button_style\":\"\",\"content\":\"Plan de la zone\",\"dialog_layout\":\"modal\",\"dialog_offcanvas_flip\":true,\"icon\":\"star\",\"icon_align\":\"left\",\"link\":\"aluekartta\\\/\",\"link_aria_label\":\"Plan de la zone\"}}]},{\"type\":\"social\",\"props\":{\"block_align\":\"right\",\"grid\":\"horizontal\",\"grid_column_gap\":\"medium\",\"grid_row_gap\":\"medium\",\"icon_width\":\"35\",\"image_svg_inline\":true,\"link_style\":\"\",\"margin\":\"default\",\"maxwidth_breakpoint\":\"m\",\"text_align\":\"center\"},\"children\":[{\"type\":\"social_item\",\"props\":{\"link\":\"https:\\\/\\\/www.facebook.com\\\/\",\"link_aria_label\":\"Facebook\"}},{\"type\":\"social_item\",\"props\":{\"link\":\"https:\\\/\\\/www.instagram.com\\\/\",\"link_aria_label\":\"Instagram\"}}],\"name\":\"some\"}]},{\"type\":\"column\",\"props\":{\"image_position\":\"center-center\",\"order_first\":\"m\",\"padding\":\"xlarge\",\"position_sticky_breakpoint\":\"m\",\"vertical_align\":\"middle\",\"width_medium\":\"1-2\"},\"children\":[{\"type\":\"image\",\"props\":{\"animation\":\"parallax\",\"block_align\":\"center\",\"image\":\"wp-content\\\/uploads\\\/2024\\\/10\\\/Maija-Lenny.jpg\",\"image_loading\":true,\"image_svg_color\":\"emphasis\",\"image_width\":\"900\",\"margin\":\"default\",\"maxwidth\":\"2xlarge\",\"maxwidth_breakpoint\":\"m\",\"parallax_breakpoint\":\"m\",\"parallax_easing\":\"1\",\"parallax_x\":\"50,40\",\"visibility\":\"s\"}}]}]}]}],\"version\":\"4.5.24\"} --><\/p>\n","protected":false},"excerpt":{"rendered":"<p>Lumontie 3, 89920 Ruhtinansalmi +358 500 166 377 info@hossanlumo.fi Plan de la zone facebook instagram<\/p>\n","protected":false},"author":1,"featured_media":1720,"parent":0,"menu_order":0,"comment_status":"closed","ping_status":"closed","template":"","meta":{"_acf_changed":false,"footnotes":""},"class_list":["post-1719","page","type-page","status-publish","has-post-thumbnail","hentry"],"acf":[],"yoast_head":"<!-- This site is optimized with the Yoast SEO Premium plugin v27.1 (Yoast SEO v27.1.1) - https:\/\/yoast.com\/product\/yoast-seo-premium-wordpress\/ -->\n<title>Contact- Hossan Lumo, Finlandais<\/title>\n<meta name=\"description\" content=\"Ota yhteytt\u00e4 ja kysy lis\u00e4\u00e4 majoituksesta, leirint\u00e4alueesta sek\u00e4 tekemisest\u00e4 Hossan kansallispuiston maisemissa!\" \/>\n<meta name=\"robots\" content=\"index, follow, max-snippet:-1, max-image-preview:large, max-video-preview:-1\" \/>\n<link rel=\"canonical\" href=\"https:\/\/www.hossanlumo.fi\/fr\/contact\/\" \/>\n<meta property=\"og:locale\" content=\"fr_FR\" \/>\n<meta property=\"og:type\" content=\"article\" \/>\n<meta property=\"og:title\" content=\"Contact\" \/>\n<meta property=\"og:description\" content=\"Ota yhteytt\u00e4 ja kysy lis\u00e4\u00e4 majoituksesta, leirint\u00e4alueesta sek\u00e4 tekemisest\u00e4 Hossan kansallispuiston maisemissa!\" \/>\n<meta property=\"og:url\" content=\"https:\/\/www.hossanlumo.fi\/fr\/contact\/\" \/>\n<meta property=\"og:site_name\" content=\"Hossan Lumo\" \/>\n<meta property=\"article:publisher\" content=\"https:\/\/www.facebook.com\/\" \/>\n<meta property=\"article:modified_time\" content=\"2025-08-29T07:28:15+00:00\" \/>\n<meta property=\"og:image\" content=\"https:\/\/www.hossanlumo.fi\/wp-content\/uploads\/2024\/10\/Maija-Lenny.jpg\" \/>\n\t<meta property=\"og:image:width\" content=\"480\" \/>\n\t<meta property=\"og:image:height\" content=\"474\" \/>\n\t<meta property=\"og:image:type\" content=\"image\/jpeg\" \/>\n<meta name=\"twitter:card\" content=\"summary_large_image\" \/>\n<script type=\"application\/ld+json\" class=\"yoast-schema-graph\">{\"@context\":\"https:\/\/schema.org\",\"@graph\":[{\"@type\":\"WebPage\",\"@id\":\"https:\/\/www.hossanlumo.fi\/fr\/contact\/\",\"url\":\"https:\/\/www.hossanlumo.fi\/fr\/contact\/\",\"name\":\"Contact- Hossan Lumo, Finlandais\",\"isPartOf\":{\"@id\":\"https:\/\/www.hossanlumo.fi\/fr\/#website\"},\"primaryImageOfPage\":{\"@id\":\"https:\/\/www.hossanlumo.fi\/fr\/contact\/#primaryimage\"},\"image\":{\"@id\":\"https:\/\/www.hossanlumo.fi\/fr\/contact\/#primaryimage\"},\"thumbnailUrl\":\"https:\/\/www.hossanlumo.fi\/wp-content\/uploads\/2024\/10\/Maija-Lenny.jpg\",\"datePublished\":\"2024-10-08T07:15:57+00:00\",\"dateModified\":\"2025-08-29T07:28:15+00:00\",\"description\":\"Ota yhteytt\u00e4 ja kysy lis\u00e4\u00e4 majoituksesta, leirint\u00e4alueesta sek\u00e4 tekemisest\u00e4 Hossan kansallispuiston maisemissa!\",\"breadcrumb\":{\"@id\":\"https:\/\/www.hossanlumo.fi\/fr\/contact\/#breadcrumb\"},\"inLanguage\":\"fr-FR\",\"potentialAction\":[{\"@type\":\"ReadAction\",\"target\":[\"https:\/\/www.hossanlumo.fi\/fr\/contact\/\"]}]},{\"@type\":\"ImageObject\",\"inLanguage\":\"fr-FR\",\"@id\":\"https:\/\/www.hossanlumo.fi\/fr\/contact\/#primaryimage\",\"url\":\"https:\/\/www.hossanlumo.fi\/wp-content\/uploads\/2024\/10\/Maija-Lenny.jpg\",\"contentUrl\":\"https:\/\/www.hossanlumo.fi\/wp-content\/uploads\/2024\/10\/Maija-Lenny.jpg\",\"width\":480,\"height\":474},{\"@type\":\"BreadcrumbList\",\"@id\":\"https:\/\/www.hossanlumo.fi\/fr\/contact\/#breadcrumb\",\"itemListElement\":[{\"@type\":\"ListItem\",\"position\":1,\"name\":\"Etusivu\",\"item\":\"https:\/\/www.hossanlumo.fi\/fr\/\"},{\"@type\":\"ListItem\",\"position\":2,\"name\":\"Contact\"}]},{\"@type\":\"WebSite\",\"@id\":\"https:\/\/www.hossanlumo.fi\/fr\/#website\",\"url\":\"https:\/\/www.hossanlumo.fi\/fr\/\",\"name\":\"Hossan Lumo\",\"description\":\"Majoitusta ja leirint\u00e4alue Hossassa\",\"publisher\":{\"@id\":\"https:\/\/www.hossanlumo.fi\/fr\/#organization\"},\"alternateName\":\"Majoitusta Hossan kansallispuiston vieress\u00e4, leirint\u00e4alue\",\"potentialAction\":[{\"@type\":\"SearchAction\",\"target\":{\"@type\":\"EntryPoint\",\"urlTemplate\":\"https:\/\/www.hossanlumo.fi\/fr\/?s={search_term_string}\"},\"query-input\":{\"@type\":\"PropertyValueSpecification\",\"valueRequired\":true,\"valueName\":\"search_term_string\"}}],\"inLanguage\":\"fr-FR\"},{\"@type\":[\"Organization\",\"Place\",\"LodgingBusiness\"],\"@id\":\"https:\/\/www.hossanlumo.fi\/fr\/#organization\",\"name\":\"Hossan Lumo, Finnland\",\"alternateName\":\"Majoitusta Hossan kansallispuiston maisemissa\",\"url\":\"https:\/\/www.hossanlumo.fi\/fr\/\",\"logo\":{\"@id\":\"https:\/\/www.hossanlumo.fi\/fr\/contact\/#local-main-organization-logo\"},\"image\":{\"@id\":\"https:\/\/www.hossanlumo.fi\/fr\/contact\/#local-main-organization-logo\"},\"sameAs\":[\"https:\/\/www.facebook.com\/\",\"https:\/\/www.instagram.com\/\"],\"ownershipFundingInfo\":\"https:\/\/www.hossanlumo.fi\/de\/kontakt\/\",\"address\":{\"@id\":\"https:\/\/www.hossanlumo.fi\/fr\/contact\/#local-main-place-address\"},\"geo\":{\"@type\":\"GeoCoordinates\",\"latitude\":\"65.44267285711369\",\"longitude\":\"29.551533221541924\"},\"telephone\":[\"+358 500 166 377\"],\"contactPoint\":{\"@type\":\"ContactPoint\",\"telephone\":\"+358 500 166 377\",\"email\":\"info@hossanlumo.fi\"},\"openingHoursSpecification\":[{\"@type\":\"OpeningHoursSpecification\",\"dayOfWeek\":[\"Monday\",\"Tuesday\",\"Wednesday\",\"Thursday\",\"Friday\",\"Saturday\",\"Sunday\"],\"opens\":\"09:00\",\"closes\":\"17:00\"}],\"email\":\"info@hossanlumo.fi\",\"vatID\":\"2725305-9\"},{\"@type\":\"PostalAddress\",\"@id\":\"https:\/\/www.hossanlumo.fi\/fr\/contact\/#local-main-place-address\",\"streetAddress\":\"Lumontie 3\",\"addressLocality\":\"Ruhtinansalmi\",\"postalCode\":\"89920\",\"addressCountry\":\"FI\"},{\"@type\":\"ImageObject\",\"inLanguage\":\"fr-FR\",\"@id\":\"https:\/\/www.hossanlumo.fi\/fr\/contact\/#local-main-organization-logo\",\"url\":\"https:\/\/www.hossanlumo.fi\/wp-content\/uploads\/2025\/08\/hossanlumo-logo-vari-pysty.png\",\"contentUrl\":\"https:\/\/www.hossanlumo.fi\/wp-content\/uploads\/2025\/08\/hossanlumo-logo-vari-pysty.png\",\"width\":500,\"height\":353,\"caption\":\"Hossan Lumo, Finnland\"}]}<\/script>\n<meta name=\"geo.placename\" content=\"Ruhtinansalmi\" \/>\n<meta name=\"geo.position\" content=\"65.44267285711369;29.551533221541924\" \/>\n<meta name=\"geo.region\" content=\"Finlande\" \/>\n<!-- \/ Yoast SEO Premium plugin. -->","yoast_head_json":{"title":"Contact- Hossan Lumo, Finlandais","description":"Ota yhteytt\u00e4 ja kysy lis\u00e4\u00e4 majoituksesta, leirint\u00e4alueesta sek\u00e4 tekemisest\u00e4 Hossan kansallispuiston maisemissa!","robots":{"index":"index","follow":"follow","max-snippet":"max-snippet:-1","max-image-preview":"max-image-preview:large","max-video-preview":"max-video-preview:-1"},"canonical":"https:\/\/www.hossanlumo.fi\/fr\/contact\/","og_locale":"fr_FR","og_type":"article","og_title":"Contact","og_description":"Ota yhteytt\u00e4 ja kysy lis\u00e4\u00e4 majoituksesta, leirint\u00e4alueesta sek\u00e4 tekemisest\u00e4 Hossan kansallispuiston maisemissa!","og_url":"https:\/\/www.hossanlumo.fi\/fr\/contact\/","og_site_name":"Hossan Lumo","article_publisher":"https:\/\/www.facebook.com\/","article_modified_time":"2025-08-29T07:28:15+00:00","og_image":[{"width":480,"height":474,"url":"https:\/\/www.hossanlumo.fi\/wp-content\/uploads\/2024\/10\/Maija-Lenny.jpg","type":"image\/jpeg"}],"twitter_card":"summary_large_image","schema":{"@context":"https:\/\/schema.org","@graph":[{"@type":"WebPage","@id":"https:\/\/www.hossanlumo.fi\/fr\/contact\/","url":"https:\/\/www.hossanlumo.fi\/fr\/contact\/","name":"Contact- Hossan Lumo, Finlandais","isPartOf":{"@id":"https:\/\/www.hossanlumo.fi\/fr\/#website"},"primaryImageOfPage":{"@id":"https:\/\/www.hossanlumo.fi\/fr\/contact\/#primaryimage"},"image":{"@id":"https:\/\/www.hossanlumo.fi\/fr\/contact\/#primaryimage"},"thumbnailUrl":"https:\/\/www.hossanlumo.fi\/wp-content\/uploads\/2024\/10\/Maija-Lenny.jpg","datePublished":"2024-10-08T07:15:57+00:00","dateModified":"2025-08-29T07:28:15+00:00","description":"Ota yhteytt\u00e4 ja kysy lis\u00e4\u00e4 majoituksesta, leirint\u00e4alueesta sek\u00e4 tekemisest\u00e4 Hossan kansallispuiston maisemissa!","breadcrumb":{"@id":"https:\/\/www.hossanlumo.fi\/fr\/contact\/#breadcrumb"},"inLanguage":"fr-FR","potentialAction":[{"@type":"ReadAction","target":["https:\/\/www.hossanlumo.fi\/fr\/contact\/"]}]},{"@type":"ImageObject","inLanguage":"fr-FR","@id":"https:\/\/www.hossanlumo.fi\/fr\/contact\/#primaryimage","url":"https:\/\/www.hossanlumo.fi\/wp-content\/uploads\/2024\/10\/Maija-Lenny.jpg","contentUrl":"https:\/\/www.hossanlumo.fi\/wp-content\/uploads\/2024\/10\/Maija-Lenny.jpg","width":480,"height":474},{"@type":"BreadcrumbList","@id":"https:\/\/www.hossanlumo.fi\/fr\/contact\/#breadcrumb","itemListElement":[{"@type":"ListItem","position":1,"name":"Etusivu","item":"https:\/\/www.hossanlumo.fi\/fr\/"},{"@type":"ListItem","position":2,"name":"Contact"}]},{"@type":"WebSite","@id":"https:\/\/www.hossanlumo.fi\/fr\/#website","url":"https:\/\/www.hossanlumo.fi\/fr\/","name":"Hossan Lumo","description":"Majoitusta ja leirint\u00e4alue Hossassa","publisher":{"@id":"https:\/\/www.hossanlumo.fi\/fr\/#organization"},"alternateName":"Majoitusta Hossan kansallispuiston vieress\u00e4, leirint\u00e4alue","potentialAction":[{"@type":"SearchAction","target":{"@type":"EntryPoint","urlTemplate":"https:\/\/www.hossanlumo.fi\/fr\/?s={search_term_string}"},"query-input":{"@type":"PropertyValueSpecification","valueRequired":true,"valueName":"search_term_string"}}],"inLanguage":"fr-FR"},{"@type":["Organization","Place","LodgingBusiness"],"@id":"https:\/\/www.hossanlumo.fi\/fr\/#organization","name":"Hossan Lumo, Finnland","alternateName":"Majoitusta Hossan kansallispuiston maisemissa","url":"https:\/\/www.hossanlumo.fi\/fr\/","logo":{"@id":"https:\/\/www.hossanlumo.fi\/fr\/contact\/#local-main-organization-logo"},"image":{"@id":"https:\/\/www.hossanlumo.fi\/fr\/contact\/#local-main-organization-logo"},"sameAs":["https:\/\/www.facebook.com\/","https:\/\/www.instagram.com\/"],"ownershipFundingInfo":"https:\/\/www.hossanlumo.fi\/de\/kontakt\/","address":{"@id":"https:\/\/www.hossanlumo.fi\/fr\/contact\/#local-main-place-address"},"geo":{"@type":"GeoCoordinates","latitude":"65.44267285711369","longitude":"29.551533221541924"},"telephone":["+358 500 166 377"],"contactPoint":{"@type":"ContactPoint","telephone":"+358 500 166 377","email":"info@hossanlumo.fi"},"openingHoursSpecification":[{"@type":"OpeningHoursSpecification","dayOfWeek":["Monday","Tuesday","Wednesday","Thursday","Friday","Saturday","Sunday"],"opens":"09:00","closes":"17:00"}],"email":"info@hossanlumo.fi","vatID":"2725305-9"},{"@type":"PostalAddress","@id":"https:\/\/www.hossanlumo.fi\/fr\/contact\/#local-main-place-address","streetAddress":"Lumontie 3","addressLocality":"Ruhtinansalmi","postalCode":"89920","addressCountry":"FI"},{"@type":"ImageObject","inLanguage":"fr-FR","@id":"https:\/\/www.hossanlumo.fi\/fr\/contact\/#local-main-organization-logo","url":"https:\/\/www.hossanlumo.fi\/wp-content\/uploads\/2025\/08\/hossanlumo-logo-vari-pysty.png","contentUrl":"https:\/\/www.hossanlumo.fi\/wp-content\/uploads\/2025\/08\/hossanlumo-logo-vari-pysty.png","width":500,"height":353,"caption":"Hossan Lumo, Finnland"}]},"geo.placename":"Ruhtinansalmi","geo.position":{"lat":"65.44267285711369","long":"29.551533221541924"},"geo.region":"Finlande"},"_links":{"self":[{"href":"https:\/\/www.hossanlumo.fi\/fr\/wp-json\/wp\/v2\/pages\/1719","targetHints":{"allow":["GET"]}}],"collection":[{"href":"https:\/\/www.hossanlumo.fi\/fr\/wp-json\/wp\/v2\/pages"}],"about":[{"href":"https:\/\/www.hossanlumo.fi\/fr\/wp-json\/wp\/v2\/types\/page"}],"author":[{"embeddable":true,"href":"https:\/\/www.hossanlumo.fi\/fr\/wp-json\/wp\/v2\/users\/1"}],"replies":[{"embeddable":true,"href":"https:\/\/www.hossanlumo.fi\/fr\/wp-json\/wp\/v2\/comments?post=1719"}],"version-history":[{"count":1,"href":"https:\/\/www.hossanlumo.fi\/fr\/wp-json\/wp\/v2\/pages\/1719\/revisions"}],"predecessor-version":[{"id":1725,"href":"https:\/\/www.hossanlumo.fi\/fr\/wp-json\/wp\/v2\/pages\/1719\/revisions\/1725"}],"wp:featuredmedia":[{"embeddable":true,"href":"https:\/\/www.hossanlumo.fi\/fr\/wp-json\/wp\/v2\/media\/1720"}],"wp:attachment":[{"href":"https:\/\/www.hossanlumo.fi\/fr\/wp-json\/wp\/v2\/media?parent=1719"}],"curies":[{"name":"wp","href":"https:\/\/api.w.org\/{rel}","templated":true}]}}