{"id":1721,"date":"2024-10-08T10:15:07","date_gmt":"2024-10-08T07:15:07","guid":{"rendered":"https:\/\/hossanlumo.fi\/varusteiden-ja-pelien-vuokraus\/"},"modified":"2026-04-08T10:30:22","modified_gmt":"2026-04-08T07:30:22","slug":"location-de-materiel","status":"publish","type":"page","link":"https:\/\/www.hossanlumo.fi\/fr\/location-de-materiel\/","title":{"rendered":"Location de mat\u00e9riel"},"content":{"rendered":"<h1>Nous louons<\/h1>\n<h2>du mat\u00e9riel et des jeux<\/h2>\n<div>\n<p><strong>\u00a0 \u00a0 \u00a0 \u00a0 \u00a0 \u00a0 \u00a0 \u00a0 \u00a0 \u00a0 \u00a0 \u00a0 \u00a0 \u00a0 \u00a0 \u00a0 \u00a0 \u00a0 \u00a0 \u00a0 \u00a0 \u00a0 \u00a0 \u00a0 \u00a0 \u00a0 \u00a0 \u00a0 \u00a0 \u00a0 \u00a0 \u00a0 \u00a0 \u00a0 \u00a0 \u00a0 \u00a0 \u00a0 \u00a0 \u00a0 \u00a0 \u00a0 3h<\/strong>\u00a0 \u00a0 \u00a0 \u00a0 \u00a0 \u00a0 \u00a0 \u00a08<strong>h \u00a0 \u00a0 \u00a0 \u00a0 \u00a0 \u00a0 \u00a0 24h \u00a0 \u00a0 \u00a0 \u00a0 \u00a0 \u00a0 \u00a0 Nuit suppl.\u00a0<\/strong><\/p>\n<p>Kayak \u00ab\u00a0monoplace\u00a0\u00bb \u00a0 \u00a0 \u00a0 \u00a0 \u00a0 \u00a0 \u00a0 \u00a0 \u00a0 \u00a0 \u00a0 \u00a0 \u00a0 \u00a0 \u00a0 \u00a0 \u00a0 \u00a0 \u00a0 \u00a0 \u00a0 \u00a0 \u00a0 \u00a0 \u00a0 \u00a0 15\u20ac \u00a0 \u00a0 \u00a0 \u00a0 \u00a0 \u00a0 \u00a025\u20ac \u00a0 \u00a0 \u00a0 \u00a0 \u00a0 \u00a0 \u00a0 30\u20ac \u00a0 \u00a0 \u00a0 \u00a0 \u00a0 \u00a0 \u00a0 \u00a0 25\u20ac<\/p>\n<p>Cano\u00eb \u00a0 \u00a0 \u00a0 \u00a0 \u00a0 \u00a0 \u00a0 \u00a0 \u00a0 \u00a0 \u00a0 \u00a0 \u00a0 \u00a0 \u00a0 \u00a0 \u00a0 \u00a0 \u00a0 \u00a0 \u00a0 \u00a0 \u00a0 \u00a0 \u00a0 \u00a0 \u00a0 \u00a0 \u00a0 \u00a0 \u00a0 \u00a0 \u00a0 \u00a0 \u00a0 \u00a0 \u00a0 \u00a0 \u00a0 \u00a020\u20ac \u00a0 \u00a0 \u00a0 \u00a0 \u00a0 \u00a0 30\u20ac \u00a0 \u00a0 \u00a0 \u00a0 \u00a0 \u00a0 \u00a0 40\u20ac \u00a0 \u00a0 \u00a0 \u00a0 \u00a0 \u00a0 \u00a0 \u00a030\u20ac<\/p>\n<p><span>Bateau \u00e0 rames<\/span> \u00a0 \u00a0 \u00a0 \u00a0 \u00a0 \u00a0 \u00a0 \u00a0 \u00a0 \u00a0 \u00a0 \u00a0 \u00a0 \u00a0 \u00a0 \u00a0 \u00a0 \u00a0 \u00a0 \u00a0 \u00a0 \u00a0 \u00a0 \u00a0 \u00a0 \u00a0 \u00a0 \u00a0 \u00a0 \u00a0 \u00a0 15\u20ac \u00a0 \u00a0 \u00a0 \u00a0 \u00a0 \u00a0 \u00a025\u20ac \u00a0 \u00a0 \u00a0 \u00a0 \u00a0 \u00a0 \u00a0 30\u20ac \u00a0 \u00a0 \u00a0 \u00a0 \u00a0 \u00a0 \u00a0 \u00a0 25\u20ac<\/p>\n<p><span>Planches de SUP<\/span> \u00a0 \u00a0 \u00a0 \u00a0 \u00a0 \u00a0 \u00a0 \u00a0 \u00a0 \u00a0 \u00a0 \u00a0 \u00a0 \u00a0 \u00a0 \u00a0 \u00a0 \u00a0 \u00a0 \u00a0 \u00a0 \u00a0 \u00a0 \u00a0 \u00a0 \u00a0 \u00a0 \u00a0 \u00a0 \u00a030\u20ac \u00a0 \u00a0 \u00a0 \u00a0 \u00a0 \u00a0 40\u20ac \u00a0 \u00a0 \u00a0 \u00a0 \u00a0 \u00a0 \u00a0 50\u20ac \u00a0 \u00a0 \u00a0 \u00a0 \u00a0 \u00a0 \u00a0 \u00a040\u20ac<\/p>\n<p>Fatbike, Trek Farley 5 \u00a0 \u00a0 \u00a0 \u00a0 \u00a0 \u00a0 \u00a0 \u00a0 \u00a0 \u00a0 \u00a0 \u00a0 \u00a0 \u00a0 \u00a0 \u00a0 \u00a0 \u00a0 \u00a0 \u00a0 \u00a0 \u00a0 \u00a0 \u00a0 \u00a0 \u00a0 30\u20ac \u00a0 \u00a0 \u00a0 \u00a0 \u00a0 \u00a0 40\u20ac \u00a0 \u00a0 \u00a0 \u00a0 \u00a0 \u00a0 \u00a0 50\u20ac \u00a0 \u00a0 \u00a0 \u00a0 \u00a0 \u00a0 \u00a0 \u00a040\u20ac<\/p>\n<p>VTT \u00e9lectrique tout suspendu \u00a0 \u00a0 \u00a0 \u00a0 \u00a0 \u00a0 \u00a0 \u00a0 \u00a0 \u00a0 \u00a0 \u00a0 \u00a0 \u00a0 \u00a0 \u00a0 \u00a0 \u00a060\u20ac \u00a0 \u00a0 \u00a0 \u00a0 \u00a0 \u00a0 80\u20ac \u00a0 \u00a0 \u00a0 \u00a0 \u00a0 \u00a0 \u00a0 \u00a095\u20ac \u00a0 \u00a0 \u00a0 \u00a0 \u00a0 \u00a0 \u00a0 \u00a080\u20ac<\/p>\n<p><span>Raquettes glissantes<\/span>\u00a0 \u00a0 \u00a0 \u00a0 \u00a0 \u00a0 \u00a0 \u00a0 \u00a0 \u00a0 \u00a0 \u00a0 \u00a0 \u00a0 \u00a0 \u00a0 \u00a0 \u00a0 \u00a0 \u00a0 \u00a0 \u00a0 \u00a0 \u00a0 \u00a0 \u00a0 \u00a020\u20ac \u00a0 \u00a0 \u00a0 \u00a0 \u00a0 \u00a0 25\u20ac \u00a0 \u00a0 \u00a0 \u00a0 \u00a0 \u00a0 \u00a0 \u00a035\u20ac \u00a0 \u00a0 \u00a0 \u00a0 \u00a0 \u00a0 \u00a0 \u00a025\u20ac<\/p>\n<p><span>\u00c9quipement de ski de fond (classique)<\/span>\u00a0 \u00a0 \u00a0 \u00a0 \u00a0 \u00a0 \u00a0 \u00a0 \u00a0 \u00a0 20\u20ac \u00a0 \u00a0 \u00a0 \u00a0 \u00a0 \u00a0 25\u20ac \u00a0 \u00a0 \u00a0 \u00a0 \u00a0 \u00a0 \u00a0 \u00a035\u20ac \u00a0 \u00a0 \u00a0 \u00a0 \u00a0 \u00a0 \u00a0 \u00a025\u20ac<\/p>\n<p><span>Raquettes \u00e0 neige<\/span>\u00a0 \u00a0 \u00a0 \u00a0 \u00a0 \u00a0 \u00a0 \u00a0 \u00a0 \u00a0 \u00a0 \u00a0 \u00a0 \u00a0 \u00a0 \u00a0 \u00a0 \u00a0 \u00a0 \u00a0 \u00a0 \u00a0 \u00a0 \u00a0 \u00a0 \u00a0 \u00a0 \u00a0 \u00a0 \u00a010\u20ac \u00a0 \u00a0 \u00a0 \u00a0 \u00a0 \u00a0 \u00a015\u20ac \u00a0 \u00a0 \u00a0 \u00a0 \u00a0 \u00a0 \u00a0 \u00a020\u20ac \u00a0 \u00a0 \u00a0 \u00a0 \u00a0 \u00a0 \u00a0 \u00a015\u20ac<\/p>\n<\/p>\n<p><strong>REMARQUE !<\/strong><br \/>La location des v\u00e9los en \u00e9t\u00e9 se fait uniquement pendant les heures d\u2019ouverture de la r\u00e9ception (retrait et retour), ce qui peut \u00eatre inf\u00e9rieur \u00e0 12h. En dehors de ces horaires, uniquement sur rendez-vous.<\/p>\n<p>Moins de 16 ans : uniquement accompagn\u00e9s par un parent (pour tout le mat\u00e9riel).<\/p>\n<p><strong>Pulka (tra\u00eeneau \u00e0 tirer)<\/strong> 35 \u20ac\/jour<\/p>\n<p><strong>B\u00e2tons de marche<\/strong> gratuits, d\u00e9p\u00f4t 10 \u20ac<\/p>\n<p><strong>Autres activit\u00e9s<\/strong><\/p>\n<ul>\n<li><strong>M\u00f6lkky<\/strong> d\u00e9p\u00f4t 10 \u20ac<\/li>\n<li><strong>P\u00e9tanque<\/strong> d\u00e9p\u00f4t 15 \u20ac<\/li>\n<li><strong>Tour dans la cour arri\u00e8re<\/strong> gratuit pour tous<\/li>\n<li><strong>Jeux de soci\u00e9t\u00e9<\/strong> pour tous les \u00e2ges !<\/li>\n<li><strong>Sauna au bord du lac<\/strong> \u00e0 partir de 30 \u20ac\/heure\/1\u20134 pers. + 2 \u20ac\/heure\/pers. suppl.<\/li>\n<\/ul>\n<\/div>\n<p><!--more--><br \/>\n<!-- {\"type\":\"layout\",\"children\":[{\"type\":\"section\",\"props\":{\"header_transparent\":false,\"header_transparent_noplaceholder\":true,\"height\":\"viewport\",\"height_viewport_offset\":true,\"image\":\"wp-content\/uploads\/2025\/04\/SUP-sunset-scaled-e1744267746657.jpg\",\"image_effect\":\"parallax\",\"image_loading\":true,\"image_parallax_bgy\":\"400\",\"image_position\":\"top-center\",\"image_size\":\"cover\",\"media_overlay\":\"rgba(0, 0, 0, 0.19)\",\"style\":\"default\",\"text_color\":\"light\",\"title_breakpoint\":\"xl\",\"title_position\":\"top-left\",\"title_rotation\":\"left\",\"vertical_align\":\"middle\",\"width\":\"default\"},\"children\":[{\"type\":\"row\",\"children\":[{\"type\":\"column\",\"props\":{\"image_position\":\"center-center\",\"position_sticky_breakpoint\":\"m\"},\"children\":[{\"type\":\"headline\",\"props\":{\"animation\":\"parallax\",\"content\":\"Nous louons\",\"image_align\":\"left\",\"image_margin\":\"xsmall\",\"parallax_blur\":\"50\",\"parallax_opacity\":\"1,0\",\"parallax_scale\":\"0.5\",\"text_align\":\"center\",\"title_element\":\"h1\",\"title_style\":\"heading-large\"}},{\"type\":\"headline\",\"props\":{\"animation\":\"parallax\",\"content\":\"du mat\u00e9riel et des jeux\",\"image_align\":\"left\",\"image_margin\":\"xsmall\",\"margin_top\":\"remove\",\"parallax_blur\":\"50\",\"parallax_opacity\":\"1,0\",\"parallax_scale\":\"0.5\",\"text_align\":\"center\",\"title_element\":\"h2\",\"title_style\":\"heading-small\"}}]}]}],\"name\":\"Hero\"},{\"type\":\"section\",\"props\":{\"image_position\":\"center-center\",\"padding_bottom\":\"large\",\"padding_top\":\"large\",\"style\":\"default\",\"title_breakpoint\":\"xl\",\"title_position\":\"top-left\",\"title_rotation\":\"left\",\"vertical_align\":\"\",\"width\":\"default\"},\"children\":[{\"type\":\"row\",\"props\":{\"width\":\"expand\"},\"children\":[{\"type\":\"column\",\"props\":{\"image_position\":\"center-center\",\"position_sticky_breakpoint\":\"m\",\"vertical_align\":\"middle\"},\"children\":[{\"type\":\"text\",\"props\":{\"column_breakpoint\":\"m\",\"content\":\"\n\n<p><strong>\u00a0 \u00a0 \u00a0 \u00a0 \u00a0 \u00a0 \u00a0 \u00a0 \u00a0 \u00a0 \u00a0 \u00a0 \u00a0 \u00a0 \u00a0 \u00a0 \u00a0 \u00a0 \u00a0 \u00a0 \u00a0 \u00a0 \u00a0 \u00a0 \u00a0 \u00a0 \u00a0 \u00a0 \u00a0 \u00a0 \u00a0 \u00a0 \u00a0 \u00a0 \u00a0 \u00a0 \u00a0 \u00a0 \u00a0 \u00a0 \u00a0 \u00a0 3h<\/strong>\u00a0 \u00a0 \u00a0 \u00a0 \u00a0 \u00a0 \u00a0 \u00a08<strong>h \u00a0 \u00a0 \u00a0 \u00a0 \u00a0 \u00a0 \u00a0 24h \u00a0 \u00a0 \u00a0 \u00a0 \u00a0 \u00a0 \u00a0 Nuit suppl.\u00a0<\/strong><\/p>\n\n\\n\n\n<p>Kayak \\\"monoplace\\\" \u00a0 \u00a0 \u00a0 \u00a0 \u00a0 \u00a0 \u00a0 \u00a0 \u00a0 \u00a0 \u00a0 \u00a0 \u00a0 \u00a0 \u00a0 \u00a0 \u00a0 \u00a0 \u00a0 \u00a0 \u00a0 \u00a0 \u00a0 \u00a0 \u00a0 \u00a0 15\u20ac \u00a0 \u00a0 \u00a0 \u00a0 \u00a0 \u00a0 \u00a025\u20ac \u00a0 \u00a0 \u00a0 \u00a0 \u00a0 \u00a0 \u00a0 30\u20ac \u00a0 \u00a0 \u00a0 \u00a0 \u00a0 \u00a0 \u00a0 \u00a0 25\u20ac<\/p>\n\n\\n\n\n<p>Cano\u00eb \u00a0 \u00a0 \u00a0 \u00a0 \u00a0 \u00a0 \u00a0 \u00a0 \u00a0 \u00a0 \u00a0 \u00a0 \u00a0 \u00a0 \u00a0 \u00a0 \u00a0 \u00a0 \u00a0 \u00a0 \u00a0 \u00a0 \u00a0 \u00a0 \u00a0 \u00a0 \u00a0 \u00a0 \u00a0 \u00a0 \u00a0 \u00a0 \u00a0 \u00a0 \u00a0 \u00a0 \u00a0 \u00a0 \u00a0 \u00a020\u20ac \u00a0 \u00a0 \u00a0 \u00a0 \u00a0 \u00a0 30\u20ac \u00a0 \u00a0 \u00a0 \u00a0 \u00a0 \u00a0 \u00a0 40\u20ac \u00a0 \u00a0 \u00a0 \u00a0 \u00a0 \u00a0 \u00a0 \u00a030\u20ac<\/p>\n\n\\n\n\n<p><span>Bateau \u00e0 rames<\/span> \u00a0 \u00a0 \u00a0 \u00a0 \u00a0 \u00a0 \u00a0 \u00a0 \u00a0 \u00a0 \u00a0 \u00a0 \u00a0 \u00a0 \u00a0 \u00a0 \u00a0 \u00a0 \u00a0 \u00a0 \u00a0 \u00a0 \u00a0 \u00a0 \u00a0 \u00a0 \u00a0 \u00a0 \u00a0 \u00a0 \u00a0 15\u20ac \u00a0 \u00a0 \u00a0 \u00a0 \u00a0 \u00a0 \u00a025\u20ac \u00a0 \u00a0 \u00a0 \u00a0 \u00a0 \u00a0 \u00a0 30\u20ac \u00a0 \u00a0 \u00a0 \u00a0 \u00a0 \u00a0 \u00a0 \u00a0 25\u20ac<\/p>\n\n\\n\n\n<p><span>Planches de SUP<\/span> \u00a0 \u00a0 \u00a0 \u00a0 \u00a0 \u00a0 \u00a0 \u00a0 \u00a0 \u00a0 \u00a0 \u00a0 \u00a0 \u00a0 \u00a0 \u00a0 \u00a0 \u00a0 \u00a0 \u00a0 \u00a0 \u00a0 \u00a0 \u00a0 \u00a0 \u00a0 \u00a0 \u00a0 \u00a0 \u00a030\u20ac \u00a0 \u00a0 \u00a0 \u00a0 \u00a0 \u00a0 40\u20ac \u00a0 \u00a0 \u00a0 \u00a0 \u00a0 \u00a0 \u00a0 50\u20ac \u00a0 \u00a0 \u00a0 \u00a0 \u00a0 \u00a0 \u00a0 \u00a040\u20ac<\/p>\n\n\\n\n\n<p>Fatbike, Trek Farley 5 \u00a0 \u00a0 \u00a0 \u00a0 \u00a0 \u00a0 \u00a0 \u00a0 \u00a0 \u00a0 \u00a0 \u00a0 \u00a0 \u00a0 \u00a0 \u00a0 \u00a0 \u00a0 \u00a0 \u00a0 \u00a0 \u00a0 \u00a0 \u00a0 \u00a0 \u00a0 30\u20ac \u00a0 \u00a0 \u00a0 \u00a0 \u00a0 \u00a0 40\u20ac \u00a0 \u00a0 \u00a0 \u00a0 \u00a0 \u00a0 \u00a0 50\u20ac \u00a0 \u00a0 \u00a0 \u00a0 \u00a0 \u00a0 \u00a0 \u00a040\u20ac<\/p>\n\n\\n\n\n<p>VTT \u00e9lectrique tout suspendu \u00a0 \u00a0 \u00a0 \u00a0 \u00a0 \u00a0 \u00a0 \u00a0 \u00a0 \u00a0 \u00a0 \u00a0 \u00a0 \u00a0 \u00a0 \u00a0 \u00a0 \u00a060\u20ac \u00a0 \u00a0 \u00a0 \u00a0 \u00a0 \u00a0 80\u20ac \u00a0 \u00a0 \u00a0 \u00a0 \u00a0 \u00a0 \u00a0 \u00a095\u20ac \u00a0 \u00a0 \u00a0 \u00a0 \u00a0 \u00a0 \u00a0 \u00a080\u20ac<\/p>\n\n\\n\n\n<p><span>Raquettes glissantes<\/span>\u00a0 \u00a0 \u00a0 \u00a0 \u00a0 \u00a0 \u00a0 \u00a0 \u00a0 \u00a0 \u00a0 \u00a0 \u00a0 \u00a0 \u00a0 \u00a0 \u00a0 \u00a0 \u00a0 \u00a0 \u00a0 \u00a0 \u00a0 \u00a0 \u00a0 \u00a0 \u00a020\u20ac \u00a0 \u00a0 \u00a0 \u00a0 \u00a0 \u00a0 25\u20ac \u00a0 \u00a0 \u00a0 \u00a0 \u00a0 \u00a0 \u00a0 \u00a035\u20ac \u00a0 \u00a0 \u00a0 \u00a0 \u00a0 \u00a0 \u00a0 \u00a025\u20ac<\/p>\n\n\\n\n\n<p><span>\u00c9quipement de ski de fond (classique)<\/span>\u00a0 \u00a0 \u00a0 \u00a0 \u00a0 \u00a0 \u00a0 \u00a0 \u00a0 \u00a0 20\u20ac \u00a0 \u00a0 \u00a0 \u00a0 \u00a0 \u00a0 25\u20ac \u00a0 \u00a0 \u00a0 \u00a0 \u00a0 \u00a0 \u00a0 \u00a035\u20ac \u00a0 \u00a0 \u00a0 \u00a0 \u00a0 \u00a0 \u00a0 \u00a025\u20ac<\/p>\n\n\\n\n\n<p><span>Raquettes \u00e0 neige<\/span>\u00a0 \u00a0 \u00a0 \u00a0 \u00a0 \u00a0 \u00a0 \u00a0 \u00a0 \u00a0 \u00a0 \u00a0 \u00a0 \u00a0 \u00a0 \u00a0 \u00a0 \u00a0 \u00a0 \u00a0 \u00a0 \u00a0 \u00a0 \u00a0 \u00a0 \u00a0 \u00a0 \u00a0 \u00a0 \u00a010\u20ac \u00a0 \u00a0 \u00a0 \u00a0 \u00a0 \u00a0 \u00a015\u20ac \u00a0 \u00a0 \u00a0 \u00a0 \u00a0 \u00a0 \u00a0 \u00a020\u20ac \u00a0 \u00a0 \u00a0 \u00a0 \u00a0 \u00a0 \u00a0 \u00a015\u20ac<\/p>\n\n\\n\n\n\n\n\\n\n\n\n\n\\n\n\n<p><strong>REMARQUE !<\/strong><br \/>La location des v\u00e9los en \u00e9t\u00e9 se fait uniquement pendant les heures d\u2019ouverture de la r\u00e9ception (retrait et retour), ce qui peut \u00eatre inf\u00e9rieur \u00e0 12h. En dehors de ces horaires, uniquement sur rendez-vous.<\/p>\n\n\\n\n\n<p>Moins de 16 ans : uniquement accompagn\u00e9s par un parent (pour tout le mat\u00e9riel).<\/p>\n\n\\n\n\n<p><strong>Pulka (tra\u00eeneau \u00e0 tirer)<\/strong> 35 \u20ac\/jour<\/p>\n\n\\n\n\n<p><strong>B\u00e2tons de marche<\/strong> gratuits, d\u00e9p\u00f4t 10 \u20ac<\/p>\n\n\\n\n\n<p><strong>Autres activit\u00e9s<\/strong><\/p>\n\n\\n\n\n<ul>\\n\n\n<li><strong>M\u00f6lkky<\/strong> d\u00e9p\u00f4t 10 \u20ac<\/li>\n\n\\n\n\n<li><strong>P\u00e9tanque<\/strong> d\u00e9p\u00f4t 15 \u20ac<\/li>\n\n\\n\n\n<li><strong>Tour dans la cour arri\u00e8re<\/strong> gratuit pour tous<\/li>\n\n\\n\n\n<li><strong>Jeux de soci\u00e9t\u00e9<\/strong> pour tous les \u00e2ges !<\/li>\n\n\\n\n\n<li><strong>Sauna au bord du lac<\/strong> \u00e0 partir de 30 \u20ac\/heure\/1\u20134 pers. + 2 \u20ac\/heure\/pers. suppl.<\/li>\n\n\\n<\/ul>\n\n\",\"margin_bottom\":\"default\",\"margin_top\":\"default\"}}]}]}]}],\"version\":\"5.0.22\"} --><\/p>\n","protected":false},"excerpt":{"rendered":"<p>Nous louons du mat\u00e9riel et des jeux \u00a0 \u00a0 \u00a0 \u00a0 \u00a0 \u00a0 \u00a0 \u00a0 \u00a0 \u00a0 \u00a0 \u00a0 \u00a0 \u00a0 \u00a0 \u00a0 \u00a0 \u00a0 \u00a0 \u00a0 \u00a0 \u00a0 \u00a0 \u00a0 \u00a0 \u00a0 \u00a0 \u00a0 \u00a0 \u00a0 \u00a0 \u00a0 \u00a0 \u00a0 \u00a0 \u00a0 \u00a0 \u00a0 \u00a0 \u00a0 \u00a0 \u00a0 3h\u00a0 \u00a0 \u00a0 \u00a0 \u00a0 \u00a0 [&hellip;]<\/p>\n","protected":false},"author":1,"featured_media":1722,"parent":0,"menu_order":0,"comment_status":"closed","ping_status":"closed","template":"","meta":{"_acf_changed":false,"footnotes":""},"class_list":["post-1721","page","type-page","status-publish","has-post-thumbnail","hentry"],"acf":[],"yoast_head":"<!-- This site is optimized with the Yoast SEO Premium plugin v27.1 (Yoast SEO v27.1.1) - https:\/\/yoast.com\/product\/yoast-seo-premium-wordpress\/ -->\n<title>Location de mat\u00e9riel - Hossan Lumo, Finlandais<\/title>\n<meta name=\"description\" content=\"Vuokraamme ymp\u00e4ri vuoden ulkoiluvarusteita, esimerkiksi suksia, fatbikeja, SUP-lautoja jne. Lis\u00e4ksi majoittujana voit lainata veloituksetta ulkopelej\u00e4.\" \/>\n<meta name=\"robots\" content=\"index, follow, max-snippet:-1, max-image-preview:large, max-video-preview:-1\" \/>\n<link rel=\"canonical\" href=\"https:\/\/www.hossanlumo.fi\/fr\/location-de-materiel\/\" \/>\n<meta property=\"og:locale\" content=\"fr_FR\" \/>\n<meta property=\"og:type\" content=\"article\" \/>\n<meta property=\"og:title\" content=\"Location de mat\u00e9riel\" \/>\n<meta property=\"og:description\" content=\"Vuokraamme ymp\u00e4ri vuoden ulkoiluvarusteita, esimerkiksi suksia, fatbikeja, SUP-lautoja jne. Lis\u00e4ksi majoittujana voit lainata veloituksetta ulkopelej\u00e4.\" \/>\n<meta property=\"og:url\" content=\"https:\/\/www.hossanlumo.fi\/fr\/location-de-materiel\/\" \/>\n<meta property=\"og:site_name\" content=\"Hossan Lumo\" \/>\n<meta property=\"article:publisher\" content=\"https:\/\/www.facebook.com\/\" \/>\n<meta property=\"article:modified_time\" content=\"2026-04-08T07:30:22+00:00\" \/>\n<meta property=\"og:image\" content=\"https:\/\/www.hossanlumo.fi\/wp-content\/uploads\/2025\/04\/Canoe-cabins-scaled-e1744268093348.jpg\" \/>\n\t<meta property=\"og:image:width\" content=\"1920\" \/>\n\t<meta property=\"og:image:height\" content=\"1440\" \/>\n\t<meta property=\"og:image:type\" content=\"image\/jpeg\" \/>\n<meta name=\"twitter:card\" content=\"summary_large_image\" \/>\n<meta name=\"twitter:label1\" content=\"Dur\u00e9e de lecture estim\u00e9e\" \/>\n\t<meta name=\"twitter:data1\" content=\"1 minute\" \/>\n<script type=\"application\/ld+json\" class=\"yoast-schema-graph\">{\"@context\":\"https:\/\/schema.org\",\"@graph\":[{\"@type\":\"WebPage\",\"@id\":\"https:\/\/www.hossanlumo.fi\/fr\/location-de-materiel\/\",\"url\":\"https:\/\/www.hossanlumo.fi\/fr\/location-de-materiel\/\",\"name\":\"Location de mat\u00e9riel - Hossan Lumo, Finlandais\",\"isPartOf\":{\"@id\":\"https:\/\/www.hossanlumo.fi\/fr\/#website\"},\"primaryImageOfPage\":{\"@id\":\"https:\/\/www.hossanlumo.fi\/fr\/location-de-materiel\/#primaryimage\"},\"image\":{\"@id\":\"https:\/\/www.hossanlumo.fi\/fr\/location-de-materiel\/#primaryimage\"},\"thumbnailUrl\":\"https:\/\/www.hossanlumo.fi\/wp-content\/uploads\/2025\/04\/Canoe-cabins-scaled-e1744268093348.jpg\",\"datePublished\":\"2024-10-08T07:15:07+00:00\",\"dateModified\":\"2026-04-08T07:30:22+00:00\",\"description\":\"Vuokraamme ymp\u00e4ri vuoden ulkoiluvarusteita, esimerkiksi suksia, fatbikeja, SUP-lautoja jne. Lis\u00e4ksi majoittujana voit lainata veloituksetta ulkopelej\u00e4.\",\"breadcrumb\":{\"@id\":\"https:\/\/www.hossanlumo.fi\/fr\/location-de-materiel\/#breadcrumb\"},\"inLanguage\":\"fr-FR\",\"potentialAction\":[{\"@type\":\"ReadAction\",\"target\":[\"https:\/\/www.hossanlumo.fi\/fr\/location-de-materiel\/\"]}]},{\"@type\":\"ImageObject\",\"inLanguage\":\"fr-FR\",\"@id\":\"https:\/\/www.hossanlumo.fi\/fr\/location-de-materiel\/#primaryimage\",\"url\":\"https:\/\/www.hossanlumo.fi\/wp-content\/uploads\/2025\/04\/Canoe-cabins-scaled-e1744268093348.jpg\",\"contentUrl\":\"https:\/\/www.hossanlumo.fi\/wp-content\/uploads\/2025\/04\/Canoe-cabins-scaled-e1744268093348.jpg\",\"width\":1920,\"height\":1440,\"caption\":\"Canoeing in Hossanlahti in Hossan Lumo near Hossa National Park\"},{\"@type\":\"BreadcrumbList\",\"@id\":\"https:\/\/www.hossanlumo.fi\/fr\/location-de-materiel\/#breadcrumb\",\"itemListElement\":[{\"@type\":\"ListItem\",\"position\":1,\"name\":\"Etusivu\",\"item\":\"https:\/\/www.hossanlumo.fi\/fr\/\"},{\"@type\":\"ListItem\",\"position\":2,\"name\":\"Location de mat\u00e9riel\"}]},{\"@type\":\"WebSite\",\"@id\":\"https:\/\/www.hossanlumo.fi\/fr\/#website\",\"url\":\"https:\/\/www.hossanlumo.fi\/fr\/\",\"name\":\"Hossan Lumo\",\"description\":\"Majoitusta ja leirint\u00e4alue Hossassa\",\"publisher\":{\"@id\":\"https:\/\/www.hossanlumo.fi\/fr\/#organization\"},\"alternateName\":\"Majoitusta Hossan kansallispuiston vieress\u00e4, leirint\u00e4alue\",\"potentialAction\":[{\"@type\":\"SearchAction\",\"target\":{\"@type\":\"EntryPoint\",\"urlTemplate\":\"https:\/\/www.hossanlumo.fi\/fr\/?s={search_term_string}\"},\"query-input\":{\"@type\":\"PropertyValueSpecification\",\"valueRequired\":true,\"valueName\":\"search_term_string\"}}],\"inLanguage\":\"fr-FR\"},{\"@type\":[\"Organization\",\"Place\",\"LodgingBusiness\"],\"@id\":\"https:\/\/www.hossanlumo.fi\/fr\/#organization\",\"name\":\"Hossan Lumo, Finnland\",\"alternateName\":\"Majoitusta Hossan kansallispuiston maisemissa\",\"url\":\"https:\/\/www.hossanlumo.fi\/fr\/\",\"logo\":{\"@id\":\"https:\/\/www.hossanlumo.fi\/fr\/location-de-materiel\/#local-main-organization-logo\"},\"image\":{\"@id\":\"https:\/\/www.hossanlumo.fi\/fr\/location-de-materiel\/#local-main-organization-logo\"},\"sameAs\":[\"https:\/\/www.facebook.com\/\",\"https:\/\/www.instagram.com\/\"],\"ownershipFundingInfo\":\"https:\/\/www.hossanlumo.fi\/de\/kontakt\/\",\"address\":{\"@id\":\"https:\/\/www.hossanlumo.fi\/fr\/location-de-materiel\/#local-main-place-address\"},\"geo\":{\"@type\":\"GeoCoordinates\",\"latitude\":\"65.44267285711369\",\"longitude\":\"29.551533221541924\"},\"telephone\":[\"+358 500 166 377\"],\"contactPoint\":{\"@type\":\"ContactPoint\",\"telephone\":\"+358 500 166 377\",\"email\":\"info@hossanlumo.fi\"},\"openingHoursSpecification\":[{\"@type\":\"OpeningHoursSpecification\",\"dayOfWeek\":[\"Monday\",\"Tuesday\",\"Wednesday\",\"Thursday\",\"Friday\",\"Saturday\",\"Sunday\"],\"opens\":\"09:00\",\"closes\":\"17:00\"}],\"email\":\"info@hossanlumo.fi\",\"vatID\":\"2725305-9\"},{\"@type\":\"PostalAddress\",\"@id\":\"https:\/\/www.hossanlumo.fi\/fr\/location-de-materiel\/#local-main-place-address\",\"streetAddress\":\"Lumontie 3\",\"addressLocality\":\"Ruhtinansalmi\",\"postalCode\":\"89920\",\"addressCountry\":\"FI\"},{\"@type\":\"ImageObject\",\"inLanguage\":\"fr-FR\",\"@id\":\"https:\/\/www.hossanlumo.fi\/fr\/location-de-materiel\/#local-main-organization-logo\",\"url\":\"https:\/\/www.hossanlumo.fi\/wp-content\/uploads\/2025\/08\/hossanlumo-logo-vari-pysty.png\",\"contentUrl\":\"https:\/\/www.hossanlumo.fi\/wp-content\/uploads\/2025\/08\/hossanlumo-logo-vari-pysty.png\",\"width\":500,\"height\":353,\"caption\":\"Hossan Lumo, Finnland\"}]}<\/script>\n<meta name=\"geo.placename\" content=\"Ruhtinansalmi\" \/>\n<meta name=\"geo.position\" content=\"65.44267285711369;29.551533221541924\" \/>\n<meta name=\"geo.region\" content=\"Finlande\" \/>\n<!-- \/ Yoast SEO Premium plugin. -->","yoast_head_json":{"title":"Location de mat\u00e9riel - Hossan Lumo, Finlandais","description":"Vuokraamme ymp\u00e4ri vuoden ulkoiluvarusteita, esimerkiksi suksia, fatbikeja, SUP-lautoja jne. Lis\u00e4ksi majoittujana voit lainata veloituksetta ulkopelej\u00e4.","robots":{"index":"index","follow":"follow","max-snippet":"max-snippet:-1","max-image-preview":"max-image-preview:large","max-video-preview":"max-video-preview:-1"},"canonical":"https:\/\/www.hossanlumo.fi\/fr\/location-de-materiel\/","og_locale":"fr_FR","og_type":"article","og_title":"Location de mat\u00e9riel","og_description":"Vuokraamme ymp\u00e4ri vuoden ulkoiluvarusteita, esimerkiksi suksia, fatbikeja, SUP-lautoja jne. Lis\u00e4ksi majoittujana voit lainata veloituksetta ulkopelej\u00e4.","og_url":"https:\/\/www.hossanlumo.fi\/fr\/location-de-materiel\/","og_site_name":"Hossan Lumo","article_publisher":"https:\/\/www.facebook.com\/","article_modified_time":"2026-04-08T07:30:22+00:00","og_image":[{"width":1920,"height":1440,"url":"https:\/\/www.hossanlumo.fi\/wp-content\/uploads\/2025\/04\/Canoe-cabins-scaled-e1744268093348.jpg","type":"image\/jpeg"}],"twitter_card":"summary_large_image","twitter_misc":{"Dur\u00e9e de lecture estim\u00e9e":"1 minute"},"schema":{"@context":"https:\/\/schema.org","@graph":[{"@type":"WebPage","@id":"https:\/\/www.hossanlumo.fi\/fr\/location-de-materiel\/","url":"https:\/\/www.hossanlumo.fi\/fr\/location-de-materiel\/","name":"Location de mat\u00e9riel - Hossan Lumo, Finlandais","isPartOf":{"@id":"https:\/\/www.hossanlumo.fi\/fr\/#website"},"primaryImageOfPage":{"@id":"https:\/\/www.hossanlumo.fi\/fr\/location-de-materiel\/#primaryimage"},"image":{"@id":"https:\/\/www.hossanlumo.fi\/fr\/location-de-materiel\/#primaryimage"},"thumbnailUrl":"https:\/\/www.hossanlumo.fi\/wp-content\/uploads\/2025\/04\/Canoe-cabins-scaled-e1744268093348.jpg","datePublished":"2024-10-08T07:15:07+00:00","dateModified":"2026-04-08T07:30:22+00:00","description":"Vuokraamme ymp\u00e4ri vuoden ulkoiluvarusteita, esimerkiksi suksia, fatbikeja, SUP-lautoja jne. Lis\u00e4ksi majoittujana voit lainata veloituksetta ulkopelej\u00e4.","breadcrumb":{"@id":"https:\/\/www.hossanlumo.fi\/fr\/location-de-materiel\/#breadcrumb"},"inLanguage":"fr-FR","potentialAction":[{"@type":"ReadAction","target":["https:\/\/www.hossanlumo.fi\/fr\/location-de-materiel\/"]}]},{"@type":"ImageObject","inLanguage":"fr-FR","@id":"https:\/\/www.hossanlumo.fi\/fr\/location-de-materiel\/#primaryimage","url":"https:\/\/www.hossanlumo.fi\/wp-content\/uploads\/2025\/04\/Canoe-cabins-scaled-e1744268093348.jpg","contentUrl":"https:\/\/www.hossanlumo.fi\/wp-content\/uploads\/2025\/04\/Canoe-cabins-scaled-e1744268093348.jpg","width":1920,"height":1440,"caption":"Canoeing in Hossanlahti in Hossan Lumo near Hossa National Park"},{"@type":"BreadcrumbList","@id":"https:\/\/www.hossanlumo.fi\/fr\/location-de-materiel\/#breadcrumb","itemListElement":[{"@type":"ListItem","position":1,"name":"Etusivu","item":"https:\/\/www.hossanlumo.fi\/fr\/"},{"@type":"ListItem","position":2,"name":"Location de mat\u00e9riel"}]},{"@type":"WebSite","@id":"https:\/\/www.hossanlumo.fi\/fr\/#website","url":"https:\/\/www.hossanlumo.fi\/fr\/","name":"Hossan Lumo","description":"Majoitusta ja leirint\u00e4alue Hossassa","publisher":{"@id":"https:\/\/www.hossanlumo.fi\/fr\/#organization"},"alternateName":"Majoitusta Hossan kansallispuiston vieress\u00e4, leirint\u00e4alue","potentialAction":[{"@type":"SearchAction","target":{"@type":"EntryPoint","urlTemplate":"https:\/\/www.hossanlumo.fi\/fr\/?s={search_term_string}"},"query-input":{"@type":"PropertyValueSpecification","valueRequired":true,"valueName":"search_term_string"}}],"inLanguage":"fr-FR"},{"@type":["Organization","Place","LodgingBusiness"],"@id":"https:\/\/www.hossanlumo.fi\/fr\/#organization","name":"Hossan Lumo, Finnland","alternateName":"Majoitusta Hossan kansallispuiston maisemissa","url":"https:\/\/www.hossanlumo.fi\/fr\/","logo":{"@id":"https:\/\/www.hossanlumo.fi\/fr\/location-de-materiel\/#local-main-organization-logo"},"image":{"@id":"https:\/\/www.hossanlumo.fi\/fr\/location-de-materiel\/#local-main-organization-logo"},"sameAs":["https:\/\/www.facebook.com\/","https:\/\/www.instagram.com\/"],"ownershipFundingInfo":"https:\/\/www.hossanlumo.fi\/de\/kontakt\/","address":{"@id":"https:\/\/www.hossanlumo.fi\/fr\/location-de-materiel\/#local-main-place-address"},"geo":{"@type":"GeoCoordinates","latitude":"65.44267285711369","longitude":"29.551533221541924"},"telephone":["+358 500 166 377"],"contactPoint":{"@type":"ContactPoint","telephone":"+358 500 166 377","email":"info@hossanlumo.fi"},"openingHoursSpecification":[{"@type":"OpeningHoursSpecification","dayOfWeek":["Monday","Tuesday","Wednesday","Thursday","Friday","Saturday","Sunday"],"opens":"09:00","closes":"17:00"}],"email":"info@hossanlumo.fi","vatID":"2725305-9"},{"@type":"PostalAddress","@id":"https:\/\/www.hossanlumo.fi\/fr\/location-de-materiel\/#local-main-place-address","streetAddress":"Lumontie 3","addressLocality":"Ruhtinansalmi","postalCode":"89920","addressCountry":"FI"},{"@type":"ImageObject","inLanguage":"fr-FR","@id":"https:\/\/www.hossanlumo.fi\/fr\/location-de-materiel\/#local-main-organization-logo","url":"https:\/\/www.hossanlumo.fi\/wp-content\/uploads\/2025\/08\/hossanlumo-logo-vari-pysty.png","contentUrl":"https:\/\/www.hossanlumo.fi\/wp-content\/uploads\/2025\/08\/hossanlumo-logo-vari-pysty.png","width":500,"height":353,"caption":"Hossan Lumo, Finnland"}]},"geo.placename":"Ruhtinansalmi","geo.position":{"lat":"65.44267285711369","long":"29.551533221541924"},"geo.region":"Finlande"},"_links":{"self":[{"href":"https:\/\/www.hossanlumo.fi\/fr\/wp-json\/wp\/v2\/pages\/1721","targetHints":{"allow":["GET"]}}],"collection":[{"href":"https:\/\/www.hossanlumo.fi\/fr\/wp-json\/wp\/v2\/pages"}],"about":[{"href":"https:\/\/www.hossanlumo.fi\/fr\/wp-json\/wp\/v2\/types\/page"}],"author":[{"embeddable":true,"href":"https:\/\/www.hossanlumo.fi\/fr\/wp-json\/wp\/v2\/users\/1"}],"replies":[{"embeddable":true,"href":"https:\/\/www.hossanlumo.fi\/fr\/wp-json\/wp\/v2\/comments?post=1721"}],"version-history":[{"count":8,"href":"https:\/\/www.hossanlumo.fi\/fr\/wp-json\/wp\/v2\/pages\/1721\/revisions"}],"predecessor-version":[{"id":2410,"href":"https:\/\/www.hossanlumo.fi\/fr\/wp-json\/wp\/v2\/pages\/1721\/revisions\/2410"}],"wp:featuredmedia":[{"embeddable":true,"href":"https:\/\/www.hossanlumo.fi\/fr\/wp-json\/wp\/v2\/media\/1722"}],"wp:attachment":[{"href":"https:\/\/www.hossanlumo.fi\/fr\/wp-json\/wp\/v2\/media?parent=1721"}],"curies":[{"name":"wp","href":"https:\/\/api.w.org\/{rel}","templated":true}]}}